{"id":7,"date":"2023-04-19T10:33:59","date_gmt":"2023-04-19T06:33:59","guid":{"rendered":"https:\/\/myseychellesparadise.com\/?page_id=7"},"modified":"2023-04-19T10:33:59","modified_gmt":"2023-04-19T06:33:59","slug":"mein-seychellen-paradies","status":"publish","type":"page","link":"https:\/\/myseychellesparadise.com\/fr\/","title":{"rendered":"Un coin de paradis"},"content":{"rendered":"<div class=\"wp-block-columns is-layout-flex wp-container-3 wp-block-columns-is-layout-flex\">\n<div class=\"wp-block-column is-layout-flow wp-block-column-is-layout-flow\">\n<h4 class=\"wp-block-heading has-text-align-center\"><strong>Bienvenue \u00e0 Mah\u00e9, l'\u00eele principale des Seychelles dans l'oc\u00e9an Indien.<\/strong><\/h4>\n\n\n\n<p>Vous avez ici l'occasion unique au monde d'acqu\u00e9rir un petit coin de paradis. Devenez copropri\u00e9taire de notre \"Ferme du tr\u00e9sor\" dans les montagnes de Mah\u00e9, o\u00f9 poussent fruits, l\u00e9gumes, \u00e9pices et fleurs. <\/p>\n\n\n\n<p>En m\u00eame temps que votre copropri\u00e9t\u00e9, vous \u00eates autoris\u00e9 \u00e0 utiliser le grand et extraordinaire titre de noblesse \"Lord of Anse Boileau\" \u00e0 partir de maintenant. Les dames re\u00e7oivent le titre de \"Dame de l'Anse Boileau\".<\/p>\n\n\n\n<p>Avec l'achat de votre certificat, vous soutenez en m\u00eame temps tout le village autour de la ferme et aidez les habitants \u00e0 pouvoir continuer \u00e0 s'approvisionner gratuitement dans ce jardin d'Eden.<\/p>\n<\/div>\n\n\n\n<div class=\"wp-block-column is-layout-flow wp-block-column-is-layout-flow\">\n<figure class=\"wp-block-image size-large is-resized is-style-default\"><img decoding=\"async\" loading=\"lazy\" src=\"https:\/\/myseychellesparadise.com\/wp-content\/uploads\/2021\/05\/Certificate_Seychelles_Lord-1024x706.png\" alt=\"\" class=\"wp-image-10301\" width=\"512\" height=\"353\" srcset=\"https:\/\/myseychellesparadise.com\/wp-content\/uploads\/2021\/05\/Certificate_Seychelles_Lord-1024x706.png 1024w, https:\/\/myseychellesparadise.com\/wp-content\/uploads\/2021\/05\/Certificate_Seychelles_Lord-300x207.png 300w, https:\/\/myseychellesparadise.com\/wp-content\/uploads\/2021\/05\/Certificate_Seychelles_Lord-768x529.png 768w, https:\/\/myseychellesparadise.com\/wp-content\/uploads\/2021\/05\/Certificate_Seychelles_Lord-1536x1059.png 1536w, https:\/\/myseychellesparadise.com\/wp-content\/uploads\/2021\/05\/Certificate_Seychelles_Lord-16x12.png 16w, https:\/\/myseychellesparadise.com\/wp-content\/uploads\/2021\/05\/Certificate_Seychelles_Lord-465x320.png 465w, https:\/\/myseychellesparadise.com\/wp-content\/uploads\/2021\/05\/Certificate_Seychelles_Lord-695x479.png 695w, https:\/\/myseychellesparadise.com\/wp-content\/uploads\/2021\/05\/Certificate_Seychelles_Lord-600x414.png 600w, https:\/\/myseychellesparadise.com\/wp-content\/uploads\/2021\/05\/Certificate_Seychelles_Lord.png 1654w\" sizes=\"(max-width: 512px) 100vw, 512px\" \/><\/figure>\n<\/div>\n<\/div>\n\n\n\n<hr class=\"wp-block-separator has-text-color has-vivid-green-cyan-color has-css-opacity has-vivid-green-cyan-background-color has-background aligncenter\"\/>\n\n\n\n<h2 class=\"wp-block-heading\"><strong>De quoi s'agit-il ?<\/strong><\/h2>\n\n\n\n<p><strong>Avec Jonathan, nous vous proposons une copropri\u00e9t\u00e9 de \"The Treasure Farm\" aux Seychelles. Avec l'achat, vous avez droit au titre de Lord ou Lady de l'Anse Boileau et vous soutenez directement la ferme.<\/strong><\/p>\n\n\n\n<p>On peut tout trouver sur ce terrain unique, des bananes, de la cannelle, des citrons, des piments, des papayes, trois vari\u00e9t\u00e9s diff\u00e9rentes de cocotiers, des herbes comme le thym et l'origan, etc. En outre, il offre une vue imprenable sur la baie de l'Anse Boileau, qui pr\u00e9sente un coucher de soleil de r\u00eave le soir venu.<\/p>\n\n\n\n<p>Les habitants viennent de tout le quartier pour aider \u00e0 planter et \u00e0 r\u00e9colter. Pendant les p\u00e9riodes difficiles que le Covid-19 a \u00e9galement apport\u00e9es aux Seychelles, Treasure Farm a rempli le r\u00f4le important de servir de source de nourriture vitale pour le quartier. Jonathan a partag\u00e9 tous ses tr\u00e9sors avec tout le monde, sans jamais penser \u00e0 prendre quelque chose en retour. Cela refl\u00e8te l'interaction chaleureuse et socialement juste que tous les Seychellois partagent.<\/p>\n\n\n\n<hr class=\"wp-block-separator has-text-color has-vivid-green-cyan-color has-css-opacity has-vivid-green-cyan-background-color has-background\"\/>\n\n\n<div class=\"wp-block-image\">\n<figure class=\"aligncenter size-large\"><img decoding=\"async\" loading=\"lazy\" width=\"1024\" height=\"576\" src=\"https:\/\/myseychellesparadise.com\/wp-content\/uploads\/2021\/05\/2-3-1024x576.jpg\" alt=\"Buy a piece of paradise\" class=\"wp-image-192\" srcset=\"https:\/\/myseychellesparadise.com\/wp-content\/uploads\/2021\/05\/2-3-1024x576.jpg 1024w, https:\/\/myseychellesparadise.com\/wp-content\/uploads\/2021\/05\/2-3-300x169.jpg 300w, https:\/\/myseychellesparadise.com\/wp-content\/uploads\/2021\/05\/2-3-600x337.jpg 600w, https:\/\/myseychellesparadise.com\/wp-content\/uploads\/2021\/05\/2-3-768x432.jpg 768w, https:\/\/myseychellesparadise.com\/wp-content\/uploads\/2021\/05\/2-3-16x9.jpg 16w, https:\/\/myseychellesparadise.com\/wp-content\/uploads\/2021\/05\/2-3.jpg 1416w\" sizes=\"(max-width: 1024px) 100vw, 1024px\" \/><\/figure><\/div>\n\n\n<br>\n\n\n\n<p>\u00c0 la ferme du tr\u00e9sor, les fruits et l\u00e9gumes frais sont disponibles toute l'ann\u00e9e. L'offre varie l\u00e9g\u00e8rement d'une saison \u00e0 l'autre, mais la plupart des fruits poussent pendant tous les mois. En outre, Jonathan dispose d'un grand lit avec un large \u00e9ventail d'\u00e9pices telles que la vanille, la cannelle, le clou de girofle, la noix de muscade, la citronnelle, le patchouli et le piment, le gingembre et l'ail.<\/p>\n\n\n\n<br>\n\n\n<div class=\"wp-block-image\">\n<figure class=\"aligncenter size-large\"><img decoding=\"async\" loading=\"lazy\" width=\"1024\" height=\"576\" src=\"https:\/\/myseychellesparadise.com\/wp-content\/uploads\/2021\/05\/5-1-1024x576.jpg\" alt=\"\" class=\"wp-image-198\" srcset=\"https:\/\/myseychellesparadise.com\/wp-content\/uploads\/2021\/05\/5-1-1024x576.jpg 1024w, https:\/\/myseychellesparadise.com\/wp-content\/uploads\/2021\/05\/5-1-300x169.jpg 300w, https:\/\/myseychellesparadise.com\/wp-content\/uploads\/2021\/05\/5-1-600x338.jpg 600w, https:\/\/myseychellesparadise.com\/wp-content\/uploads\/2021\/05\/5-1-768x432.jpg 768w, https:\/\/myseychellesparadise.com\/wp-content\/uploads\/2021\/05\/5-1-1536x864.jpg 1536w, https:\/\/myseychellesparadise.com\/wp-content\/uploads\/2021\/05\/5-1-16x9.jpg 16w, https:\/\/myseychellesparadise.com\/wp-content\/uploads\/2021\/05\/5-1.jpg 1600w\" sizes=\"(max-width: 1024px) 100vw, 1024px\" \/><\/figure><\/div>\n\n\n<p><strong>En collaboration avec terra presenta, Jonathan vous propose d\u00e9sormais une copropri\u00e9t\u00e9 de sa ferme.<\/strong><\/p>\n\n\n\n<p>Vous devenez copropri\u00e9taire de ce coin de paradis aux Seychelles. En achetant, vous soutenez Jonathan et tous ses voisins directement et sans d\u00e9tours, afin de pouvoir acheter des semences, des syst\u00e8mes d'irrigation, des \u00e9quipements et bien d'autres choses encore pour les besoins de l'agriculture.<\/p>\n\n\n\n<p>Vous recevrez un magnifique certificat, qui vous donne \u00e0 la fois la copropri\u00e9t\u00e9 et le droit de porter le titre \"<strong>Seigneur ou Dame de l'Anse Boileau<\/strong>\" et une brochure informative avec de nombreuses photos et impressions de la ferme. Tout est r\u00e9uni dans une pochette cadeau. Il s'agit non seulement d'une id\u00e9e de cadeau belle et sociale, mais le certificat de rendez-vous attire \u00e9galement l'attention dans votre salon. Vous pouvez d\u00e9j\u00e0 vous r\u00e9jouir d'annoncer \u00e0 vos visiteurs que vous poss\u00e9dez une ferme aux Seychelles en tant que Lord ou Lady.<\/p>\n\n\n\n<hr class=\"wp-block-separator has-text-color has-vivid-green-cyan-color has-css-opacity has-vivid-green-cyan-background-color has-background\"\/>\n\n\n\n<h4 class=\"wp-block-heading has-text-align-center\"><strong><a href=\"https:\/\/noble-society.net\/en\/product-category\/seychellen-lord-farm\/\" data-type=\"page\" data-id=\"26\">Acheter maintenant<\/a><\/strong><\/h4>\n\n\n\n<p><\/p>","protected":false},"excerpt":{"rendered":"<p>Bienvenue \u00e0 Mah\u00e9, l'\u00eele principale des Seychelles dans l'oc\u00e9an Indien Vous avez ici l'opportunit\u00e9 unique au monde d'acqu\u00e9rir un petit coin de paradis. Devenez copropri\u00e9taire de notre \"The Treasure Farm\" dans les montagnes de Mah\u00e9, o\u00f9 poussent des fruits, des l\u00e9gumes, des \u00e9pices et des fleurs. Avec votre<span class=\"more-link\"><a href=\"https:\/\/myseychellesparadise.com\/fr\/\">Continue Reading<\/a><\/span><\/p>","protected":false},"author":1,"featured_media":0,"parent":0,"menu_order":0,"comment_status":"closed","ping_status":"closed","template":"","meta":{"footnotes":""},"_links":{"self":[{"href":"https:\/\/myseychellesparadise.com\/fr\/wp-json\/wp\/v2\/pages\/7"}],"collection":[{"href":"https:\/\/myseychellesparadise.com\/fr\/wp-json\/wp\/v2\/pages"}],"about":[{"href":"https:\/\/myseychellesparadise.com\/fr\/wp-json\/wp\/v2\/types\/page"}],"author":[{"embeddable":true,"href":"https:\/\/myseychellesparadise.com\/fr\/wp-json\/wp\/v2\/users\/1"}],"replies":[{"embeddable":true,"href":"https:\/\/myseychellesparadise.com\/fr\/wp-json\/wp\/v2\/comments?post=7"}],"version-history":[{"count":53,"href":"https:\/\/myseychellesparadise.com\/fr\/wp-json\/wp\/v2\/pages\/7\/revisions"}],"predecessor-version":[{"id":10494,"href":"https:\/\/myseychellesparadise.com\/fr\/wp-json\/wp\/v2\/pages\/7\/revisions\/10494"}],"wp:attachment":[{"href":"https:\/\/myseychellesparadise.com\/fr\/wp-json\/wp\/v2\/media?parent=7"}],"curies":[{"name":"wp","href":"https:\/\/api.w.org\/{rel}","templated":true}]}}