{"id":21,"date":"2021-04-28T07:39:43","date_gmt":"2021-04-28T05:39:43","guid":{"rendered":"https:\/\/myseychellesparadise.com\/?page_id=21"},"modified":"2021-06-02T17:11:13","modified_gmt":"2021-06-02T13:11:13","slug":"about-us","status":"publish","type":"page","link":"https:\/\/myseychellesparadise.com\/fr\/about-us\/","title":{"rendered":"A propos de nous"},"content":{"rendered":"<p><strong>Terra Presenta Ltd - titres de noblesse du monde entier<\/strong><\/p>\n\n\n\n<div class=\"wp-block-columns is-layout-flex wp-container-3 wp-block-columns-is-layout-flex\">\n<div class=\"wp-block-column is-layout-flow wp-block-column-is-layout-flow\" style=\"flex-basis:33.33%\">\n<p>Avec plus de 20 ans d'exp\u00e9rience dans la vente de titres nobles du monde entier, nous sommes tr\u00e8s heureux que vous nous ayez trouv\u00e9s. Parmi nos offres fantastiques, nous proposons \u00e0 nos tr\u00e8s chers clients des titres de noblesse irlandais, fran\u00e7ais, allemands, africains, arabes et m\u00eame russes. Notre gamme s'enrichit constamment de nouveaux titres passionnants.<\/p>\n\n\n\n<p>Mais nous ne nous contentons pas de vendre des titres nobles, nous proposons \u00e9galement de participer \u00e0 de grands projets. Vous souhaitez poss\u00e9der un verger aux Seychelles ? Ou une plantation de caf\u00e9 au Kenya ? Tout cela et bien d'autres choses encore font partie de notre offre.<\/p>\n<\/div>\n\n\n\n<div class=\"wp-block-column is-layout-flow wp-block-column-is-layout-flow\" style=\"flex-basis:66.66%\">\n<figure class=\"wp-block-image size-large\"><img decoding=\"async\" src=\"https:\/\/tsartitle.tsartitles.com\/wp-content\/uploads\/2021\/06\/terra-logo.jpg\" alt=\"\" class=\"wp-image-16723\"\/><\/figure>\n<\/div>\n<\/div>\n\n\n\n<p><strong>Oui ! Mais... comment ?<\/strong><\/p>\n\n\n\n<p>Nous soutenons des exploitations agricoles en Afrique, en Asie et dans certaines r\u00e9gions d'Am\u00e9rique latine par des investissements cibl\u00e9s. Notre travail se concentre sur les fermes et les plantations qui sont confront\u00e9es \u00e0 des d\u00e9fis dus aux changements \u00e9conomiques dans leur environnement. Ici, nous vous aidons \u00e0 r\u00e9aliser des investissements simples. En tant qu'entreprise ind\u00e9pendante en contact direct avec les agriculteurs et les propri\u00e9taires de plantations, nous pouvons agir rapidement et individuellement sans grand effort administratif. Dans de nombreux pays, il existe une grande injustice qui d\u00e9savantage les agriculteurs locaux. Dans les r\u00e9gions les plus pauvres du monde, les biens d'usage quotidien sont principalement vendus par de grandes entreprises. Cela n'est pas d\u00fb \u00e0 un manque de ressources, mais au fait que les grandes entreprises rendent la culture locale non rentable en pratiquant des prix de dumping. Notre travail commence exactement l\u00e0. Gr\u00e2ce \u00e0 l'initiative locale, nous soutenons directement l'agriculteur et donc toute la r\u00e9gion. Nous voulons permettre aux agriculteurs d'op\u00e9rer de mani\u00e8re rentable. Notre objectif est de permettre aux partenaires de d\u00e9terminer de mani\u00e8re ind\u00e9pendante leur voie de d\u00e9veloppement en \u0153uvrant pour le progr\u00e8s \u00e9conomique, \u00e9cologique et social mondial.<\/p>\n\n\n\n<p>Si vous souhaitez participer \u00e0 un projet, nous vous proposons une copropri\u00e9t\u00e9 symbolique d'une plantation ou d'une ferme. Vous recevrez un beau et magnifique titre de propri\u00e9t\u00e9 et, dans de nombreux cas, un titre de noblesse qui l'accompagne. Vous soutenez ainsi directement le projet en question et disposez d'un acte encadr\u00e9 dans votre salon, qui ne manquera pas de susciter l'\u00e9tonnement et de faire jaser.<\/p>\n\n\n\n<hr class=\"wp-block-separator has-text-color has-background has-vivid-green-cyan-background-color has-vivid-green-cyan-color\"\/>\n\n\n\n<p><strong>terra presenta ltd.<br><\/strong>Suite 10, 3\u00e8me \u00e9tage<br>La Ciotat, Mont Fleuri<br>Mah\u00e9, Seychelles<\/p>\n\n\n\n<p>Courriel : shop@terrapresenta.com<br>Whatsapp : +248 256 24 49<\/p>","protected":false},"excerpt":{"rendered":"<p>Terra Presenta Ltd - titres de noblesse du monde entier Avec plus de 20 ans d'exp\u00e9rience dans la vente de titres de noblesse du monde entier, nous sommes tr\u00e8s heureux que vous nous ayez trouv\u00e9s. Parmi nos offres fantastiques, on trouve l'irlandais, le fran\u00e7ais, l'allemand, l'africain, l'arabe, et m\u00eame<span class=\"more-link\"><a href=\"https:\/\/myseychellesparadise.com\/fr\/about-us\/\">Continue Reading<\/a><\/span><\/p>","protected":false},"author":1,"featured_media":0,"parent":0,"menu_order":0,"comment_status":"closed","ping_status":"closed","template":"","meta":{"footnotes":""},"_links":{"self":[{"href":"https:\/\/myseychellesparadise.com\/fr\/wp-json\/wp\/v2\/pages\/21"}],"collection":[{"href":"https:\/\/myseychellesparadise.com\/fr\/wp-json\/wp\/v2\/pages"}],"about":[{"href":"https:\/\/myseychellesparadise.com\/fr\/wp-json\/wp\/v2\/types\/page"}],"author":[{"embeddable":true,"href":"https:\/\/myseychellesparadise.com\/fr\/wp-json\/wp\/v2\/users\/1"}],"replies":[{"embeddable":true,"href":"https:\/\/myseychellesparadise.com\/fr\/wp-json\/wp\/v2\/comments?post=21"}],"version-history":[{"count":10,"href":"https:\/\/myseychellesparadise.com\/fr\/wp-json\/wp\/v2\/pages\/21\/revisions"}],"predecessor-version":[{"id":10319,"href":"https:\/\/myseychellesparadise.com\/fr\/wp-json\/wp\/v2\/pages\/21\/revisions\/10319"}],"wp:attachment":[{"href":"https:\/\/myseychellesparadise.com\/fr\/wp-json\/wp\/v2\/media?parent=21"}],"curies":[{"name":"wp","href":"https:\/\/api.w.org\/{rel}","templated":true}]}}