{"id":19,"date":"2023-04-19T10:34:15","date_gmt":"2023-04-19T06:34:15","guid":{"rendered":"https:\/\/myseychellesparadise.com\/?page_id=19"},"modified":"2023-04-19T10:34:15","modified_gmt":"2023-04-19T06:34:15","slug":"die-plantage","status":"publish","type":"page","link":"https:\/\/myseychellesparadise.com\/fr\/die-plantage\/","title":{"rendered":"La ferme aux tr\u00e9sors"},"content":{"rendered":"<p><strong>Bienvenue \u00e0 l'onirique Paradise Farm, situ\u00e9e dans les montagnes de l'\u00eele principale de Mah\u00e9, qui refl\u00e8te \u00e0 la perfection la magnifique richesse des diff\u00e9rentes plantes, \u00e9pices et herbes r\u00e9gionales. <\/strong><\/p>\n\n\n\n<p>On peut tout trouver sur ce terrain unique, des bananes, de la cannelle, des citrons, des piments, des papayes, trois vari\u00e9t\u00e9s diff\u00e9rentes de cocotiers, des herbes comme le thym et l'origan, etc. En outre, il offre une vue imprenable sur la baie de l'Anse Boileau, qui pr\u00e9sente un coucher de soleil de r\u00eave le soir venu.<\/p>\n\n\n<div class=\"wp-block-image\">\n<figure class=\"aligncenter size-large\"><img decoding=\"async\" loading=\"lazy\" width=\"1024\" height=\"576\" src=\"https:\/\/myseychellesparadise.com\/wp-content\/uploads\/2021\/05\/2-1024x576.jpg\" alt=\"\" class=\"wp-image-76\" srcset=\"https:\/\/myseychellesparadise.com\/wp-content\/uploads\/2021\/05\/2-1024x576.jpg 1024w, https:\/\/myseychellesparadise.com\/wp-content\/uploads\/2021\/05\/2-scaled-300x169.jpg 300w, https:\/\/myseychellesparadise.com\/wp-content\/uploads\/2021\/05\/2-scaled-600x338.jpg 600w, https:\/\/myseychellesparadise.com\/wp-content\/uploads\/2021\/05\/2-768x432.jpg 768w, https:\/\/myseychellesparadise.com\/wp-content\/uploads\/2021\/05\/2-1536x864.jpg 1536w, https:\/\/myseychellesparadise.com\/wp-content\/uploads\/2021\/05\/2-2048x1152.jpg 2048w, https:\/\/myseychellesparadise.com\/wp-content\/uploads\/2021\/05\/2-16x9.jpg 16w\" sizes=\"(max-width: 1024px) 100vw, 1024px\" \/><\/figure><\/div>\n\n\n<p>La Treasure Farm est situ\u00e9e dans les montagnes de Mah\u00e9, \u00e0 proximit\u00e9 imm\u00e9diate de la baie d'Anse Boileau, qui offre un coucher de soleil enchanteur le soir venu. Faites partie de ce paradis de r\u00eave et soutenez directement la population locale. <\/p>\n\n\n<div class=\"wp-block-image\">\n<figure class=\"aligncenter size-large\"><img decoding=\"async\" loading=\"lazy\" width=\"1024\" height=\"768\" src=\"https:\/\/myseychellesparadise.com\/wp-content\/uploads\/2021\/05\/4-1-1024x768.jpg\" alt=\"Treasure Farm\" class=\"wp-image-140\" srcset=\"https:\/\/myseychellesparadise.com\/wp-content\/uploads\/2021\/05\/4-1-1024x768.jpg 1024w, https:\/\/myseychellesparadise.com\/wp-content\/uploads\/2021\/05\/4-1-scaled-300x225.jpg 300w, https:\/\/myseychellesparadise.com\/wp-content\/uploads\/2021\/05\/4-1-scaled-600x450.jpg 600w, https:\/\/myseychellesparadise.com\/wp-content\/uploads\/2021\/05\/4-1-768x576.jpg 768w, https:\/\/myseychellesparadise.com\/wp-content\/uploads\/2021\/05\/4-1-1536x1152.jpg 1536w, https:\/\/myseychellesparadise.com\/wp-content\/uploads\/2021\/05\/4-1-2048x1536.jpg 2048w, https:\/\/myseychellesparadise.com\/wp-content\/uploads\/2021\/05\/4-1-16x12.jpg 16w\" sizes=\"(max-width: 1024px) 100vw, 1024px\" \/><\/figure><\/div>\n\n\n<p><\/p>\n\n\n\n<p>Toute l'ann\u00e9e, Treasure Farm cultive les plus beaux fruits et l\u00e9gumes originaires de la r\u00e9gion de l'oc\u00e9an Indien. Jonathan et ses amis du quartier s'occupent des plantes et r\u00e9coltent des fruits sains et nutritifs d'une qualit\u00e9 biologique unique. Sans aucun produit chimique, juste le bon savoir-faire et beaucoup d'amour et de d\u00e9vouement, tout le voisinage profite de la ferme.<\/p>\n\n\n<div class=\"wp-block-image\">\n<figure class=\"aligncenter size-large\"><img decoding=\"async\" loading=\"lazy\" width=\"1024\" height=\"576\" src=\"https:\/\/myseychellesparadise.com\/wp-content\/uploads\/2021\/05\/06banana-1024x576.jpg\" alt=\"Treasure Farm\" class=\"wp-image-136\" srcset=\"https:\/\/myseychellesparadise.com\/wp-content\/uploads\/2021\/05\/06banana-1024x576.jpg 1024w, https:\/\/myseychellesparadise.com\/wp-content\/uploads\/2021\/05\/06banana-scaled-300x169.jpg 300w, https:\/\/myseychellesparadise.com\/wp-content\/uploads\/2021\/05\/06banana-scaled-600x338.jpg 600w, https:\/\/myseychellesparadise.com\/wp-content\/uploads\/2021\/05\/06banana-768x432.jpg 768w, https:\/\/myseychellesparadise.com\/wp-content\/uploads\/2021\/05\/06banana-1536x864.jpg 1536w, https:\/\/myseychellesparadise.com\/wp-content\/uploads\/2021\/05\/06banana-2048x1152.jpg 2048w, https:\/\/myseychellesparadise.com\/wp-content\/uploads\/2021\/05\/06banana-16x9.jpg 16w\" sizes=\"(max-width: 1024px) 100vw, 1024px\" \/><\/figure><\/div>\n\n\n<p><\/p>\n\n\n\n<p>Pendant les p\u00e9riodes difficiles que le Covid-19 a \u00e9galement apport\u00e9es aux Seychelles, Treasure Farm a rempli le r\u00f4le important de source de nourriture vitale pour le quartier. Jonathan a partag\u00e9 tous ses tr\u00e9sors avec tout le monde, sans jamais penser \u00e0 prendre quelque chose en retour. Cela refl\u00e8te l'interaction chaleureuse et socialement juste que tous les Seychellois partagent.<\/p>\n\n\n<div class=\"wp-block-image\">\n<figure class=\"aligncenter size-large\"><img decoding=\"async\" loading=\"lazy\" width=\"1024\" height=\"768\" src=\"https:\/\/myseychellesparadise.com\/wp-content\/uploads\/2021\/05\/1-1-1024x768.jpg\" alt=\"Buy Treasure Farm\" class=\"wp-image-137\" srcset=\"https:\/\/myseychellesparadise.com\/wp-content\/uploads\/2021\/05\/1-1-1024x768.jpg 1024w, https:\/\/myseychellesparadise.com\/wp-content\/uploads\/2021\/05\/1-1-scaled-300x225.jpg 300w, https:\/\/myseychellesparadise.com\/wp-content\/uploads\/2021\/05\/1-1-scaled-600x450.jpg 600w, https:\/\/myseychellesparadise.com\/wp-content\/uploads\/2021\/05\/1-1-768x576.jpg 768w, https:\/\/myseychellesparadise.com\/wp-content\/uploads\/2021\/05\/1-1-1536x1152.jpg 1536w, https:\/\/myseychellesparadise.com\/wp-content\/uploads\/2021\/05\/1-1-2048x1536.jpg 2048w, https:\/\/myseychellesparadise.com\/wp-content\/uploads\/2021\/05\/1-1-16x12.jpg 16w\" sizes=\"(max-width: 1024px) 100vw, 1024px\" \/><\/figure><\/div>\n\n\n<hr class=\"wp-block-separator has-text-color has-vivid-green-cyan-color has-css-opacity has-vivid-green-cyan-background-color has-background\"\/>\n\n\n<div class=\"wp-block-image\">\n<figure class=\"aligncenter size-large\"><img decoding=\"async\" loading=\"lazy\" width=\"1024\" height=\"768\" src=\"https:\/\/myseychellesparadise.com\/wp-content\/uploads\/2021\/05\/3-2-1024x768.jpg\" alt=\"Buy Seychelles Property\" class=\"wp-image-139\" srcset=\"https:\/\/myseychellesparadise.com\/wp-content\/uploads\/2021\/05\/3-2-1024x768.jpg 1024w, https:\/\/myseychellesparadise.com\/wp-content\/uploads\/2021\/05\/3-2-scaled-300x225.jpg 300w, https:\/\/myseychellesparadise.com\/wp-content\/uploads\/2021\/05\/3-2-scaled-600x450.jpg 600w, https:\/\/myseychellesparadise.com\/wp-content\/uploads\/2021\/05\/3-2-768x576.jpg 768w, https:\/\/myseychellesparadise.com\/wp-content\/uploads\/2021\/05\/3-2-1536x1152.jpg 1536w, https:\/\/myseychellesparadise.com\/wp-content\/uploads\/2021\/05\/3-2-2048x1536.jpg 2048w, https:\/\/myseychellesparadise.com\/wp-content\/uploads\/2021\/05\/3-2-16x12.jpg 16w\" sizes=\"(max-width: 1024px) 100vw, 1024px\" \/><\/figure><\/div>\n\n\n<hr class=\"wp-block-separator has-text-color has-vivid-green-cyan-color has-css-opacity has-vivid-green-cyan-background-color has-background\"\/>\n\n\n<div class=\"wp-block-image\">\n<figure class=\"aligncenter size-large\"><img decoding=\"async\" loading=\"lazy\" width=\"1024\" height=\"768\" src=\"https:\/\/myseychellesparadise.com\/wp-content\/uploads\/2021\/05\/8-1024x768.jpg\" alt=\"Treasure Farm Herbs\" class=\"wp-image-88\" srcset=\"https:\/\/myseychellesparadise.com\/wp-content\/uploads\/2021\/05\/8-1024x768.jpg 1024w, https:\/\/myseychellesparadise.com\/wp-content\/uploads\/2021\/05\/8-scaled-300x225.jpg 300w, https:\/\/myseychellesparadise.com\/wp-content\/uploads\/2021\/05\/8-scaled-600x450.jpg 600w, https:\/\/myseychellesparadise.com\/wp-content\/uploads\/2021\/05\/8-768x576.jpg 768w, https:\/\/myseychellesparadise.com\/wp-content\/uploads\/2021\/05\/8-1536x1152.jpg 1536w, https:\/\/myseychellesparadise.com\/wp-content\/uploads\/2021\/05\/8-2048x1536.jpg 2048w, https:\/\/myseychellesparadise.com\/wp-content\/uploads\/2021\/05\/8-16x12.jpg 16w\" sizes=\"(max-width: 1024px) 100vw, 1024px\" \/><\/figure><\/div>\n\n\n<hr class=\"wp-block-separator has-text-color has-vivid-green-cyan-color has-css-opacity has-vivid-green-cyan-background-color has-background\"\/>\n\n\n<div class=\"wp-block-image\">\n<figure class=\"aligncenter size-large\"><img decoding=\"async\" loading=\"lazy\" width=\"1024\" height=\"576\" src=\"https:\/\/myseychellesparadise.com\/wp-content\/uploads\/2021\/05\/05ausblick2-1024x576.jpg\" alt=\"Buy a piece of paradise\" class=\"wp-image-135\" srcset=\"https:\/\/myseychellesparadise.com\/wp-content\/uploads\/2021\/05\/05ausblick2-1024x576.jpg 1024w, https:\/\/myseychellesparadise.com\/wp-content\/uploads\/2021\/05\/05ausblick2-scaled-300x169.jpg 300w, https:\/\/myseychellesparadise.com\/wp-content\/uploads\/2021\/05\/05ausblick2-scaled-600x337.jpg 600w, https:\/\/myseychellesparadise.com\/wp-content\/uploads\/2021\/05\/05ausblick2-768x432.jpg 768w, https:\/\/myseychellesparadise.com\/wp-content\/uploads\/2021\/05\/05ausblick2-1536x863.jpg 1536w, https:\/\/myseychellesparadise.com\/wp-content\/uploads\/2021\/05\/05ausblick2-2048x1151.jpg 2048w, https:\/\/myseychellesparadise.com\/wp-content\/uploads\/2021\/05\/05ausblick2-16x9.jpg 16w\" sizes=\"(max-width: 1024px) 100vw, 1024px\" \/><\/figure><\/div>\n\n\n<hr class=\"wp-block-separator has-text-color has-vivid-green-cyan-color has-css-opacity has-vivid-green-cyan-background-color has-background\"\/>\n\n\n<div class=\"wp-block-image\">\n<figure class=\"aligncenter size-large\"><img decoding=\"async\" loading=\"lazy\" width=\"1024\" height=\"576\" src=\"https:\/\/myseychellesparadise.com\/wp-content\/uploads\/2021\/05\/5-1-1024x576.jpg\" alt=\"Buy a piece of paradise\" class=\"wp-image-198\" srcset=\"https:\/\/myseychellesparadise.com\/wp-content\/uploads\/2021\/05\/5-1-1024x576.jpg 1024w, https:\/\/myseychellesparadise.com\/wp-content\/uploads\/2021\/05\/5-1-300x169.jpg 300w, https:\/\/myseychellesparadise.com\/wp-content\/uploads\/2021\/05\/5-1-600x338.jpg 600w, https:\/\/myseychellesparadise.com\/wp-content\/uploads\/2021\/05\/5-1-768x432.jpg 768w, https:\/\/myseychellesparadise.com\/wp-content\/uploads\/2021\/05\/5-1-1536x864.jpg 1536w, https:\/\/myseychellesparadise.com\/wp-content\/uploads\/2021\/05\/5-1-16x9.jpg 16w, https:\/\/myseychellesparadise.com\/wp-content\/uploads\/2021\/05\/5-1.jpg 1600w\" sizes=\"(max-width: 1024px) 100vw, 1024px\" \/><\/figure><\/div>\n\n\n<hr class=\"wp-block-separator has-text-color has-vivid-green-cyan-color has-css-opacity has-vivid-green-cyan-background-color has-background\"\/>\n\n\n\n<p><strong>Bien entendu, vous \u00eates toujours les bienvenus pour passer une journ\u00e9e avec Jonathan dans \"votre\" ferme. <\/strong><\/p>\n\n\n\n<p>Faites griller un \"vivaneau rouge\" ensemble, buvez un jus de fruits frais \u00e0 base d'oranges fra\u00eechement cueillies et admirez le coucher de soleil \u00e0 couper le souffle. Le meilleur ami de Jonathan, Jockey, se fera un plaisir de vous conduire de votre h\u00f4tel \u00e0 la ferme et de vous y ramener le soir. Jockey propose \u00e9galement de fantastiques visites de l'\u00eele et vous permet de d\u00e9couvrir toutes les plages de r\u00eave de l'\u00eele de Mah\u00e9.<\/p>\n\n\n<div class=\"wp-block-image is-style-rounded\">\n<figure class=\"aligncenter size-large\"><img decoding=\"async\" loading=\"lazy\" width=\"1024\" height=\"683\" src=\"https:\/\/myseychellesparadise.com\/wp-content\/uploads\/2021\/05\/09JockJon-1024x683.jpg\" alt=\"\" class=\"wp-image-146\" srcset=\"https:\/\/myseychellesparadise.com\/wp-content\/uploads\/2021\/05\/09JockJon-1024x683.jpg 1024w, https:\/\/myseychellesparadise.com\/wp-content\/uploads\/2021\/05\/09JockJon-scaled-300x200.jpg 300w, https:\/\/myseychellesparadise.com\/wp-content\/uploads\/2021\/05\/09JockJon-scaled-600x400.jpg 600w, https:\/\/myseychellesparadise.com\/wp-content\/uploads\/2021\/05\/09JockJon-768x512.jpg 768w, https:\/\/myseychellesparadise.com\/wp-content\/uploads\/2021\/05\/09JockJon-1536x1024.jpg 1536w, https:\/\/myseychellesparadise.com\/wp-content\/uploads\/2021\/05\/09JockJon-2048x1365.jpg 2048w, https:\/\/myseychellesparadise.com\/wp-content\/uploads\/2021\/05\/09JockJon-16x12.jpg 16w\" sizes=\"(max-width: 1024px) 100vw, 1024px\" \/><figcaption class=\"wp-element-caption\">Jockey &amp; Jonathan<\/figcaption><\/figure><\/div>\n\n\n<hr class=\"wp-block-separator has-text-color has-vivid-green-cyan-color has-css-opacity has-vivid-green-cyan-background-color has-background\"\/>\n\n\n\n<p>Rejoignez-nous pour un petit voyage \u00e0 travers les Seychelles jusqu'\u00e0 la ferme du tr\u00e9sor.<\/p>\n\n\n\n<p><\/p>\n\n\n\n<figure class=\"wp-block-embed aligncenter is-type-video is-provider-youtube wp-block-embed-youtube wp-embed-aspect-16-9 wp-has-aspect-ratio\"><div class=\"wp-block-embed__wrapper\">\n<iframe loading=\"lazy\" title=\"Seychelles - Acheter un morceau de paradis\" width=\"1260\" height=\"709\" src=\"https:\/\/www.youtube.com\/embed\/MGnKHpwK2Vc?feature=oembed\" frameborder=\"0\" allow=\"accelerometer; autoplay; clipboard-write; encrypted-media; gyroscope; picture-in-picture\" allowfullscreen><\/iframe>\n<\/div><\/figure>","protected":false},"excerpt":{"rendered":"<p>Bienvenue \u00e0 la magnifique ferme Paradis situ\u00e9e dans les montagnes de l'\u00eele principale de Mah\u00e9, qui refl\u00e8te \u00e0 la perfection la grande richesse des diff\u00e9rentes plantes, \u00e9pices et herbes r\u00e9gionales. Tout, des bananes aux herbes comme le thym, l'origan, en passant par la cannelle, les citrons, les poivrons, les papayes et trois vari\u00e9t\u00e9s de cocotiers, etc.<span class=\"more-link\"><a href=\"https:\/\/myseychellesparadise.com\/fr\/die-plantage\/\">Continue Reading<\/a><\/span><\/p>","protected":false},"author":1,"featured_media":0,"parent":0,"menu_order":0,"comment_status":"closed","ping_status":"closed","template":"","meta":{"footnotes":""},"_links":{"self":[{"href":"https:\/\/myseychellesparadise.com\/fr\/wp-json\/wp\/v2\/pages\/19"}],"collection":[{"href":"https:\/\/myseychellesparadise.com\/fr\/wp-json\/wp\/v2\/pages"}],"about":[{"href":"https:\/\/myseychellesparadise.com\/fr\/wp-json\/wp\/v2\/types\/page"}],"author":[{"embeddable":true,"href":"https:\/\/myseychellesparadise.com\/fr\/wp-json\/wp\/v2\/users\/1"}],"replies":[{"embeddable":true,"href":"https:\/\/myseychellesparadise.com\/fr\/wp-json\/wp\/v2\/comments?post=19"}],"version-history":[{"count":28,"href":"https:\/\/myseychellesparadise.com\/fr\/wp-json\/wp\/v2\/pages\/19\/revisions"}],"predecessor-version":[{"id":10497,"href":"https:\/\/myseychellesparadise.com\/fr\/wp-json\/wp\/v2\/pages\/19\/revisions\/10497"}],"wp:attachment":[{"href":"https:\/\/myseychellesparadise.com\/fr\/wp-json\/wp\/v2\/media?parent=19"}],"curies":[{"name":"wp","href":"https:\/\/api.w.org\/{rel}","templated":true}]}}