{"id":17,"date":"2023-04-19T10:34:10","date_gmt":"2023-04-19T06:34:10","guid":{"rendered":"https:\/\/myseychellesparadise.com\/?page_id=17"},"modified":"2023-04-19T10:34:10","modified_gmt":"2023-04-19T06:34:10","slug":"seychellen","status":"publish","type":"page","link":"https:\/\/myseychellesparadise.com\/fr\/seychellen\/","title":{"rendered":"Seychelles"},"content":{"rendered":"<p><\/p>\n\n\n\n<div class=\"wp-block-columns is-layout-flex wp-container-3 wp-block-columns-is-layout-flex\">\n<div class=\"wp-block-column is-layout-flow wp-block-column-is-layout-flow\" style=\"flex-basis:33.33%\">\n<p class=\"has-text-align-left\"><strong>Les Seychelles, sont un des v\u00e9ritables paradis de cette terre, qui enchantent non seulement par une \u00e9norme biodiversit\u00e9, mais surtout par les Seychellois multiculturels et multiethniques, qui vivent une ouverture cordiale.<\/strong><\/p>\n\n\n\n<p>En raison de l'\u00e9loignement des \u00eeles et de la distance qui les s\u00e9pare du continent, un \u00e9cosyst\u00e8me unique a \u00e9t\u00e9 cr\u00e9\u00e9, qui a pu se d\u00e9velopper sans aucune influence et qui poss\u00e8de toujours une flore et une faune uniques.<\/p>\n\n\n\n<p>Chaque \u00eele poss\u00e8de une topographie et des caract\u00e9ristiques uniques, qui ont donn\u00e9 naissance \u00e0 un grand nombre d'animaux et de plantes rares.<\/p>\n<\/div>\n\n\n\n<div class=\"wp-block-column is-layout-flow wp-block-column-is-layout-flow\" style=\"flex-basis:66.66%\"><div class=\"wp-block-image\">\n<figure class=\"aligncenter size-large is-resized\"><a href=\"https:\/\/myseychellesparadise.com\/wp-content\/uploads\/2021\/05\/80259497_m.jpg\" target=\"_blank\" rel=\"noopener\"><img decoding=\"async\" loading=\"lazy\" src=\"https:\/\/myseychellesparadise.com\/wp-content\/uploads\/2021\/05\/80259497_m-1024x955.jpg\" alt=\"\" class=\"wp-image-104\" width=\"512\" height=\"478\" srcset=\"https:\/\/myseychellesparadise.com\/wp-content\/uploads\/2021\/05\/80259497_m-1024x955.jpg 1024w, https:\/\/myseychellesparadise.com\/wp-content\/uploads\/2021\/05\/80259497_m-300x280.jpg 300w, https:\/\/myseychellesparadise.com\/wp-content\/uploads\/2021\/05\/80259497_m-600x560.jpg 600w, https:\/\/myseychellesparadise.com\/wp-content\/uploads\/2021\/05\/80259497_m-768x717.jpg 768w, https:\/\/myseychellesparadise.com\/wp-content\/uploads\/2021\/05\/80259497_m-1536x1433.jpg 1536w, https:\/\/myseychellesparadise.com\/wp-content\/uploads\/2021\/05\/80259497_m-2048x1911.jpg 2048w, https:\/\/myseychellesparadise.com\/wp-content\/uploads\/2021\/05\/80259497_m-13x12.jpg 13w\" sizes=\"(max-width: 512px) 100vw, 512px\" \/><\/a><figcaption class=\"wp-element-caption\"><strong>Cliquez pour agrandir<\/strong><\/figcaption><\/figure><\/div><\/div>\n<\/div>\n\n\n\n<h3 class=\"wp-block-heading\">Situation unique, flore et faune<\/h3>\n\n\n\n<p>L'un des exemples les plus connus est le Coco de Mer, \u00e9galement connu sous le nom de palmier des Seychelles. Sa forme inhabituelle de double noix, qui ressemble au bassin f\u00e9minin, poss\u00e8de la plus grande graine de tout le monde v\u00e9g\u00e9tal. Pour admirer ce palmier particulier, il faut se rendre sur les petites \u00eeles de Praslin et Curieuse, car on les trouve rarement sur l'\u00eele principale de Mah\u00e9 ou La Digue. Les Seychelles abritent \u00e9galement le rare arbre aux m\u00e9duses, la tortue la plus lourde du monde et la minuscule grenouille arboricole des Seychelles.<\/p>\n\n\n<div class=\"wp-block-image\">\n<figure class=\"aligncenter size-large\"><img decoding=\"async\" loading=\"lazy\" width=\"1024\" height=\"683\" src=\"https:\/\/myseychellesparadise.com\/wp-content\/uploads\/2021\/05\/53695550_m-1024x683.jpg\" alt=\"Buy Seychelles\" class=\"wp-image-103\" srcset=\"https:\/\/myseychellesparadise.com\/wp-content\/uploads\/2021\/05\/53695550_m-1024x683.jpg 1024w, https:\/\/myseychellesparadise.com\/wp-content\/uploads\/2021\/05\/53695550_m-300x200.jpg 300w, https:\/\/myseychellesparadise.com\/wp-content\/uploads\/2021\/05\/53695550_m-600x400.jpg 600w, https:\/\/myseychellesparadise.com\/wp-content\/uploads\/2021\/05\/53695550_m-768x512.jpg 768w, https:\/\/myseychellesparadise.com\/wp-content\/uploads\/2021\/05\/53695550_m-1536x1025.jpg 1536w, https:\/\/myseychellesparadise.com\/wp-content\/uploads\/2021\/05\/53695550_m-2048x1366.jpg 2048w, https:\/\/myseychellesparadise.com\/wp-content\/uploads\/2021\/05\/53695550_m-16x12.jpg 16w\" sizes=\"(max-width: 1024px) 100vw, 1024px\" \/><\/figure><\/div>\n\n\n<h3 class=\"wp-block-heading\">Premier r\u00e8glement<\/h3>\n\n\n\n<p>Lorsque les Fran\u00e7ais ont d\u00e9couvert et colonis\u00e9 ces magnifiques \u00eeles, ils ont \u00e9t\u00e9 tellement impressionn\u00e9s par la beaut\u00e9 des for\u00eats qu'elles ont m\u00eame \u00e9t\u00e9 appel\u00e9es \"Ile de Abondance\" sur les premi\u00e8res cartes marines, ce qui signifie \"Ile d'Abondance\".<\/p>\n\n\n\n<p>Les Seychelles d'aujourd'hui sont un v\u00e9ritable paradis de r\u00eave, malgr\u00e9 les changements qui se sont produits progressivement \u00e0 la suite de la colonisation en 1770. Les plantations de noix de coco ont \u00e9t\u00e9 syst\u00e9matiquement cultiv\u00e9es et des plantes cultiv\u00e9es ont \u00e9t\u00e9 introduites, comme la cannelle de Madagascar ou la vanille d'Am\u00e9rique centrale. Cependant, ces deux plantes ne sont plus cultiv\u00e9es en grandes quantit\u00e9s, car d'une part, la culture de la cannelle s'est av\u00e9r\u00e9e non rentable en raison du faible prix du march\u00e9 mondial et, d'autre part, la vanille cultiv\u00e9e, une esp\u00e8ce d'orchid\u00e9e, est en grande partie morte \u00e0 cause des maladies. Par cons\u00e9quent, la vanille n'est que peu export\u00e9e aujourd'hui.<\/p>\n\n\n\n<p>Cependant, sur certaines \u00eeles granitiques, on peut encore trouver la vanille sauvage avec ses belles fleurs de couleur saumon. De m\u00eame, on trouve de plus petites quantit\u00e9s de clous de girofle dans les r\u00e9gions montagneuses plus \u00e9lev\u00e9es des Seychelles. Toute la vari\u00e9t\u00e9 des fruits tropicaux qui poussent sur les \u00eeles, tels que la mangue, l'ananas, la goyave, la banane, la noix de coco, le litchi, l'arbre \u00e0 pain, la papaye, le corosol et les fruits du bilimbi (concombre), se trouve sur le charmant march\u00e9 color\u00e9 de Victoria.<\/p>\n\n\n<div class=\"wp-block-image\">\n<figure class=\"aligncenter size-large\"><img decoding=\"async\" loading=\"lazy\" width=\"1024\" height=\"675\" src=\"https:\/\/myseychellesparadise.com\/wp-content\/uploads\/2021\/05\/40019073_m-1024x675.jpg\" alt=\"Seychelles Paradise\" class=\"wp-image-102\" srcset=\"https:\/\/myseychellesparadise.com\/wp-content\/uploads\/2021\/05\/40019073_m-1024x675.jpg 1024w, https:\/\/myseychellesparadise.com\/wp-content\/uploads\/2021\/05\/40019073_m-300x198.jpg 300w, https:\/\/myseychellesparadise.com\/wp-content\/uploads\/2021\/05\/40019073_m-600x396.jpg 600w, https:\/\/myseychellesparadise.com\/wp-content\/uploads\/2021\/05\/40019073_m-768x506.jpg 768w, https:\/\/myseychellesparadise.com\/wp-content\/uploads\/2021\/05\/40019073_m-1536x1013.jpg 1536w, https:\/\/myseychellesparadise.com\/wp-content\/uploads\/2021\/05\/40019073_m-2048x1350.jpg 2048w, https:\/\/myseychellesparadise.com\/wp-content\/uploads\/2021\/05\/40019073_m-16x12.jpg 16w\" sizes=\"(max-width: 1024px) 100vw, 1024px\" \/><figcaption class=\"wp-element-caption\">Enchant\u00e9, impressionnant, \u00e0 couper le souffle et diversifi\u00e9 sont des descriptions qui ne rendent pas justice \u00e0 sa v\u00e9ritable beaut\u00e9. Il n'est donc pas \u00e9tonnant que les habitants accueillent les visiteurs avec les mots \"Bienvenue au paradis\".<\/figcaption><\/figure><\/div>\n\n\n<p><strong>Influence de la direction<\/strong><\/p>\n\n\n\n<p>Le cocotier est une plante qui demande tr\u00e8s peu d'entretien et qui est enti\u00e8rement exploitable, d'o\u00f9 son grand int\u00e9r\u00eat \u00e9conomique. Du tronc, qui est utilis\u00e9 pour la fabrication de meubles, en passant par les feuilles, qui sont transform\u00e9es en toitures, ainsi que les fibres, qui sont utilis\u00e9es comme mat\u00e9riau de remplissage des coussins et des matelas, jusqu'aux noix de coco, dont la chair s\u00e9ch\u00e9e est extraite de l'huile de coco, il y a peu de plantes qui peuvent \u00eatre aussi compl\u00e8tement utilis\u00e9es. Il n'est donc pas surprenant que les plantations de cocotiers aient d\u00e9plac\u00e9 des parties consid\u00e9rables des for\u00eats vierges au cours du temps.<\/p>\n\n\n\n<p>La d\u00e9forestation et l'exportation de bois indig\u00e8nes, comme le bois de fer, ont \u00e9galement entra\u00een\u00e9 une modification durable et grave de la faune.<\/p>\n\n\n\n<p>Heureusement, au milieu du 20e si\u00e8cle, les Seychellois ont reconnu les dommages \u00e0 long terme qu'ils infligeaient \u00e0 la flore et \u00e0 la faune de leur \u00eele et ont fait des efforts pour reboiser leurs for\u00eats. Le commerce des bois tropicaux a \u00e9t\u00e9 arr\u00eat\u00e9 et diverses esp\u00e8ces d'arbres comme le bois noir, le bois de rose et l'acajou ont \u00e9t\u00e9 replant\u00e9es sur les zones d\u00e9frich\u00e9es.<\/p>\n\n\n<div class=\"wp-block-image is-style-default\">\n<figure class=\"aligncenter size-large\"><img decoding=\"async\" loading=\"lazy\" width=\"1024\" height=\"683\" src=\"https:\/\/myseychellesparadise.com\/wp-content\/uploads\/2021\/05\/155657848_m-1024x683.jpg\" alt=\"\" class=\"wp-image-212\" srcset=\"https:\/\/myseychellesparadise.com\/wp-content\/uploads\/2021\/05\/155657848_m-1024x683.jpg 1024w, https:\/\/myseychellesparadise.com\/wp-content\/uploads\/2021\/05\/155657848_m-300x200.jpg 300w, https:\/\/myseychellesparadise.com\/wp-content\/uploads\/2021\/05\/155657848_m-600x400.jpg 600w, https:\/\/myseychellesparadise.com\/wp-content\/uploads\/2021\/05\/155657848_m-768x513.jpg 768w, https:\/\/myseychellesparadise.com\/wp-content\/uploads\/2021\/05\/155657848_m-1536x1025.jpg 1536w, https:\/\/myseychellesparadise.com\/wp-content\/uploads\/2021\/05\/155657848_m-2048x1367.jpg 2048w, https:\/\/myseychellesparadise.com\/wp-content\/uploads\/2021\/05\/155657848_m-16x12.jpg 16w\" sizes=\"(max-width: 1024px) 100vw, 1024px\" \/><figcaption class=\"wp-element-caption\">Plantation de vanille aux Seychelles<\/figcaption><\/figure><\/div>\n\n\n<p><strong>La faune unique dans les airs, sur terre et dans l'eau<\/strong><\/p>\n\n\n\n<p>L'abondance de la faune et de la flore est unique aux Seychelles en raison de leur \u00e9loignement. Par cons\u00e9quent, ce magnifique archipel insulaire est un paradis pour les ornithologues, les chercheurs et les amoureux de la nature en tout genre. Il y a 13 esp\u00e8ces d'oiseaux et 17 sous-esp\u00e8ces qui ne peuvent \u00eatre trouv\u00e9es qu'ici. Un spectacle particulier peut \u00eatre observ\u00e9 lorsque de gigantesques colonies de sternes fuligineuses et de sternes f\u00e9eriques se reproduisent sur \"l'\u00eele aux oiseaux\" pendant les mois d'\u00e9t\u00e9.<\/p>\n\n\n\n<p><\/p>\n\n\n\n<div class=\"wp-block-columns is-layout-flex wp-container-6 wp-block-columns-is-layout-flex\">\n<div class=\"wp-block-column is-layout-flow wp-block-column-is-layout-flow\" style=\"flex-basis:33.33%\">\n<p>Un seul mammif\u00e8re \u00e9tait indig\u00e8ne aux Seychelles avant l'arriv\u00e9e de l'homme, et il s'agit du renard volant des Seychelles. Cette chauve-souris herbivore, qui glisse silencieusement dans le ciel du soir avec une envergure impressionnante pouvant atteindre 1 m\u00e8tre, rappelle les histoires de vampires. Mais ils ne consomment que des fruits d\u00e9licieux, qu'ils grignotent suspendus \u00e0 l'envers directement aux arbres.<\/p>\n<\/div>\n\n\n\n<div class=\"wp-block-column is-layout-flow wp-block-column-is-layout-flow\" style=\"flex-basis:66.66%\"><div class=\"wp-block-image\">\n<figure class=\"aligncenter size-large is-resized\"><img decoding=\"async\" loading=\"lazy\" src=\"https:\/\/myseychellesparadise.com\/wp-content\/uploads\/2021\/05\/sey-flughund.jpg\" alt=\"\" class=\"wp-image-221\" width=\"400\" height=\"271\" srcset=\"https:\/\/myseychellesparadise.com\/wp-content\/uploads\/2021\/05\/sey-flughund.jpg 800w, https:\/\/myseychellesparadise.com\/wp-content\/uploads\/2021\/05\/sey-flughund-300x203.jpg 300w, https:\/\/myseychellesparadise.com\/wp-content\/uploads\/2021\/05\/sey-flughund-600x407.jpg 600w, https:\/\/myseychellesparadise.com\/wp-content\/uploads\/2021\/05\/sey-flughund-768x520.jpg 768w, https:\/\/myseychellesparadise.com\/wp-content\/uploads\/2021\/05\/sey-flughund-16x12.jpg 16w\" sizes=\"(max-width: 400px) 100vw, 400px\" \/><figcaption class=\"wp-element-caption\">Seychelles Flight Fox<\/figcaption><\/figure><\/div><\/div>\n<\/div>\n\n\n\n<p>Ce qui est rassurant, c'est qu'aucun animal venimeux ne vit aux Seychelles.  Mais il y a diff\u00e9rents types de l\u00e9zards, de petits serpents tr\u00e8s timides et de nombreux geckos grimpeurs agiles qui se tapissent le soir sur les murs et les plafonds \u00e0 la recherche de mouches.<\/p>\n\n\n\n<p>La vie des insectes est \u00e9galement unique, environ 65% d'entre eux se trouvent exclusivement sur ces magnifiques \u00eeles.<\/p>\n\n\n\n<p>La vie maritime est un v\u00e9ritable eldorado pour les plongeurs, les amateurs de snorkeling et les p\u00eacheurs. La p\u00eache au chalut \u00e9tant interdite, le monde sous-marin est rest\u00e9 largement intact au cours des derni\u00e8res d\u00e9cennies. Vous pourrez admirer toute la gamme des poissons tropicaux, depuis les diff\u00e9rentes esp\u00e8ces de bonefish et de poissons cartilagineux jusqu'au poisson-clown, au poisson-tigre \u00e0 trois bandes, au poisson-trompette, au poisson-ange \u00e0 trois points, au poisson-grenouille, au faux vivaneau \u00e0 large bande, au vivaneau rouge et bien d'autres encore.<\/p>\n\n\n\n<p>Une particularit\u00e9 est le gobelet de boue, qui utilise deux habitats \u00e0 la fois. On le trouve aussi bien dans l'eau que sur terre. Ce poisson amphibie de 5 \u00e0 10 cm de large, vit de pr\u00e9f\u00e9rence entre les branches des pal\u00e9tuviers ou sur les rochers de granit des c\u00f4tes. Les raies, les baleines, les dauphins, les requins \u00e0 pointes blanches et les requins nourrices se sentent \u00e9galement tr\u00e8s \u00e0 l'aise au large des \u00eeles des Seychelles.<\/p>\n\n\n\n<p>Une mention sp\u00e9ciale, toutefois, m\u00e9rite les gracieuses tortues de mer, dont la population, contrairement aux premi\u00e8res ann\u00e9es, a \u00e9t\u00e9 consid\u00e9rablement d\u00e9cim\u00e9e, mais qui font d\u00e9sormais l'objet de mesures de conservation. Ainsi, chaque ann\u00e9e, plus de 1000 femelles atterrissent sur l'\u00eele d'Aldabra pour y pondre leurs \u0153ufs. Ce magnifique atoll insulaire est le plus important site de ponte de l'oc\u00e9an Indien.<\/p>\n\n\n\n<p>Tous les animaux mentionn\u00e9s, vous les rencontrerez bien s\u00fbr non seulement sur les plages s\u00e9lectionn\u00e9es, mais aussi au cours d'une excursion normale de snorkeling, il y a toujours une rencontre avec des dauphins, des tortues et dans certains cas \u00e9galement avec des requins, mais la plupart du temps sans incidents majeurs.<\/p>\n\n\n\n<p><strong>Conservation de la nature<\/strong><\/p>\n\n\n\n<p>Comme dans tout autre pays, la protection des ressources naturelles aux Seychelles n'a pas fait l'objet d'une grande attention pendant un certain temps. Mais il a rapidement d\u00e9velopp\u00e9 une conscience aigu\u00eb de ces incroyables tr\u00e9sors naturels. Les erreurs du pass\u00e9 ont \u00e9t\u00e9 corrig\u00e9es par diverses mesures et avec un grand engagement. De nombreuses zones du monde maritime font l'objet d'une conservation stricte, des parcs nationaux ont \u00e9t\u00e9 cr\u00e9\u00e9s et les \u00eeles d'Aldabra, Cousin et Aride sont des sanctuaires d'oiseaux o\u00f9 l'on ne peut p\u00e9n\u00e9trer qu'en compagnie de scientifiques autoris\u00e9s. Aldabra, l'un des plus grands atolls du monde, et le Valle\u00e9 de Mai sur l'\u00eele de Praslin, sont class\u00e9s au patrimoine mondial de l'UNESCO.<\/p>\n\n\n\n<p>Un autre accord fabuleux a \u00e9t\u00e9 conclu avec les propri\u00e9taires priv\u00e9s de certaines petites \u00eeles, o\u00f9 de tr\u00e8s belles et co\u00fbteuses stations de luxe ont \u00e9t\u00e9 cr\u00e9\u00e9es. Une grande partie de ces revenus va directement aux projets de conservation.<\/p>\n\n\n\n<p>Le gouvernement et les m\u00e9dias font \u00e9galement beaucoup d'efforts pour sensibiliser la population locale \u00e0 sa nature. Les campagnes \u00e9ducatives sur les cons\u00e9quences de l'\u00e9limination inappropri\u00e9e des d\u00e9chets et des appareils \u00e9lectriques, ainsi que l'interdiction de la d\u00e9forestation non autoris\u00e9e des palmiers et des arbres, ne sont qu'une petite partie des mesures qui conduisent \u00e0 une plus grande sensibilit\u00e9 de la population.<\/p>\n\n\n\n<p>Dans l'ensemble, les Seychellois sont sur une tr\u00e8s bonne voie, progressiste, pour prot\u00e9ger et pr\u00e9server leur merveilleux paradis.<\/p>","protected":false},"excerpt":{"rendered":"<p>Les Seychelles, l'un des v\u00e9ritables paradis de la plan\u00e8te, charment non seulement par leur immense biodiversit\u00e9, mais aussi et surtout par les Seychellois multiculturels et multiethniques qui vivent une ouverture d'esprit chaleureuse. L'isolement des \u00eeles et la distance qui les s\u00e9pare du continent ont donn\u00e9 naissance \u00e0 un \u00e9cosyst\u00e8me unique en son genre.<span class=\"more-link\"><a href=\"https:\/\/myseychellesparadise.com\/fr\/seychellen\/\">Continue Reading<\/a><\/span><\/p>","protected":false},"author":1,"featured_media":0,"parent":0,"menu_order":0,"comment_status":"closed","ping_status":"closed","template":"","meta":{"footnotes":""},"_links":{"self":[{"href":"https:\/\/myseychellesparadise.com\/fr\/wp-json\/wp\/v2\/pages\/17"}],"collection":[{"href":"https:\/\/myseychellesparadise.com\/fr\/wp-json\/wp\/v2\/pages"}],"about":[{"href":"https:\/\/myseychellesparadise.com\/fr\/wp-json\/wp\/v2\/types\/page"}],"author":[{"embeddable":true,"href":"https:\/\/myseychellesparadise.com\/fr\/wp-json\/wp\/v2\/users\/1"}],"replies":[{"embeddable":true,"href":"https:\/\/myseychellesparadise.com\/fr\/wp-json\/wp\/v2\/comments?post=17"}],"version-history":[{"count":28,"href":"https:\/\/myseychellesparadise.com\/fr\/wp-json\/wp\/v2\/pages\/17\/revisions"}],"predecessor-version":[{"id":10496,"href":"https:\/\/myseychellesparadise.com\/fr\/wp-json\/wp\/v2\/pages\/17\/revisions\/10496"}],"wp:attachment":[{"href":"https:\/\/myseychellesparadise.com\/fr\/wp-json\/wp\/v2\/media?parent=17"}],"curies":[{"name":"wp","href":"https:\/\/api.w.org\/{rel}","templated":true}]}}