{"id":155,"date":"2021-05-11T14:31:53","date_gmt":"2021-05-11T10:31:53","guid":{"rendered":"https:\/\/myseychellesparadise.com\/?page_id=155"},"modified":"2021-05-11T14:37:39","modified_gmt":"2021-05-11T10:37:39","slug":"faq","status":"publish","type":"page","link":"https:\/\/myseychellesparadise.com\/fr\/faq\/","title":{"rendered":"FAQ"},"content":{"rendered":"<p><strong>Nous r\u00e9pondons \u00e0 certaines des questions les plus courantes sur notre ferme au paradis. Si vous avez d'autres questions, nous serons heureux de vous r\u00e9pondre. <a href=\"https:\/\/myseychellesparadise.com\/fr\/about-us\/\" data-type=\"page\" data-id=\"21\">CONTACT<\/a><\/strong><\/p>\n\n\n\n<h2 class=\"wp-block-heading\">O\u00f9 sont situ\u00e9es les Seychelles ?<\/h2>\n\n\n\n<p>Les Seychelles font topographiquement partie de l'Afrique. Ils se trouvent sur la partie nord et ouest de la dorsale des Mascareignes, un seuil sous-marin situ\u00e9 dans la partie ouest de l'oc\u00e9an Indien. Au sud des Seychelles, au large des c\u00f4tes de l'Afrique de l'Est, se trouvent les \u00c9tats insulaires de Madagascar, de Maurice et des Comores.<\/p>\n\n\n\n<h2 class=\"wp-block-heading\">Quelle est la taille de Treasure Farm ?<\/h2>\n\n\n\n<p>La ferme a une superficie totale d'environ 200 acres, soit environ 0,8 kilom\u00e8tre carr\u00e9. Il est situ\u00e9 dans les montagnes, le terrain est l\u00e9g\u00e8rement en pente. Jonathan a, au prix d'un long et minutieux travail, am\u00e9nag\u00e9 en terrasses tous les petits champs et toutes les plates-bandes, de sorte que la superficie pure est par cons\u00e9quent un peu plus \u00e9lev\u00e9e.  Votre copropri\u00e9t\u00e9 s'\u00e9tend sur l'ensemble de la zone.<\/p>\n\n\n\n<h2 class=\"wp-block-heading\">Puis-je visiter \"ma\" ferme ?<\/h2>\n\n\n\n<p>Vous \u00eates toujours les bienvenus pour passer une journ\u00e9e dans votre ferme. Nous serons heureux de prendre directement contact pour vous et d'organiser la prise en charge par notre ami Jocky, qui vous ram\u00e8nera \u00e9galement le soir.<\/p>\n\n\n\n<h2 class=\"wp-block-heading\">Y aura-t-il des frais suppl\u00e9mentaires pour moi ?<\/h2>\n\n\n\n<p>Non, certainement pas. Il s'agit d'un accord priv\u00e9 et avec l'achat de votre part chez nous, tout est pay\u00e9. Il n'y a pas de frais suppl\u00e9mentaires pour vous, maintenant ou \u00e0 l'avenir.<\/p>\n\n\n\n<h2 class=\"wp-block-heading\">Qu'ai-je le droit de faire avec la ferme ?<\/h2>\n\n\n\n<p>Veuillez comprendre qu'il s'agit plut\u00f4t d'une copropri\u00e9t\u00e9 symbolique. Tous les droits restent bien s\u00fbr \u00e0 Jonathan, qui s'occupe de la ferme et des plantes. Il n'y a rien contre le camping dans le jardin, mais s'il vous pla\u00eet, ne pr\u00e9voyez pas de construire une maison.<\/p>\n\n\n\n<h2 class=\"wp-block-heading\">Combien de temps faut-il pour envoyer les certificats ?<\/h2>\n\n\n\n<p>Votre certificat sera fabriqu\u00e9 en Allemagne et exp\u00e9di\u00e9 depuis ce pays. Nous exp\u00e9dions par voie a\u00e9rienne dans un d\u00e9lai de moins de 24 heures. Peu apr\u00e8s votre commande, vous recevrez un lien de t\u00e9l\u00e9chargement contenant votre certificat personnalis\u00e9 ainsi que la brochure contenant toutes les informations sur les Seychelles et la ferme.<\/p>\n\n\n\n<hr class=\"wp-block-separator has-text-color has-background has-vivid-green-cyan-background-color has-vivid-green-cyan-color\"\/>\n\n\n\n<div class=\"wp-block-image\"><figure class=\"aligncenter size-large\"><img decoding=\"async\" loading=\"lazy\" width=\"1024\" height=\"683\" src=\"https:\/\/myseychellesparadise.com\/wp-content\/uploads\/2021\/05\/21156639_m-1024x683.jpg\" alt=\"Seychelles Piece of Paradise\" class=\"wp-image-101\" srcset=\"https:\/\/myseychellesparadise.com\/wp-content\/uploads\/2021\/05\/21156639_m-1024x683.jpg 1024w, https:\/\/myseychellesparadise.com\/wp-content\/uploads\/2021\/05\/21156639_m-300x200.jpg 300w, https:\/\/myseychellesparadise.com\/wp-content\/uploads\/2021\/05\/21156639_m-600x400.jpg 600w, https:\/\/myseychellesparadise.com\/wp-content\/uploads\/2021\/05\/21156639_m-768x512.jpg 768w, https:\/\/myseychellesparadise.com\/wp-content\/uploads\/2021\/05\/21156639_m-1536x1024.jpg 1536w, https:\/\/myseychellesparadise.com\/wp-content\/uploads\/2021\/05\/21156639_m-2048x1365.jpg 2048w, https:\/\/myseychellesparadise.com\/wp-content\/uploads\/2021\/05\/21156639_m-16x12.jpg 16w\" sizes=\"(max-width: 1024px) 100vw, 1024px\" \/><\/figure><\/div>","protected":false},"excerpt":{"rendered":"<p>Nous r\u00e9pondons \u00e0 quelques-unes des questions les plus fr\u00e9quentes sur notre ferme au paradis. Si vous avez d'autres questions, nous serons heureux de les recevoir. CONTACT O\u00f9 se trouvent les Seychelles ? D'un point de vue topographique, les Seychelles font partie de l'Afrique. Elles se trouvent sur les parties nord et ouest de la dorsale des Mascareignes, un seuil sous-marin situ\u00e9 dans la partie occidentale de l'archipel.<span class=\"more-link\"><a href=\"https:\/\/myseychellesparadise.com\/fr\/faq\/\">Continue Reading<\/a><\/span><\/p>","protected":false},"author":1,"featured_media":0,"parent":0,"menu_order":0,"comment_status":"closed","ping_status":"closed","template":"","meta":{"footnotes":""},"_links":{"self":[{"href":"https:\/\/myseychellesparadise.com\/fr\/wp-json\/wp\/v2\/pages\/155"}],"collection":[{"href":"https:\/\/myseychellesparadise.com\/fr\/wp-json\/wp\/v2\/pages"}],"about":[{"href":"https:\/\/myseychellesparadise.com\/fr\/wp-json\/wp\/v2\/types\/page"}],"author":[{"embeddable":true,"href":"https:\/\/myseychellesparadise.com\/fr\/wp-json\/wp\/v2\/users\/1"}],"replies":[{"embeddable":true,"href":"https:\/\/myseychellesparadise.com\/fr\/wp-json\/wp\/v2\/comments?post=155"}],"version-history":[{"count":4,"href":"https:\/\/myseychellesparadise.com\/fr\/wp-json\/wp\/v2\/pages\/155\/revisions"}],"predecessor-version":[{"id":161,"href":"https:\/\/myseychellesparadise.com\/fr\/wp-json\/wp\/v2\/pages\/155\/revisions\/161"}],"wp:attachment":[{"href":"https:\/\/myseychellesparadise.com\/fr\/wp-json\/wp\/v2\/media?parent=155"}],"curies":[{"name":"wp","href":"https:\/\/api.w.org\/{rel}","templated":true}]}}