{"id":10291,"date":"2023-04-19T10:34:04","date_gmt":"2023-04-19T06:34:04","guid":{"rendered":"https:\/\/myseychellesparadise.com\/?page_id=10291"},"modified":"2023-04-19T10:34:04","modified_gmt":"2023-04-19T06:34:04","slug":"lord-titel","status":"publish","type":"page","link":"https:\/\/myseychellesparadise.com\/fr\/lord-titel\/","title":{"rendered":"Titre de seigneur"},"content":{"rendered":"<p>Ce titre de noblesse est un aristonyme avec lequel vous vous amuserez beaucoup. Impressionnez votre entourage en pla\u00e7ant le certificat de nomination bien en vue dans votre salon ou votre bureau. Entourez-vous d'objets aristocratiques tels qu'une tasse \u00e0 caf\u00e9 ou un oreiller portant vos armoiries et votre titre. Appr\u00e9ciez d'afficher votre nouveau titre de noblesse comme suffixe de votre nom sur vos cartes de visite et votre papier \u00e0 en-t\u00eate, en soulignant \u00e0 quel point vous \u00eates respectueux en tant que... <strong>Seigneur et Dame de l'Anse Boileau<\/strong> soudain \u00eatre trait\u00e9 dans le restaurant lorsque vous faites une r\u00e9servation.<\/p>\n\n\n\n<p><strong>Comment dois-je porter mon titre de noblesse ?<\/strong><\/p>\n\n\n\n<p>Vous pouvez porter ce titre comme bon vous semble.<\/p>\n\n\n\n<p><strong>Voici quelques exemples :<\/strong><\/p>\n\n\n\n<ul>\n<li>Max Smith, seigneur de l'Anse Boileau<\/li>\n\n\n\n<li>Lord Max de l'Anse Boileau<\/li>\n\n\n\n<li>Lord Max Smith de l'Anse Boileau<\/li>\n<\/ul>\n\n\n\n<p>Portez le titre sur des cartes de visite, sur des en-t\u00eates de lettres ou pour r\u00e9server une table dans un restaurant ou une chambre dans un h\u00f4tel. Vous pouvez l'utiliser en toute libert\u00e9 et dans presque toutes les situations de la vie. En outre, vous pouvez appara\u00eetre en public sous ce nom et m\u00eame signer des contrats.&nbsp;<\/p>\n\n\n\n<p>Dans le monde anglophone, chacun peut choisir, changer et conserver son propre nom. Il suffit de choisir soi-m\u00eame le nom, d'\u00e9tablir un acte notari\u00e9 et de le pr\u00e9senter aux banques, aux entrepreneurs, etc. pour faire modifier tous les comptes et cartes de cr\u00e9dit, son passeport (anglais) et ses adh\u00e9sions \u00e0 des clubs.<\/p>\n\n\n\n<p>Un Deed poll, ou plus pr\u00e9cis\u00e9ment un Deed of change of name, est un document couramment utilis\u00e9 dans certains pays pour prouver un changement de nom. Il n'est pas d\u00e9livr\u00e9 par un organisme officiel mais, \u00e0 condition qu'il r\u00e9ponde aux exigences formelles d'un Deed, il peut \u00eatre ex\u00e9cut\u00e9 par le changeur de nom lui-m\u00eame. Le droit anglais des noms, qui est fond\u00e9 sur la common law, n'est soumis \u00e0 aucune restriction particuli\u00e8re de droit public. <\/p>\n\n\n\n<p>Il n'existe pas de nom civil au sens strict en droit anglais ; le nom l\u00e9gal est le nom effectivement utilis\u00e9 dans les transactions juridiques par une personne. Cette personne est libre de changer de nom \u00e0 sa guise, sans aucune restriction normative ou substantielle, \u00e0 l'exception de l'absence d'intention frauduleuse dans le changement de nom. Toutefois, vous devez devenir (\u00eatre) r\u00e9sident de cette zone linguistique et le changement de nom n'est malheureusement pas reconnu en Allemagne. Mais au moins dans une tr\u00e8s grande partie du monde. Wikipedia propose un article int\u00e9ressant \u00e0 ce sujet :&nbsp;<a rel=\"noreferrer noopener\" href=\"https:\/\/en.wikipedia.org\/wiki\/Deed_poll\" target=\"_blank\">acte de vente<\/a><\/p>\n\n\n\n<h2 class=\"wp-block-heading\">Vos propres armoiries<\/h2>\n\n\n\n<p><strong>Pour votre titre de noblesse, vous recevez de notre part un blason de famille (noble), que nous avons con\u00e7u uniquement pour ce titre de noblesse.<\/strong><\/p>\n\n\n\n<p>Les armoiries familiales sont commun\u00e9ment appel\u00e9es armoiries d\u00e9tenues par des familles et des individus. Les armoiries familiales sont transmises aux descendants directs masculins et f\u00e9minins \u00e0 la naissance selon le droit coutumier et peuvent \u00eatre utilis\u00e9es tant que le nom du fondateur des armoiries est conserv\u00e9. Le droit de porter des armoiries est une institution coutumi\u00e8re de droit priv\u00e9 \u00e0 laquelle tout le monde a droit. <\/p>\n\n\n\n<p>Les armoiries jouissent en principe, dans leur conception artistique, de la protection du droit d'auteur. Un blason est un signe en forme de bouclier, bas\u00e9 sur le bouclier en tant qu'arme de protection du Moyen \u00c2ge. Il peut \u00eatre le signe souverain d'un \u00c9tat, d'un pays ou d'une ville ou repr\u00e9senter et l\u00e9gitimer symboliquement l'importance d'une dynastie, d'une famille ou d'une personne. Les armoiries familiales, qui prouvent une Nobilitierung (\u00e9l\u00e9vation dans la noblesse), sont h\u00e9r\u00e9ditaires. Les armoiries \u00e9taient \u00e0 l'origine con\u00e7ues dans une repr\u00e9sentation stylis\u00e9e et g\u00e9n\u00e9ralement multicolore selon une codification pr\u00e9d\u00e9termin\u00e9e, bas\u00e9e sur les directives de l'h\u00e9raldique traditionnelle. Aujourd'hui, les armoiries sont g\u00e9n\u00e9ralement travaill\u00e9es dans un langage libre et formellement tr\u00e8s r\u00e9duit.<\/p>\n\n\n\n<p>Le blason \u00e9tait \u00e0 l'origine un insigne sur un bouclier. Les armoiries sont n\u00e9es dans leur forme classique, m\u00e9di\u00e9vale, dans la premi\u00e8re moiti\u00e9 du 12e si\u00e8cle, \u00e0 l'\u00e9poque des croisades, c'est-\u00e0-dire en relation avec l'apparition de grandes arm\u00e9es de chevaliers, entre autres. Avec l'apparition d'armures de plus en plus lourdes et ferm\u00e9es, les amis et les ennemis n'\u00e9taient plus reconnaissables au combat, et les armoiries servaient donc d'aide \u00e0 l'identification. Comme le montrent les repr\u00e9sentations m\u00e9di\u00e9vales, c'\u00e9tait surtout le cas pour la cavalerie. Le bouclier et le casque \u00e9taient particuli\u00e8rement adapt\u00e9s \u00e0 l'application des armoiries. Ils sont donc devenus les \u00e9l\u00e9ments porteurs de symboles des armoiries.<\/p>","protected":false},"excerpt":{"rendered":"<p>Ce titre de noblesse est un aristonyme qui vous amusera beaucoup. Impressionnez votre entourage en pla\u00e7ant l'acte de nomination bien en vue dans votre salon ou votre bureau. Entourez-vous d'insignes nobiliaires comme une tasse \u00e0 caf\u00e9 ou un coussin imprim\u00e9 avec vos armoiries et votre titre.<span class=\"more-link\"><a href=\"https:\/\/myseychellesparadise.com\/fr\/lord-titel\/\">Continue Reading<\/a><\/span><\/p>","protected":false},"author":1,"featured_media":0,"parent":0,"menu_order":0,"comment_status":"closed","ping_status":"closed","template":"","meta":{"footnotes":""},"_links":{"self":[{"href":"https:\/\/myseychellesparadise.com\/fr\/wp-json\/wp\/v2\/pages\/10291"}],"collection":[{"href":"https:\/\/myseychellesparadise.com\/fr\/wp-json\/wp\/v2\/pages"}],"about":[{"href":"https:\/\/myseychellesparadise.com\/fr\/wp-json\/wp\/v2\/types\/page"}],"author":[{"embeddable":true,"href":"https:\/\/myseychellesparadise.com\/fr\/wp-json\/wp\/v2\/users\/1"}],"replies":[{"embeddable":true,"href":"https:\/\/myseychellesparadise.com\/fr\/wp-json\/wp\/v2\/comments?post=10291"}],"version-history":[{"count":4,"href":"https:\/\/myseychellesparadise.com\/fr\/wp-json\/wp\/v2\/pages\/10291\/revisions"}],"predecessor-version":[{"id":10495,"href":"https:\/\/myseychellesparadise.com\/fr\/wp-json\/wp\/v2\/pages\/10291\/revisions\/10495"}],"wp:attachment":[{"href":"https:\/\/myseychellesparadise.com\/fr\/wp-json\/wp\/v2\/media?parent=10291"}],"curies":[{"name":"wp","href":"https:\/\/api.w.org\/{rel}","templated":true}]}}