{"id":7,"date":"2023-04-19T10:33:59","date_gmt":"2023-04-19T06:33:59","guid":{"rendered":"https:\/\/myseychellesparadise.com\/?page_id=7"},"modified":"2023-04-19T10:33:59","modified_gmt":"2023-04-19T06:33:59","slug":"mein-seychellen-paradies","status":"publish","type":"page","link":"https:\/\/myseychellesparadise.com\/es\/","title":{"rendered":"Un trozo de para\u00edso"},"content":{"rendered":"<div class=\"wp-block-columns is-layout-flex wp-container-3 wp-block-columns-is-layout-flex\">\n<div class=\"wp-block-column is-layout-flow wp-block-column-is-layout-flow\">\n<h4 class=\"wp-block-heading has-text-align-center\"><strong>Bienvenido a Mah\u00e9, la principal isla de las Seychelles en el Oc\u00e9ano \u00cdndico<\/strong><\/h4>\n\n\n\n<p>Aqu\u00ed tiene la oportunidad \u00fanica en el mundo de adquirir un peque\u00f1o trozo de para\u00edso. Convi\u00e9rtase en copropietario de nuestra \"Granja del Tesoro\" en las monta\u00f1as de Mah\u00e9, donde brotan frutas, verduras, especias y flores. <\/p>\n\n\n\n<p>Junto con su copropiedad se le permite usar el gran y extraordinario t\u00edtulo nobiliario de \"Se\u00f1or de Anse Boileau\" a partir de ahora. Las damas reciben el t\u00edtulo de \"Dama de Anse Boileau\".<\/p>\n\n\n\n<p>Con la compra de su certificado apoya al mismo tiempo a todo el pueblo que rodea la granja y ayuda a los habitantes a poder seguir abasteci\u00e9ndose gratuitamente de este Jard\u00edn del Ed\u00e9n.<\/p>\n<\/div>\n\n\n\n<div class=\"wp-block-column is-layout-flow wp-block-column-is-layout-flow\">\n<figure class=\"wp-block-image size-large is-resized is-style-default\"><img decoding=\"async\" loading=\"lazy\" src=\"https:\/\/myseychellesparadise.com\/wp-content\/uploads\/2021\/05\/Certificate_Seychelles_Lord-1024x706.png\" alt=\"\" class=\"wp-image-10301\" width=\"512\" height=\"353\" srcset=\"https:\/\/myseychellesparadise.com\/wp-content\/uploads\/2021\/05\/Certificate_Seychelles_Lord-1024x706.png 1024w, https:\/\/myseychellesparadise.com\/wp-content\/uploads\/2021\/05\/Certificate_Seychelles_Lord-300x207.png 300w, https:\/\/myseychellesparadise.com\/wp-content\/uploads\/2021\/05\/Certificate_Seychelles_Lord-768x529.png 768w, https:\/\/myseychellesparadise.com\/wp-content\/uploads\/2021\/05\/Certificate_Seychelles_Lord-1536x1059.png 1536w, https:\/\/myseychellesparadise.com\/wp-content\/uploads\/2021\/05\/Certificate_Seychelles_Lord-16x12.png 16w, https:\/\/myseychellesparadise.com\/wp-content\/uploads\/2021\/05\/Certificate_Seychelles_Lord-465x320.png 465w, https:\/\/myseychellesparadise.com\/wp-content\/uploads\/2021\/05\/Certificate_Seychelles_Lord-695x479.png 695w, https:\/\/myseychellesparadise.com\/wp-content\/uploads\/2021\/05\/Certificate_Seychelles_Lord-600x414.png 600w, https:\/\/myseychellesparadise.com\/wp-content\/uploads\/2021\/05\/Certificate_Seychelles_Lord.png 1654w\" sizes=\"(max-width: 512px) 100vw, 512px\" \/><\/figure>\n<\/div>\n<\/div>\n\n\n\n<hr class=\"wp-block-separator has-text-color has-vivid-green-cyan-color has-css-opacity has-vivid-green-cyan-background-color has-background aligncenter\"\/>\n\n\n\n<h2 class=\"wp-block-heading\"><strong>\u00bfDe qu\u00e9 se trata?<\/strong><\/h2>\n\n\n\n<p><strong>Junto con Jonathan le ofrecemos la copropiedad de \"The Treasure Farm\" en las Seychelles. Con la compra tiene derecho al t\u00edtulo de Se\u00f1or o Se\u00f1ora de Anse Boileau y adem\u00e1s apoya directamente a la granja.<\/strong><\/p>\n\n\n\n<p>En este terreno \u00fanico se pueden encontrar desde pl\u00e1tanos hasta canela, limas, limones, pimientos picantes, papayas, tres variedades diferentes de cocoteros y hierbas como el tomillo y el or\u00e9gano, entre otras. Adem\u00e1s, hay una impresionante vista de la bah\u00eda de Anse Boileau, que presenta una puesta de sol de ensue\u00f1o en las horas nocturnas.<\/p>\n\n\n\n<p>Los residentes vienen de todo el barrio para ayudar a plantar y cosechar. Durante los tiempos dif\u00edciles que Covid-19 tambi\u00e9n trajo a las Seychelles, la Granja del Tesoro cumpli\u00f3 el importante papel de servir como fuente vital de alimentos para el vecindario. Jonathan compart\u00eda todos sus tesoros con todo el mundo, sin pensar en tomar nada a cambio. Esto refleja la interacci\u00f3n c\u00e1lida y socialmente justa que comparten todos los seychelenses.<\/p>\n\n\n\n<hr class=\"wp-block-separator has-text-color has-vivid-green-cyan-color has-css-opacity has-vivid-green-cyan-background-color has-background\"\/>\n\n\n<div class=\"wp-block-image\">\n<figure class=\"aligncenter size-large\"><img decoding=\"async\" loading=\"lazy\" width=\"1024\" height=\"576\" src=\"https:\/\/myseychellesparadise.com\/wp-content\/uploads\/2021\/05\/2-3-1024x576.jpg\" alt=\"Buy a piece of paradise\" class=\"wp-image-192\" srcset=\"https:\/\/myseychellesparadise.com\/wp-content\/uploads\/2021\/05\/2-3-1024x576.jpg 1024w, https:\/\/myseychellesparadise.com\/wp-content\/uploads\/2021\/05\/2-3-300x169.jpg 300w, https:\/\/myseychellesparadise.com\/wp-content\/uploads\/2021\/05\/2-3-600x337.jpg 600w, https:\/\/myseychellesparadise.com\/wp-content\/uploads\/2021\/05\/2-3-768x432.jpg 768w, https:\/\/myseychellesparadise.com\/wp-content\/uploads\/2021\/05\/2-3-16x9.jpg 16w, https:\/\/myseychellesparadise.com\/wp-content\/uploads\/2021\/05\/2-3.jpg 1416w\" sizes=\"(max-width: 1024px) 100vw, 1024px\" \/><\/figure><\/div>\n\n\n<br>\n\n\n\n<p>En la Granja del Tesoro, las frutas y verduras frescas est\u00e1n disponibles durante todo el a\u00f1o. La oferta var\u00eda ligeramente de una temporada a otra, pero la mayor\u00eda de las frutas crecen en todos los meses. Adem\u00e1s, Jonathan dispone de un amplio lecho con una gran variedad de especias como la vainilla, la canela, el clavo, la nuez moscada, la citronela, el pachul\u00ed y el chile, el jengibre y el ajo.<\/p>\n\n\n\n<br>\n\n\n<div class=\"wp-block-image\">\n<figure class=\"aligncenter size-large\"><img decoding=\"async\" loading=\"lazy\" width=\"1024\" height=\"576\" src=\"https:\/\/myseychellesparadise.com\/wp-content\/uploads\/2021\/05\/5-1-1024x576.jpg\" alt=\"\" class=\"wp-image-198\" srcset=\"https:\/\/myseychellesparadise.com\/wp-content\/uploads\/2021\/05\/5-1-1024x576.jpg 1024w, https:\/\/myseychellesparadise.com\/wp-content\/uploads\/2021\/05\/5-1-300x169.jpg 300w, https:\/\/myseychellesparadise.com\/wp-content\/uploads\/2021\/05\/5-1-600x338.jpg 600w, https:\/\/myseychellesparadise.com\/wp-content\/uploads\/2021\/05\/5-1-768x432.jpg 768w, https:\/\/myseychellesparadise.com\/wp-content\/uploads\/2021\/05\/5-1-1536x864.jpg 1536w, https:\/\/myseychellesparadise.com\/wp-content\/uploads\/2021\/05\/5-1-16x9.jpg 16w, https:\/\/myseychellesparadise.com\/wp-content\/uploads\/2021\/05\/5-1.jpg 1600w\" sizes=\"(max-width: 1024px) 100vw, 1024px\" \/><\/figure><\/div>\n\n\n<p><strong>Junto con terra presenta Jonathan le ofrece ahora una copropiedad de su finca.<\/strong><\/p>\n\n\n\n<p>Te conviertes en copropietario de este pedazo de para\u00edso en las Seychelles. Al comprar, apoyas a Jonathan y a todos sus vecinos directamente y sin rodeos, para que puedan comprarse semillas, riego, equipos y mucho m\u00e1s para las necesidades agr\u00edcolas.<\/p>\n\n\n\n<p>Recibir\u00e1s un espl\u00e9ndido certificado, que te da tanto la copropiedad como el derecho a llevar el t\u00edtulo \"<strong>Se\u00f1or o Se\u00f1ora de Anse Boileau<\/strong>\" y un folleto informativo con muchas fotos e impresiones de la granja. Todo viene junto en una carpeta de regalo. No s\u00f3lo es una idea de regalo bonita y social, sino que el certificado de cita es tambi\u00e9n un gran reclamo en su sala de estar. Ya puede anunciar a sus visitantes que es due\u00f1o de una finca en las Seychelles como un se\u00f1or o se\u00f1ora.<\/p>\n\n\n\n<hr class=\"wp-block-separator has-text-color has-vivid-green-cyan-color has-css-opacity has-vivid-green-cyan-background-color has-background\"\/>\n\n\n\n<h4 class=\"wp-block-heading has-text-align-center\"><strong><a href=\"https:\/\/noble-society.net\/en\/product-category\/seychellen-lord-farm\/\" data-type=\"page\" data-id=\"26\">Comprar ahora<\/a><\/strong><\/h4>\n\n\n\n<p><\/p>","protected":false},"excerpt":{"rendered":"<p>Bienvenido a Mah\u00e9, la principal isla de las Seychelles en el Oc\u00e9ano \u00cdndico Aqu\u00ed tiene la oportunidad \u00fanica de adquirir un peque\u00f1o trozo de para\u00edso. Convi\u00e9rtase en copropietario de nuestra \"Granja del Tesoro\" en las monta\u00f1as de Mah\u00e9, donde brotan frutas, verduras, especias y flores. Junto con su<span class=\"more-link\"><a href=\"https:\/\/myseychellesparadise.com\/es\/\">Seguir leyendo<\/a><\/span><\/p>","protected":false},"author":1,"featured_media":0,"parent":0,"menu_order":0,"comment_status":"closed","ping_status":"closed","template":"","meta":{"footnotes":""},"_links":{"self":[{"href":"https:\/\/myseychellesparadise.com\/es\/wp-json\/wp\/v2\/pages\/7"}],"collection":[{"href":"https:\/\/myseychellesparadise.com\/es\/wp-json\/wp\/v2\/pages"}],"about":[{"href":"https:\/\/myseychellesparadise.com\/es\/wp-json\/wp\/v2\/types\/page"}],"author":[{"embeddable":true,"href":"https:\/\/myseychellesparadise.com\/es\/wp-json\/wp\/v2\/users\/1"}],"replies":[{"embeddable":true,"href":"https:\/\/myseychellesparadise.com\/es\/wp-json\/wp\/v2\/comments?post=7"}],"version-history":[{"count":53,"href":"https:\/\/myseychellesparadise.com\/es\/wp-json\/wp\/v2\/pages\/7\/revisions"}],"predecessor-version":[{"id":10494,"href":"https:\/\/myseychellesparadise.com\/es\/wp-json\/wp\/v2\/pages\/7\/revisions\/10494"}],"wp:attachment":[{"href":"https:\/\/myseychellesparadise.com\/es\/wp-json\/wp\/v2\/media?parent=7"}],"curies":[{"name":"wp","href":"https:\/\/api.w.org\/{rel}","templated":true}]}}