{"id":21,"date":"2021-04-28T07:39:43","date_gmt":"2021-04-28T05:39:43","guid":{"rendered":"https:\/\/myseychellesparadise.com\/?page_id=21"},"modified":"2021-06-02T17:11:13","modified_gmt":"2021-06-02T13:11:13","slug":"about-us","status":"publish","type":"page","link":"https:\/\/myseychellesparadise.com\/es\/about-us\/","title":{"rendered":"Sobre nosotros"},"content":{"rendered":"<p><strong>Terra Presenta Ltd. - t\u00edtulos nobiliarios de todo el mundo<\/strong><\/p>\n\n\n\n<div class=\"wp-block-columns is-layout-flex wp-container-3 wp-block-columns-is-layout-flex\">\n<div class=\"wp-block-column is-layout-flow wp-block-column-is-layout-flow\" style=\"flex-basis:33.33%\">\n<p>Con m\u00e1s de 20 a\u00f1os de experiencia en la venta de t\u00edtulos nobiliarios de todo el mundo, nos complace que nos haya encontrado. Entre nuestras fant\u00e1sticas ofertas se encuentran los t\u00edtulos nobiliarios irlandeses, franceses, alemanes, africanos, \u00e1rabes e incluso rusos, que ofrecemos a nuestros apreciados clientes. Nuestra gama se ampl\u00eda constantemente con m\u00e1s t\u00edtulos interesantes.<\/p>\n\n\n\n<p>Pero no s\u00f3lo vendemos t\u00edtulos nobles, sino que tambi\u00e9n ofrecemos la participaci\u00f3n en algunos grandes proyectos. \u00bfLe gustar\u00eda tener un huerto en las Seychelles? \u00bfO una plantaci\u00f3n de caf\u00e9 en Kenia? Esto y mucho m\u00e1s tambi\u00e9n forma parte de nuestra oferta.<\/p>\n<\/div>\n\n\n\n<div class=\"wp-block-column is-layout-flow wp-block-column-is-layout-flow\" style=\"flex-basis:66.66%\">\n<figure class=\"wp-block-image size-large\"><img decoding=\"async\" src=\"https:\/\/tsartitle.tsartitles.com\/wp-content\/uploads\/2021\/06\/terra-logo.jpg\" alt=\"\" class=\"wp-image-16723\"\/><\/figure>\n<\/div>\n<\/div>\n\n\n\n<p><strong>\u00a1S\u00ed! Pero... \u00bfc\u00f3mo?<\/strong><\/p>\n\n\n\n<p>Apoyamos a las explotaciones agr\u00edcolas de \u00c1frica, Asia y partes de Am\u00e9rica Latina con inversiones espec\u00edficas. Nuestro trabajo se centra en las explotaciones agr\u00edcolas y las plantaciones que se enfrentan a desaf\u00edos debido a los cambios econ\u00f3micos en su entorno. Aqu\u00ed le ayudamos con inversiones sencillas. Como empresa independiente que est\u00e1 en contacto directo con los agricultores y propietarios de las plantaciones, podemos actuar de forma r\u00e1pida e individualizada sin grandes esfuerzos administrativos. En muchos pa\u00edses, existe una gran injusticia que pone en desventaja a los agricultores locales. Especialmente en las regiones m\u00e1s pobres del mundo, los bienes de uso cotidiano los venden sobre todo las grandes empresas. Esto no se debe a la falta de recursos, sino al hecho de que las grandes empresas hacen que el cultivo local no sea rentable mediante precios de dumping. Nuestro trabajo comienza exactamente ah\u00ed. Con la iniciativa local, apoyamos directamente al agricultor y, por tanto, a toda la regi\u00f3n. Queremos que los agricultores puedan operar de forma rentable. Nuestro objetivo es permitir que los socios determinen de forma independiente su curso de desarrollo trabajando por el progreso econ\u00f3mico, ecol\u00f3gico y social global.<\/p>\n\n\n\n<p>Si desea participar en un proyecto, le ofrecemos la copropiedad simb\u00f3lica de una plantaci\u00f3n o granja. Recibir\u00e1 un hermoso y magn\u00edfico t\u00edtulo de propiedad y, en muchos casos, incluso un t\u00edtulo nobiliario para acompa\u00f1arlo. Con esto apoyas directamente el proyecto respectivo y tienes una escritura enmarcada en tu sal\u00f3n, que seguramente inspirar\u00e1 asombro y causar\u00e1 mucha conversaci\u00f3n.<\/p>\n\n\n\n<hr class=\"wp-block-separator has-text-color has-background has-vivid-green-cyan-background-color has-vivid-green-cyan-color\"\/>\n\n\n\n<p><strong>terra presenta ltd.<br><\/strong>Suite 10, 3\u00aa planta<br>La Ciotat, Mont Fleuri<br>Mah\u00e9, Seychelles<\/p>\n\n\n\n<p>Correo electr\u00f3nico: shop@terrapresenta.com<br>Whatsapp: +248 256 24 49<\/p>","protected":false},"excerpt":{"rendered":"<p>Terra Presenta Ltd - t\u00edtulos nobiliarios de todo el mundo Con m\u00e1s de 20 a\u00f1os de experiencia en la venta de t\u00edtulos nobiliarios de todo el mundo, nos complace que nos haya encontrado. Entre nuestras fant\u00e1sticas ofertas hay irlandesas, francesas, alemanas, africanas, \u00e1rabes e incluso<span class=\"more-link\"><a href=\"https:\/\/myseychellesparadise.com\/es\/about-us\/\">Seguir leyendo<\/a><\/span><\/p>","protected":false},"author":1,"featured_media":0,"parent":0,"menu_order":0,"comment_status":"closed","ping_status":"closed","template":"","meta":{"footnotes":""},"_links":{"self":[{"href":"https:\/\/myseychellesparadise.com\/es\/wp-json\/wp\/v2\/pages\/21"}],"collection":[{"href":"https:\/\/myseychellesparadise.com\/es\/wp-json\/wp\/v2\/pages"}],"about":[{"href":"https:\/\/myseychellesparadise.com\/es\/wp-json\/wp\/v2\/types\/page"}],"author":[{"embeddable":true,"href":"https:\/\/myseychellesparadise.com\/es\/wp-json\/wp\/v2\/users\/1"}],"replies":[{"embeddable":true,"href":"https:\/\/myseychellesparadise.com\/es\/wp-json\/wp\/v2\/comments?post=21"}],"version-history":[{"count":10,"href":"https:\/\/myseychellesparadise.com\/es\/wp-json\/wp\/v2\/pages\/21\/revisions"}],"predecessor-version":[{"id":10319,"href":"https:\/\/myseychellesparadise.com\/es\/wp-json\/wp\/v2\/pages\/21\/revisions\/10319"}],"wp:attachment":[{"href":"https:\/\/myseychellesparadise.com\/es\/wp-json\/wp\/v2\/media?parent=21"}],"curies":[{"name":"wp","href":"https:\/\/api.w.org\/{rel}","templated":true}]}}