{"id":19,"date":"2023-04-19T10:34:15","date_gmt":"2023-04-19T06:34:15","guid":{"rendered":"https:\/\/myseychellesparadise.com\/?page_id=19"},"modified":"2023-04-19T10:34:15","modified_gmt":"2023-04-19T06:34:15","slug":"die-plantage","status":"publish","type":"page","link":"https:\/\/myseychellesparadise.com\/es\/die-plantage\/","title":{"rendered":"La granja del tesoro"},"content":{"rendered":"<p><strong>Bienvenido a la on\u00edrica Paradise Farm, en las monta\u00f1as de la isla principal de Mah\u00e9, que refleja a la perfecci\u00f3n la magn\u00edfica riqueza de las distintas plantas, especias y hierbas de la regi\u00f3n. <\/strong><\/p>\n\n\n\n<p>En este terreno \u00fanico se pueden encontrar desde pl\u00e1tanos hasta canela, limas, limones, pimientos picantes, papayas, tres variedades diferentes de cocoteros y hierbas como el tomillo y el or\u00e9gano, entre otras. Adem\u00e1s, hay una impresionante vista de la bah\u00eda de Anse Boileau, que presenta una puesta de sol de ensue\u00f1o en las horas nocturnas.<\/p>\n\n\n<div class=\"wp-block-image\">\n<figure class=\"aligncenter size-large\"><img decoding=\"async\" loading=\"lazy\" width=\"1024\" height=\"576\" src=\"https:\/\/myseychellesparadise.com\/wp-content\/uploads\/2021\/05\/2-1024x576.jpg\" alt=\"\" class=\"wp-image-76\" srcset=\"https:\/\/myseychellesparadise.com\/wp-content\/uploads\/2021\/05\/2-1024x576.jpg 1024w, https:\/\/myseychellesparadise.com\/wp-content\/uploads\/2021\/05\/2-scaled-300x169.jpg 300w, https:\/\/myseychellesparadise.com\/wp-content\/uploads\/2021\/05\/2-scaled-600x338.jpg 600w, https:\/\/myseychellesparadise.com\/wp-content\/uploads\/2021\/05\/2-768x432.jpg 768w, https:\/\/myseychellesparadise.com\/wp-content\/uploads\/2021\/05\/2-1536x864.jpg 1536w, https:\/\/myseychellesparadise.com\/wp-content\/uploads\/2021\/05\/2-2048x1152.jpg 2048w, https:\/\/myseychellesparadise.com\/wp-content\/uploads\/2021\/05\/2-16x9.jpg 16w\" sizes=\"(max-width: 1024px) 100vw, 1024px\" \/><\/figure><\/div>\n\n\n<p>La Granja del Tesoro est\u00e1 situada en las monta\u00f1as de Mah\u00e9, en las inmediaciones de la bah\u00eda de Anse Boileau, que ofrece una encantadora puesta de sol en las horas nocturnas. Forme parte de este para\u00edso de ensue\u00f1o y apoye directamente a la poblaci\u00f3n local. <\/p>\n\n\n<div class=\"wp-block-image\">\n<figure class=\"aligncenter size-large\"><img decoding=\"async\" loading=\"lazy\" width=\"1024\" height=\"768\" src=\"https:\/\/myseychellesparadise.com\/wp-content\/uploads\/2021\/05\/4-1-1024x768.jpg\" alt=\"Treasure Farm\" class=\"wp-image-140\" srcset=\"https:\/\/myseychellesparadise.com\/wp-content\/uploads\/2021\/05\/4-1-1024x768.jpg 1024w, https:\/\/myseychellesparadise.com\/wp-content\/uploads\/2021\/05\/4-1-scaled-300x225.jpg 300w, https:\/\/myseychellesparadise.com\/wp-content\/uploads\/2021\/05\/4-1-scaled-600x450.jpg 600w, https:\/\/myseychellesparadise.com\/wp-content\/uploads\/2021\/05\/4-1-768x576.jpg 768w, https:\/\/myseychellesparadise.com\/wp-content\/uploads\/2021\/05\/4-1-1536x1152.jpg 1536w, https:\/\/myseychellesparadise.com\/wp-content\/uploads\/2021\/05\/4-1-2048x1536.jpg 2048w, https:\/\/myseychellesparadise.com\/wp-content\/uploads\/2021\/05\/4-1-16x12.jpg 16w\" sizes=\"(max-width: 1024px) 100vw, 1024px\" \/><\/figure><\/div>\n\n\n<p><\/p>\n\n\n\n<p>Durante todo el a\u00f1o, la granja Treasure cultiva las m\u00e1s bellas frutas y verduras aut\u00f3ctonas de la regi\u00f3n del Oc\u00e9ano \u00cdndico. Jonathan y sus amigos del barrio cuidan las plantas y cosechan frutos sanos y nutritivos de una calidad org\u00e1nica \u00fanica. Sin ning\u00fan producto qu\u00edmico, s\u00f3lo con los conocimientos adecuados y mucho amor y dedicaci\u00f3n, todo el vecindario disfruta de la granja.<\/p>\n\n\n<div class=\"wp-block-image\">\n<figure class=\"aligncenter size-large\"><img decoding=\"async\" loading=\"lazy\" width=\"1024\" height=\"576\" src=\"https:\/\/myseychellesparadise.com\/wp-content\/uploads\/2021\/05\/06banana-1024x576.jpg\" alt=\"Treasure Farm\" class=\"wp-image-136\" srcset=\"https:\/\/myseychellesparadise.com\/wp-content\/uploads\/2021\/05\/06banana-1024x576.jpg 1024w, https:\/\/myseychellesparadise.com\/wp-content\/uploads\/2021\/05\/06banana-scaled-300x169.jpg 300w, https:\/\/myseychellesparadise.com\/wp-content\/uploads\/2021\/05\/06banana-scaled-600x338.jpg 600w, https:\/\/myseychellesparadise.com\/wp-content\/uploads\/2021\/05\/06banana-768x432.jpg 768w, https:\/\/myseychellesparadise.com\/wp-content\/uploads\/2021\/05\/06banana-1536x864.jpg 1536w, https:\/\/myseychellesparadise.com\/wp-content\/uploads\/2021\/05\/06banana-2048x1152.jpg 2048w, https:\/\/myseychellesparadise.com\/wp-content\/uploads\/2021\/05\/06banana-16x9.jpg 16w\" sizes=\"(max-width: 1024px) 100vw, 1024px\" \/><\/figure><\/div>\n\n\n<p><\/p>\n\n\n\n<p>Durante los tiempos dif\u00edciles que Covid-19 tambi\u00e9n trajo a las Seychelles, la Granja del Tesoro cumpli\u00f3 el importante papel de servir como fuente vital de alimentos para el vecindario. Jonathan compart\u00eda todos sus tesoros con todo el mundo, sin pensar en tomar nada a cambio. Esto refleja la interacci\u00f3n c\u00e1lida y socialmente justa que comparten todos los seychelenses.<\/p>\n\n\n<div class=\"wp-block-image\">\n<figure class=\"aligncenter size-large\"><img decoding=\"async\" loading=\"lazy\" width=\"1024\" height=\"768\" src=\"https:\/\/myseychellesparadise.com\/wp-content\/uploads\/2021\/05\/1-1-1024x768.jpg\" alt=\"Buy Treasure Farm\" class=\"wp-image-137\" srcset=\"https:\/\/myseychellesparadise.com\/wp-content\/uploads\/2021\/05\/1-1-1024x768.jpg 1024w, https:\/\/myseychellesparadise.com\/wp-content\/uploads\/2021\/05\/1-1-scaled-300x225.jpg 300w, https:\/\/myseychellesparadise.com\/wp-content\/uploads\/2021\/05\/1-1-scaled-600x450.jpg 600w, https:\/\/myseychellesparadise.com\/wp-content\/uploads\/2021\/05\/1-1-768x576.jpg 768w, https:\/\/myseychellesparadise.com\/wp-content\/uploads\/2021\/05\/1-1-1536x1152.jpg 1536w, https:\/\/myseychellesparadise.com\/wp-content\/uploads\/2021\/05\/1-1-2048x1536.jpg 2048w, https:\/\/myseychellesparadise.com\/wp-content\/uploads\/2021\/05\/1-1-16x12.jpg 16w\" sizes=\"(max-width: 1024px) 100vw, 1024px\" \/><\/figure><\/div>\n\n\n<hr class=\"wp-block-separator has-text-color has-vivid-green-cyan-color has-css-opacity has-vivid-green-cyan-background-color has-background\"\/>\n\n\n<div class=\"wp-block-image\">\n<figure class=\"aligncenter size-large\"><img decoding=\"async\" loading=\"lazy\" width=\"1024\" height=\"768\" src=\"https:\/\/myseychellesparadise.com\/wp-content\/uploads\/2021\/05\/3-2-1024x768.jpg\" alt=\"Buy Seychelles Property\" class=\"wp-image-139\" srcset=\"https:\/\/myseychellesparadise.com\/wp-content\/uploads\/2021\/05\/3-2-1024x768.jpg 1024w, https:\/\/myseychellesparadise.com\/wp-content\/uploads\/2021\/05\/3-2-scaled-300x225.jpg 300w, https:\/\/myseychellesparadise.com\/wp-content\/uploads\/2021\/05\/3-2-scaled-600x450.jpg 600w, https:\/\/myseychellesparadise.com\/wp-content\/uploads\/2021\/05\/3-2-768x576.jpg 768w, https:\/\/myseychellesparadise.com\/wp-content\/uploads\/2021\/05\/3-2-1536x1152.jpg 1536w, https:\/\/myseychellesparadise.com\/wp-content\/uploads\/2021\/05\/3-2-2048x1536.jpg 2048w, https:\/\/myseychellesparadise.com\/wp-content\/uploads\/2021\/05\/3-2-16x12.jpg 16w\" sizes=\"(max-width: 1024px) 100vw, 1024px\" \/><\/figure><\/div>\n\n\n<hr class=\"wp-block-separator has-text-color has-vivid-green-cyan-color has-css-opacity has-vivid-green-cyan-background-color has-background\"\/>\n\n\n<div class=\"wp-block-image\">\n<figure class=\"aligncenter size-large\"><img decoding=\"async\" loading=\"lazy\" width=\"1024\" height=\"768\" src=\"https:\/\/myseychellesparadise.com\/wp-content\/uploads\/2021\/05\/8-1024x768.jpg\" alt=\"Treasure Farm Herbs\" class=\"wp-image-88\" srcset=\"https:\/\/myseychellesparadise.com\/wp-content\/uploads\/2021\/05\/8-1024x768.jpg 1024w, https:\/\/myseychellesparadise.com\/wp-content\/uploads\/2021\/05\/8-scaled-300x225.jpg 300w, https:\/\/myseychellesparadise.com\/wp-content\/uploads\/2021\/05\/8-scaled-600x450.jpg 600w, https:\/\/myseychellesparadise.com\/wp-content\/uploads\/2021\/05\/8-768x576.jpg 768w, https:\/\/myseychellesparadise.com\/wp-content\/uploads\/2021\/05\/8-1536x1152.jpg 1536w, https:\/\/myseychellesparadise.com\/wp-content\/uploads\/2021\/05\/8-2048x1536.jpg 2048w, https:\/\/myseychellesparadise.com\/wp-content\/uploads\/2021\/05\/8-16x12.jpg 16w\" sizes=\"(max-width: 1024px) 100vw, 1024px\" \/><\/figure><\/div>\n\n\n<hr class=\"wp-block-separator has-text-color has-vivid-green-cyan-color has-css-opacity has-vivid-green-cyan-background-color has-background\"\/>\n\n\n<div class=\"wp-block-image\">\n<figure class=\"aligncenter size-large\"><img decoding=\"async\" loading=\"lazy\" width=\"1024\" height=\"576\" src=\"https:\/\/myseychellesparadise.com\/wp-content\/uploads\/2021\/05\/05ausblick2-1024x576.jpg\" alt=\"Buy a piece of paradise\" class=\"wp-image-135\" srcset=\"https:\/\/myseychellesparadise.com\/wp-content\/uploads\/2021\/05\/05ausblick2-1024x576.jpg 1024w, https:\/\/myseychellesparadise.com\/wp-content\/uploads\/2021\/05\/05ausblick2-scaled-300x169.jpg 300w, https:\/\/myseychellesparadise.com\/wp-content\/uploads\/2021\/05\/05ausblick2-scaled-600x337.jpg 600w, https:\/\/myseychellesparadise.com\/wp-content\/uploads\/2021\/05\/05ausblick2-768x432.jpg 768w, https:\/\/myseychellesparadise.com\/wp-content\/uploads\/2021\/05\/05ausblick2-1536x863.jpg 1536w, https:\/\/myseychellesparadise.com\/wp-content\/uploads\/2021\/05\/05ausblick2-2048x1151.jpg 2048w, https:\/\/myseychellesparadise.com\/wp-content\/uploads\/2021\/05\/05ausblick2-16x9.jpg 16w\" sizes=\"(max-width: 1024px) 100vw, 1024px\" \/><\/figure><\/div>\n\n\n<hr class=\"wp-block-separator has-text-color has-vivid-green-cyan-color has-css-opacity has-vivid-green-cyan-background-color has-background\"\/>\n\n\n<div class=\"wp-block-image\">\n<figure class=\"aligncenter size-large\"><img decoding=\"async\" loading=\"lazy\" width=\"1024\" height=\"576\" src=\"https:\/\/myseychellesparadise.com\/wp-content\/uploads\/2021\/05\/5-1-1024x576.jpg\" alt=\"Buy a piece of paradise\" class=\"wp-image-198\" srcset=\"https:\/\/myseychellesparadise.com\/wp-content\/uploads\/2021\/05\/5-1-1024x576.jpg 1024w, https:\/\/myseychellesparadise.com\/wp-content\/uploads\/2021\/05\/5-1-300x169.jpg 300w, https:\/\/myseychellesparadise.com\/wp-content\/uploads\/2021\/05\/5-1-600x338.jpg 600w, https:\/\/myseychellesparadise.com\/wp-content\/uploads\/2021\/05\/5-1-768x432.jpg 768w, https:\/\/myseychellesparadise.com\/wp-content\/uploads\/2021\/05\/5-1-1536x864.jpg 1536w, https:\/\/myseychellesparadise.com\/wp-content\/uploads\/2021\/05\/5-1-16x9.jpg 16w, https:\/\/myseychellesparadise.com\/wp-content\/uploads\/2021\/05\/5-1.jpg 1600w\" sizes=\"(max-width: 1024px) 100vw, 1024px\" \/><\/figure><\/div>\n\n\n<hr class=\"wp-block-separator has-text-color has-vivid-green-cyan-color has-css-opacity has-vivid-green-cyan-background-color has-background\"\/>\n\n\n\n<p><strong>Por supuesto, siempre ser\u00e1 bienvenido a pasar un d\u00eda con Jonathan en \"su\" granja. <\/strong><\/p>\n\n\n\n<p>Asen juntos un \"pargo\", beban un zumo fr\u00edo de naranjas reci\u00e9n recolectadas y disfruten de la impresionante puesta de sol al atardecer. El mejor amigo de Jonathan, Jockey, estar\u00e1 encantado de llevarle del hotel a la granja y de vuelta por la noche. Jockey tambi\u00e9n ofrece fant\u00e1sticas excursiones por la isla y le permite conocer todas las playas de ensue\u00f1o de la isla de Mah\u00e9.<\/p>\n\n\n<div class=\"wp-block-image is-style-rounded\">\n<figure class=\"aligncenter size-large\"><img decoding=\"async\" loading=\"lazy\" width=\"1024\" height=\"683\" src=\"https:\/\/myseychellesparadise.com\/wp-content\/uploads\/2021\/05\/09JockJon-1024x683.jpg\" alt=\"\" class=\"wp-image-146\" srcset=\"https:\/\/myseychellesparadise.com\/wp-content\/uploads\/2021\/05\/09JockJon-1024x683.jpg 1024w, https:\/\/myseychellesparadise.com\/wp-content\/uploads\/2021\/05\/09JockJon-scaled-300x200.jpg 300w, https:\/\/myseychellesparadise.com\/wp-content\/uploads\/2021\/05\/09JockJon-scaled-600x400.jpg 600w, https:\/\/myseychellesparadise.com\/wp-content\/uploads\/2021\/05\/09JockJon-768x512.jpg 768w, https:\/\/myseychellesparadise.com\/wp-content\/uploads\/2021\/05\/09JockJon-1536x1024.jpg 1536w, https:\/\/myseychellesparadise.com\/wp-content\/uploads\/2021\/05\/09JockJon-2048x1365.jpg 2048w, https:\/\/myseychellesparadise.com\/wp-content\/uploads\/2021\/05\/09JockJon-16x12.jpg 16w\" sizes=\"(max-width: 1024px) 100vw, 1024px\" \/><figcaption class=\"wp-element-caption\">Jockey y Jonathan<\/figcaption><\/figure><\/div>\n\n\n<hr class=\"wp-block-separator has-text-color has-vivid-green-cyan-color has-css-opacity has-vivid-green-cyan-background-color has-background\"\/>\n\n\n\n<p>Acomp\u00e1\u00f1enos en un peque\u00f1o viaje por las Seychelles hasta la Granja del Tesoro<\/p>\n\n\n\n<p><\/p>\n\n\n\n<figure class=\"wp-block-embed aligncenter is-type-video is-provider-youtube wp-block-embed-youtube wp-embed-aspect-16-9 wp-has-aspect-ratio\"><div class=\"wp-block-embed__wrapper\">\n<iframe loading=\"lazy\" title=\"Seychelles - Compre un pedazo de para\u00edso\" width=\"1260\" height=\"709\" src=\"https:\/\/www.youtube.com\/embed\/MGnKHpwK2Vc?feature=oembed\" frameborder=\"0\" allow=\"accelerometer; autoplay; clipboard-write; encrypted-media; gyroscope; picture-in-picture\" allowfullscreen><\/iframe>\n<\/div><\/figure>","protected":false},"excerpt":{"rendered":"<p>Bienvenido a la magn\u00edfica Paradise Farm, en las monta\u00f1as de la isla principal de Mah\u00e9, que refleja a la perfecci\u00f3n la magn\u00edfica riqueza de las diferentes plantas, especias y hierbas de la regi\u00f3n. Todo, desde pl\u00e1tanos, hasta canela, limas, limones, chiles, papayas, tres variedades diferentes de cocoteros, hasta hierbas como tomillo, or\u00e9gano y mucho, mucho m\u00e1s.<span class=\"more-link\"><a href=\"https:\/\/myseychellesparadise.com\/es\/die-plantage\/\">Seguir leyendo<\/a><\/span><\/p>","protected":false},"author":1,"featured_media":0,"parent":0,"menu_order":0,"comment_status":"closed","ping_status":"closed","template":"","meta":{"footnotes":""},"_links":{"self":[{"href":"https:\/\/myseychellesparadise.com\/es\/wp-json\/wp\/v2\/pages\/19"}],"collection":[{"href":"https:\/\/myseychellesparadise.com\/es\/wp-json\/wp\/v2\/pages"}],"about":[{"href":"https:\/\/myseychellesparadise.com\/es\/wp-json\/wp\/v2\/types\/page"}],"author":[{"embeddable":true,"href":"https:\/\/myseychellesparadise.com\/es\/wp-json\/wp\/v2\/users\/1"}],"replies":[{"embeddable":true,"href":"https:\/\/myseychellesparadise.com\/es\/wp-json\/wp\/v2\/comments?post=19"}],"version-history":[{"count":28,"href":"https:\/\/myseychellesparadise.com\/es\/wp-json\/wp\/v2\/pages\/19\/revisions"}],"predecessor-version":[{"id":10497,"href":"https:\/\/myseychellesparadise.com\/es\/wp-json\/wp\/v2\/pages\/19\/revisions\/10497"}],"wp:attachment":[{"href":"https:\/\/myseychellesparadise.com\/es\/wp-json\/wp\/v2\/media?parent=19"}],"curies":[{"name":"wp","href":"https:\/\/api.w.org\/{rel}","templated":true}]}}