{"id":17,"date":"2023-04-19T10:34:10","date_gmt":"2023-04-19T06:34:10","guid":{"rendered":"https:\/\/myseychellesparadise.com\/?page_id=17"},"modified":"2023-04-19T10:34:10","modified_gmt":"2023-04-19T06:34:10","slug":"seychellen","status":"publish","type":"page","link":"https:\/\/myseychellesparadise.com\/es\/seychellen\/","title":{"rendered":"Seychelles"},"content":{"rendered":"<p><\/p>\n\n\n\n<div class=\"wp-block-columns is-layout-flex wp-container-3 wp-block-columns-is-layout-flex\">\n<div class=\"wp-block-column is-layout-flow wp-block-column-is-layout-flow\" style=\"flex-basis:33.33%\">\n<p class=\"has-text-align-left\"><strong>Las Seychelles, son uno de los verdaderos para\u00edsos de esta tierra, que encantan no s\u00f3lo por una enorme biodiversidad, sino sobre todo por los multiculturales y multi\u00e9tnicos seychelenses, que viven una cordial apertura.<\/strong><\/p>\n\n\n\n<p>Debido a la lejan\u00eda de las islas y a la gran distancia que las separa del continente, se cre\u00f3 un ecosistema \u00fanico, que pudo desarrollarse de forma totalmente inalterada y que sigue teniendo una flora y una fauna \u00fanicas.<\/p>\n\n\n\n<p>Cada isla tiene su propia topograf\u00eda y caracter\u00edsticas \u00fanicas, que han dado lugar a un gran n\u00famero de animales y plantas raras.<\/p>\n<\/div>\n\n\n\n<div class=\"wp-block-column is-layout-flow wp-block-column-is-layout-flow\" style=\"flex-basis:66.66%\"><div class=\"wp-block-image\">\n<figure class=\"aligncenter size-large is-resized\"><a href=\"https:\/\/myseychellesparadise.com\/wp-content\/uploads\/2021\/05\/80259497_m.jpg\" target=\"_blank\" rel=\"noopener\"><img decoding=\"async\" loading=\"lazy\" src=\"https:\/\/myseychellesparadise.com\/wp-content\/uploads\/2021\/05\/80259497_m-1024x955.jpg\" alt=\"\" class=\"wp-image-104\" width=\"512\" height=\"478\" srcset=\"https:\/\/myseychellesparadise.com\/wp-content\/uploads\/2021\/05\/80259497_m-1024x955.jpg 1024w, https:\/\/myseychellesparadise.com\/wp-content\/uploads\/2021\/05\/80259497_m-300x280.jpg 300w, https:\/\/myseychellesparadise.com\/wp-content\/uploads\/2021\/05\/80259497_m-600x560.jpg 600w, https:\/\/myseychellesparadise.com\/wp-content\/uploads\/2021\/05\/80259497_m-768x717.jpg 768w, https:\/\/myseychellesparadise.com\/wp-content\/uploads\/2021\/05\/80259497_m-1536x1433.jpg 1536w, https:\/\/myseychellesparadise.com\/wp-content\/uploads\/2021\/05\/80259497_m-2048x1911.jpg 2048w, https:\/\/myseychellesparadise.com\/wp-content\/uploads\/2021\/05\/80259497_m-13x12.jpg 13w\" sizes=\"(max-width: 512px) 100vw, 512px\" \/><\/a><figcaption class=\"wp-element-caption\"><strong>Haga clic para ampliar<\/strong><\/figcaption><\/figure><\/div><\/div>\n<\/div>\n\n\n\n<h3 class=\"wp-block-heading\">Ubicaci\u00f3n, flora y fauna \u00fanicas<\/h3>\n\n\n\n<p>Uno de los ejemplos m\u00e1s conocidos es el Coco de Mer, tambi\u00e9n conocido como la palmera de las Seychelles. Su inusual forma de doble nuez, que se asemeja a la pelvis femenina, tiene la semilla m\u00e1s grande de todo el mundo vegetal. Para admirar esta particular palmera, hay que visitar las islas menores de Praslin y Curieuse, ya que rara vez se encuentran en la isla principal de Mah\u00e9 o La Digue. Las Seychelles tambi\u00e9n albergan el raro \u00e1rbol de las medusas, la tortuga m\u00e1s pesada del mundo y la diminuta rana arbor\u00edcola de las Seychelles.<\/p>\n\n\n<div class=\"wp-block-image\">\n<figure class=\"aligncenter size-large\"><img decoding=\"async\" loading=\"lazy\" width=\"1024\" height=\"683\" src=\"https:\/\/myseychellesparadise.com\/wp-content\/uploads\/2021\/05\/53695550_m-1024x683.jpg\" alt=\"Buy Seychelles\" class=\"wp-image-103\" srcset=\"https:\/\/myseychellesparadise.com\/wp-content\/uploads\/2021\/05\/53695550_m-1024x683.jpg 1024w, https:\/\/myseychellesparadise.com\/wp-content\/uploads\/2021\/05\/53695550_m-300x200.jpg 300w, https:\/\/myseychellesparadise.com\/wp-content\/uploads\/2021\/05\/53695550_m-600x400.jpg 600w, https:\/\/myseychellesparadise.com\/wp-content\/uploads\/2021\/05\/53695550_m-768x512.jpg 768w, https:\/\/myseychellesparadise.com\/wp-content\/uploads\/2021\/05\/53695550_m-1536x1025.jpg 1536w, https:\/\/myseychellesparadise.com\/wp-content\/uploads\/2021\/05\/53695550_m-2048x1366.jpg 2048w, https:\/\/myseychellesparadise.com\/wp-content\/uploads\/2021\/05\/53695550_m-16x12.jpg 16w\" sizes=\"(max-width: 1024px) 100vw, 1024px\" \/><\/figure><\/div>\n\n\n<h3 class=\"wp-block-heading\">Primera liquidaci\u00f3n<\/h3>\n\n\n\n<p>Cuando los franceses descubrieron y se instalaron en estas hermosas islas, quedaron tan impresionados por la belleza de los bosques que incluso la llamaron \"Ile de Abondance\" en las primeras cartas marinas, que significa \"Isla de la Abundancia\".<\/p>\n\n\n\n<p>Las Seychelles de hoy son un verdadero para\u00edso de ensue\u00f1o, a pesar de los cambios que se produjeron gradualmente a ra\u00edz del asentamiento en 1770. Las plantaciones de coco se cultivaron sistem\u00e1ticamente y se introdujeron plantas cultivadas, como la canela de Madagascar o la vainilla de Centroam\u00e9rica. Sin embargo, ambas ya no se cultivan en grandes cantidades, ya que, por un lado, el cultivo de la canela result\u00f3 poco rentable debido al bajo precio del mercado mundial y, por otro, la vainilla cultivada, una especie de orqu\u00eddea, muri\u00f3 en gran parte debido a las enfermedades. Por ello, hoy en d\u00eda se exporta poca vainilla.<\/p>\n\n\n\n<p>Sin embargo, en algunas islas de granito todav\u00eda se puede encontrar la vainilla silvestre con sus hermosas flores de color salm\u00f3n. Asimismo, en las regiones monta\u00f1osas m\u00e1s altas de las Seychelles se encuentran cantidades m\u00e1s peque\u00f1as de clavo. Toda la variedad de frutas tropicales que crecen en las islas, como el mango, la pi\u00f1a, la guayaba, el pl\u00e1tano, los cocos, los lichis, el fruto del pan, las papayas, el corosol y los frutos del \u00e1rbol bilimbi (\u00e1rbol del pepino) se pueden encontrar en el encantador y colorido mercado de Victoria.<\/p>\n\n\n<div class=\"wp-block-image\">\n<figure class=\"aligncenter size-large\"><img decoding=\"async\" loading=\"lazy\" width=\"1024\" height=\"675\" src=\"https:\/\/myseychellesparadise.com\/wp-content\/uploads\/2021\/05\/40019073_m-1024x675.jpg\" alt=\"Seychelles Paradise\" class=\"wp-image-102\" srcset=\"https:\/\/myseychellesparadise.com\/wp-content\/uploads\/2021\/05\/40019073_m-1024x675.jpg 1024w, https:\/\/myseychellesparadise.com\/wp-content\/uploads\/2021\/05\/40019073_m-300x198.jpg 300w, https:\/\/myseychellesparadise.com\/wp-content\/uploads\/2021\/05\/40019073_m-600x396.jpg 600w, https:\/\/myseychellesparadise.com\/wp-content\/uploads\/2021\/05\/40019073_m-768x506.jpg 768w, https:\/\/myseychellesparadise.com\/wp-content\/uploads\/2021\/05\/40019073_m-1536x1013.jpg 1536w, https:\/\/myseychellesparadise.com\/wp-content\/uploads\/2021\/05\/40019073_m-2048x1350.jpg 2048w, https:\/\/myseychellesparadise.com\/wp-content\/uploads\/2021\/05\/40019073_m-16x12.jpg 16w\" sizes=\"(max-width: 1024px) 100vw, 1024px\" \/><figcaption class=\"wp-element-caption\">Encantador, impresionante, sobrecogedor y diverso son descripciones que no hacen justicia a la verdadera belleza. No es de extra\u00f1ar que a los lugare\u00f1os les guste recibir a los visitantes con las palabras \"\u00a1Bienvenidos al para\u00edso!<\/figcaption><\/figure><\/div>\n\n\n<p><strong>Influencia de la gesti\u00f3n<\/strong><\/p>\n\n\n\n<p>El cocotero es una planta de muy bajo mantenimiento y totalmente explotable, por lo que tiene un gran inter\u00e9s econ\u00f3mico. Desde el tronco, que se utiliza para la fabricaci\u00f3n de muebles, pasando por las hojas, que se transforman en techos, as\u00ed como las fibras, que se utilizan como material de relleno de cojines y colchones, hasta los cocos, de cuya carne seca se extrae el aceite de coco, hay pocas plantas que puedan aprovecharse tan completamente. Por lo tanto, no es de extra\u00f1ar que las plantaciones de cocoteros hayan desplazado partes considerables de los bosques primitivos en el transcurso del tiempo.<\/p>\n\n\n\n<p>La deforestaci\u00f3n y la exportaci\u00f3n de maderas aut\u00f3ctonas, como el Bois de Fer (madera de hierro), tambi\u00e9n provocaron un cambio duradero y grave en la fauna.<\/p>\n\n\n\n<p>Afortunadamente, a mediados del siglo XX, los seychelenses reconocieron el da\u00f1o a largo plazo que estaban causando a la flora y la fauna de su isla y se esforzaron por reforestar sus bosques. Se interrumpi\u00f3 el comercio de maderas tropicales y se replantaron varias especies de \u00e1rboles, como el bois noir, el palo de rosa y la caoba, en las zonas despejadas.<\/p>\n\n\n<div class=\"wp-block-image is-style-default\">\n<figure class=\"aligncenter size-large\"><img decoding=\"async\" loading=\"lazy\" width=\"1024\" height=\"683\" src=\"https:\/\/myseychellesparadise.com\/wp-content\/uploads\/2021\/05\/155657848_m-1024x683.jpg\" alt=\"\" class=\"wp-image-212\" srcset=\"https:\/\/myseychellesparadise.com\/wp-content\/uploads\/2021\/05\/155657848_m-1024x683.jpg 1024w, https:\/\/myseychellesparadise.com\/wp-content\/uploads\/2021\/05\/155657848_m-300x200.jpg 300w, https:\/\/myseychellesparadise.com\/wp-content\/uploads\/2021\/05\/155657848_m-600x400.jpg 600w, https:\/\/myseychellesparadise.com\/wp-content\/uploads\/2021\/05\/155657848_m-768x513.jpg 768w, https:\/\/myseychellesparadise.com\/wp-content\/uploads\/2021\/05\/155657848_m-1536x1025.jpg 1536w, https:\/\/myseychellesparadise.com\/wp-content\/uploads\/2021\/05\/155657848_m-2048x1367.jpg 2048w, https:\/\/myseychellesparadise.com\/wp-content\/uploads\/2021\/05\/155657848_m-16x12.jpg 16w\" sizes=\"(max-width: 1024px) 100vw, 1024px\" \/><figcaption class=\"wp-element-caption\">Plantaci\u00f3n de vainilla en las Seychelles<\/figcaption><\/figure><\/div>\n\n\n<p><strong>Una fauna \u00fanica en el aire, en la tierra y en el agua<\/strong><\/p>\n\n\n\n<p>La abundancia de vida salvaje es \u00fanica en las Seychelles debido a su lejan\u00eda. Por ello, este bello archipi\u00e9lago es un para\u00edso para ornit\u00f3logos, investigadores y amantes de la naturaleza de todo tipo. S\u00f3lo aqu\u00ed se pueden encontrar 13 especies de aves y 17 subespecies. Se puede observar un espect\u00e1culo especial cuando las gigantescas colonias de charranes de holl\u00edn y charranes de hadas se reproducen en la \"Isla de los P\u00e1jaros\" durante los meses de verano.<\/p>\n\n\n\n<p><\/p>\n\n\n\n<div class=\"wp-block-columns is-layout-flex wp-container-6 wp-block-columns-is-layout-flex\">\n<div class=\"wp-block-column is-layout-flow wp-block-column-is-layout-flow\" style=\"flex-basis:33.33%\">\n<p>S\u00f3lo un mam\u00edfero era nativo de las Seychelles antes que los humanos, y es el zorro volador de las Seychelles. Este murci\u00e9lago herb\u00edvoro, que se desliza silenciosamente por el cielo nocturno con una impresionante envergadura de hasta 1 metro, recuerda a las historias de vampiros. Pero todo lo que consumen son deliciosos frutos, que mordisquean colgados boca abajo directamente de los \u00e1rboles.<\/p>\n<\/div>\n\n\n\n<div class=\"wp-block-column is-layout-flow wp-block-column-is-layout-flow\" style=\"flex-basis:66.66%\"><div class=\"wp-block-image\">\n<figure class=\"aligncenter size-large is-resized\"><img decoding=\"async\" loading=\"lazy\" src=\"https:\/\/myseychellesparadise.com\/wp-content\/uploads\/2021\/05\/sey-flughund.jpg\" alt=\"\" class=\"wp-image-221\" width=\"400\" height=\"271\" srcset=\"https:\/\/myseychellesparadise.com\/wp-content\/uploads\/2021\/05\/sey-flughund.jpg 800w, https:\/\/myseychellesparadise.com\/wp-content\/uploads\/2021\/05\/sey-flughund-300x203.jpg 300w, https:\/\/myseychellesparadise.com\/wp-content\/uploads\/2021\/05\/sey-flughund-600x407.jpg 600w, https:\/\/myseychellesparadise.com\/wp-content\/uploads\/2021\/05\/sey-flughund-768x520.jpg 768w, https:\/\/myseychellesparadise.com\/wp-content\/uploads\/2021\/05\/sey-flughund-16x12.jpg 16w\" sizes=\"(max-width: 400px) 100vw, 400px\" \/><figcaption class=\"wp-element-caption\">Seychelles Flight Fox<\/figcaption><\/figure><\/div><\/div>\n<\/div>\n\n\n\n<p>Lo m\u00e1s tranquilizador es que en las Seychelles no viven animales venenosos.  Pero hay diferentes tipos de lagartijas, peque\u00f1as serpientes muy t\u00edmidas y numerosas salamanquesas trepadoras \u00e1giles que acechan en las horas nocturnas en las paredes y techos en busca de moscas.<\/p>\n\n\n\n<p>La vida de los insectos tambi\u00e9n es \u00fanica, alrededor de 65% de ellos se encuentran exclusivamente en estas hermosas islas.<\/p>\n\n\n\n<p>La vida mar\u00edtima es un verdadero Eldorado para los buceadores, para el snorkel y para los pescadores. Al estar prohibida la pesca con redes de arrastre, el mundo submarino se ha mantenido pr\u00e1cticamente intacto en las \u00faltimas d\u00e9cadas. Podr\u00e1 admirar toda la gama de peces tropicales, desde varias especies de peces espinosos y cartilaginosos, peces payaso, peces tigre de tres rayas, peces trompeta, peces \u00e1ngel de tres manchas, peces rana, falsos pargos de rayas anchas, el pargo rojo y muchos m\u00e1s.<\/p>\n\n\n\n<p>Una caracter\u00edstica especial es el saltamontes, que utiliza dos h\u00e1bitats a la vez. Puede encontrarse tanto en el agua como en la tierra. Este pez anfibio de 5-10 cm de tama\u00f1o, vive preferentemente entre las ramas de los manglares o en las rocas de granito de las costas. Las rayas, las ballenas, los delfines, los tiburones de punta blanca y los tiburones nodriza tambi\u00e9n se sienten como en casa en las islas Seychelles.<\/p>\n\n\n\n<p>Una menci\u00f3n especial, sin embargo, merecen las gr\u00e1ciles tortugas marinas, cuya poblaci\u00f3n, a diferencia de los primeros a\u00f1os, se ha visto significativamente diezmada, pero que ahora est\u00e1n bajo conservaci\u00f3n. Esto hace que cada a\u00f1o m\u00e1s de 1000 hembras desembarquen en la isla de Aldabra para poner sus huevos. Este hermoso atol\u00f3n insular es el lugar de puesta de huevos m\u00e1s importante del Oc\u00e9ano \u00cdndico.<\/p>\n\n\n\n<p>Todos los animales mencionados, se encuentran, por supuesto, no s\u00f3lo en las playas seleccionadas, sino tambi\u00e9n durante una excursi\u00f3n normal de snorkel siempre hay un encuentro con los delfines, las tortugas y en casos individuales tambi\u00e9n con los tiburones, pero en su mayor\u00eda sin incidentes importantes.<\/p>\n\n\n\n<p><strong>Conservaci\u00f3n de la naturaleza<\/strong><\/p>\n\n\n\n<p>Como en cualquier otro pa\u00eds, durante un tiempo se prest\u00f3 poca atenci\u00f3n a la protecci\u00f3n de los recursos naturales en las Seychelles. Pero r\u00e1pidamente desarroll\u00f3 una aguda conciencia de estos incre\u00edbles tesoros naturales. Los errores del pasado se corrigieron con diversas medidas y con gran compromiso. Muchas zonas del mundo mar\u00edtimo est\u00e1n bajo estricta conservaci\u00f3n, se han creado parques nacionales y las islas de Aldabra, Cousin y Aride son santuarios de aves a los que s\u00f3lo se puede entrar en compa\u00f1\u00eda de cient\u00edficos autorizados. Aldabra, uno de los mayores atolones del mundo, y el Valle\u00e9 de Mai, en la isla de Praslin, est\u00e1n inscritos en la lista del Patrimonio Mundial de la UNESCO.<\/p>\n\n\n\n<p>Se ha llegado a otro fabuloso acuerdo con algunos propietarios privados de algunas islas menores en las que se han creado algunos complejos de lujo muy bonitos y caros. Gran parte de estos ingresos se destinan directamente a proyectos de conservaci\u00f3n.<\/p>\n\n\n\n<p>El gobierno y los medios de comunicaci\u00f3n tambi\u00e9n est\u00e1n haciendo mucho para sensibilizar a la poblaci\u00f3n local sobre su naturaleza. Las campa\u00f1as educativas sobre las consecuencias de la eliminaci\u00f3n inadecuada de la basura y los aparatos el\u00e9ctricos, as\u00ed como la prohibici\u00f3n de la deforestaci\u00f3n no autorizada de palmeras y \u00e1rboles, son s\u00f3lo una peque\u00f1a parte de las medidas que conducen a una mayor sensibilidad de la poblaci\u00f3n.<\/p>\n\n\n\n<p>En definitiva, las Seychelles est\u00e1n en un camino muy bueno y progresista para proteger y preservar su maravilloso para\u00edso.<\/p>","protected":false},"excerpt":{"rendered":"<p>Las Seychelles son uno de los verdaderos para\u00edsos del mundo, encantadoras no s\u00f3lo por su enorme biodiversidad, sino sobre todo por los multiculturales y multi\u00e9tnicos seychelles, que viven con un esp\u00edritu de cordial apertura. Debido a la lejan\u00eda de las islas y a la gran distancia que las separa del continente, ha surgido un ecosistema \u00fanico que se encuentra en total sinton\u00eda con el resto del mundo.<span class=\"more-link\"><a href=\"https:\/\/myseychellesparadise.com\/es\/seychellen\/\">Seguir leyendo<\/a><\/span><\/p>","protected":false},"author":1,"featured_media":0,"parent":0,"menu_order":0,"comment_status":"closed","ping_status":"closed","template":"","meta":{"footnotes":""},"_links":{"self":[{"href":"https:\/\/myseychellesparadise.com\/es\/wp-json\/wp\/v2\/pages\/17"}],"collection":[{"href":"https:\/\/myseychellesparadise.com\/es\/wp-json\/wp\/v2\/pages"}],"about":[{"href":"https:\/\/myseychellesparadise.com\/es\/wp-json\/wp\/v2\/types\/page"}],"author":[{"embeddable":true,"href":"https:\/\/myseychellesparadise.com\/es\/wp-json\/wp\/v2\/users\/1"}],"replies":[{"embeddable":true,"href":"https:\/\/myseychellesparadise.com\/es\/wp-json\/wp\/v2\/comments?post=17"}],"version-history":[{"count":28,"href":"https:\/\/myseychellesparadise.com\/es\/wp-json\/wp\/v2\/pages\/17\/revisions"}],"predecessor-version":[{"id":10496,"href":"https:\/\/myseychellesparadise.com\/es\/wp-json\/wp\/v2\/pages\/17\/revisions\/10496"}],"wp:attachment":[{"href":"https:\/\/myseychellesparadise.com\/es\/wp-json\/wp\/v2\/media?parent=17"}],"curies":[{"name":"wp","href":"https:\/\/api.w.org\/{rel}","templated":true}]}}