{"id":155,"date":"2021-05-11T14:31:53","date_gmt":"2021-05-11T10:31:53","guid":{"rendered":"https:\/\/myseychellesparadise.com\/?page_id=155"},"modified":"2021-05-11T14:37:39","modified_gmt":"2021-05-11T10:37:39","slug":"faq","status":"publish","type":"page","link":"https:\/\/myseychellesparadise.com\/es\/faq\/","title":{"rendered":"PREGUNTAS FRECUENTES"},"content":{"rendered":"<p><strong>Respondemos a algunas de las preguntas m\u00e1s comunes sobre nuestra granja en el para\u00edso. Si tiene alguna otra pregunta, esperamos que nos la haga llegar. <a href=\"https:\/\/myseychellesparadise.com\/es\/about-us\/\" data-type=\"page\" data-id=\"21\">CONTACTO<\/a><\/strong><\/p>\n\n\n\n<h2 class=\"wp-block-heading\">\u00bfD\u00f3nde se encuentran las Seychelles?<\/h2>\n\n\n\n<p>Las Seychelles forman parte topogr\u00e1ficamente de \u00c1frica. Se encuentran en la parte norte y oeste de la dorsal de Mascarene, un umbral submarino en la parte occidental del oc\u00e9ano \u00cdndico. Al sur de las Seychelles, frente a la costa de \u00c1frica oriental, se encuentran los estados insulares de Madagascar, Mauricio y las Comoras.<\/p>\n\n\n\n<h2 class=\"wp-block-heading\">\u00bfQu\u00e9 tama\u00f1o tiene la Granja del Tesoro?<\/h2>\n\n\n\n<p>La granja tiene una superficie total de unos 200 acres, es decir, unos 0,8 kil\u00f3metros cuadrados. Se encuentra en las monta\u00f1as, el terreno est\u00e1 ligeramente inclinado. Jonathan tiene en el trabajo minucioso y largo todos los peque\u00f1os campos y camas en terrazas, por lo que la superficie pura es en consecuencia algo mayor.  Su copropiedad se extiende a toda la zona.<\/p>\n\n\n\n<h2 class=\"wp-block-heading\">\u00bfPuedo visitar \"mi\" granja?<\/h2>\n\n\n\n<p>Siempre son bienvenidos a pasar un d\u00eda en su granja. Estaremos encantados de ponernos en contacto directamente con usted y organizar la recogida por parte de nuestro amigo Jocky, que tambi\u00e9n le llevar\u00e1 de vuelta por la noche.<\/p>\n\n\n\n<h2 class=\"wp-block-heading\">\u00bfHabr\u00e1 alg\u00fan coste adicional para m\u00ed?<\/h2>\n\n\n\n<p>No, definitivamente no. Es un acuerdo privado y con la compra de su acci\u00f3n con nosotros todo est\u00e1 pagado. No hay m\u00e1s costes para usted ni ahora ni en el futuro.<\/p>\n\n\n\n<h2 class=\"wp-block-heading\">\u00bfQu\u00e9 puedo hacer con la granja?<\/h2>\n\n\n\n<p>Enti\u00e9ndalo m\u00e1s bien como una copropiedad simb\u00f3lica. Todos los derechos siguen siendo de Jonathan, por supuesto, y \u00e9l se encarga de la granja y las plantas. No hay nada en contra de acampar en el jard\u00edn, pero, por favor, no planees construir una casa.<\/p>\n\n\n\n<h2 class=\"wp-block-heading\">\u00bfCu\u00e1nto tiempo se tarda en enviar los certificados?<\/h2>\n\n\n\n<p>Su certificado se fabricar\u00e1 en Alemania y se enviar\u00e1 desde all\u00ed. Enviamos por correo a\u00e9reo en menos de 24 horas. Poco despu\u00e9s de su pedido, recibir\u00e1 un enlace de descarga con su certificado personalizado, as\u00ed como el folleto con toda la informaci\u00f3n sobre las Seychelles y la granja.<\/p>\n\n\n\n<hr class=\"wp-block-separator has-text-color has-background has-vivid-green-cyan-background-color has-vivid-green-cyan-color\"\/>\n\n\n\n<div class=\"wp-block-image\"><figure class=\"aligncenter size-large\"><img decoding=\"async\" loading=\"lazy\" width=\"1024\" height=\"683\" src=\"https:\/\/myseychellesparadise.com\/wp-content\/uploads\/2021\/05\/21156639_m-1024x683.jpg\" alt=\"Seychelles Piece of Paradise\" class=\"wp-image-101\" srcset=\"https:\/\/myseychellesparadise.com\/wp-content\/uploads\/2021\/05\/21156639_m-1024x683.jpg 1024w, https:\/\/myseychellesparadise.com\/wp-content\/uploads\/2021\/05\/21156639_m-300x200.jpg 300w, https:\/\/myseychellesparadise.com\/wp-content\/uploads\/2021\/05\/21156639_m-600x400.jpg 600w, https:\/\/myseychellesparadise.com\/wp-content\/uploads\/2021\/05\/21156639_m-768x512.jpg 768w, https:\/\/myseychellesparadise.com\/wp-content\/uploads\/2021\/05\/21156639_m-1536x1024.jpg 1536w, https:\/\/myseychellesparadise.com\/wp-content\/uploads\/2021\/05\/21156639_m-2048x1365.jpg 2048w, https:\/\/myseychellesparadise.com\/wp-content\/uploads\/2021\/05\/21156639_m-16x12.jpg 16w\" sizes=\"(max-width: 1024px) 100vw, 1024px\" \/><\/figure><\/div>","protected":false},"excerpt":{"rendered":"<p>Respondemos a algunas de las preguntas m\u00e1s frecuentes sobre nuestra granja en el para\u00edso. Si tiene alguna otra pregunta, estamos deseando escucharla. CONTACTO \u00bfD\u00f3nde se encuentran las Seychelles? Topogr\u00e1ficamente, las Seychelles pertenecen a \u00c1frica. Se encuentran en la parte norte y oeste de la dorsal de Mascarene, un umbral submarino en la parte occidental de<span class=\"more-link\"><a href=\"https:\/\/myseychellesparadise.com\/es\/faq\/\">Seguir leyendo<\/a><\/span><\/p>","protected":false},"author":1,"featured_media":0,"parent":0,"menu_order":0,"comment_status":"closed","ping_status":"closed","template":"","meta":{"footnotes":""},"_links":{"self":[{"href":"https:\/\/myseychellesparadise.com\/es\/wp-json\/wp\/v2\/pages\/155"}],"collection":[{"href":"https:\/\/myseychellesparadise.com\/es\/wp-json\/wp\/v2\/pages"}],"about":[{"href":"https:\/\/myseychellesparadise.com\/es\/wp-json\/wp\/v2\/types\/page"}],"author":[{"embeddable":true,"href":"https:\/\/myseychellesparadise.com\/es\/wp-json\/wp\/v2\/users\/1"}],"replies":[{"embeddable":true,"href":"https:\/\/myseychellesparadise.com\/es\/wp-json\/wp\/v2\/comments?post=155"}],"version-history":[{"count":4,"href":"https:\/\/myseychellesparadise.com\/es\/wp-json\/wp\/v2\/pages\/155\/revisions"}],"predecessor-version":[{"id":161,"href":"https:\/\/myseychellesparadise.com\/es\/wp-json\/wp\/v2\/pages\/155\/revisions\/161"}],"wp:attachment":[{"href":"https:\/\/myseychellesparadise.com\/es\/wp-json\/wp\/v2\/media?parent=155"}],"curies":[{"name":"wp","href":"https:\/\/api.w.org\/{rel}","templated":true}]}}