{"id":10291,"date":"2023-04-19T10:34:04","date_gmt":"2023-04-19T06:34:04","guid":{"rendered":"https:\/\/myseychellesparadise.com\/?page_id=10291"},"modified":"2023-04-19T10:34:04","modified_gmt":"2023-04-19T06:34:04","slug":"lord-titel","status":"publish","type":"page","link":"https:\/\/myseychellesparadise.com\/es\/lord-titel\/","title":{"rendered":"T\u00edtulo del Se\u00f1or"},"content":{"rendered":"<p>Este t\u00edtulo nobiliario es un arist\u00f3nimo con el que te divertir\u00e1s mucho. Impresione a los que le rodean colocando el certificado de nombramiento bien visible en su sal\u00f3n o despacho. Rod\u00e9ate de galones aristocr\u00e1ticos, como una taza de caf\u00e9 o una almohada con tu escudo y tu t\u00edtulo. Disfruta mostrando tu nuevo t\u00edtulo nobiliario como sufijo del nombre en tus tarjetas de visita y en el membrete de tus cartas, se\u00f1alando lo respetuoso que eres como <strong>Se\u00f1or y Se\u00f1ora de Anse Boileau<\/strong> de repente ser tratado en el restaurante cuando usted hace una reserva.<\/p>\n\n\n\n<p><strong>\u00bfC\u00f3mo puedo llevar mi t\u00edtulo de nobleza?<\/strong><\/p>\n\n\n\n<p>Puedes llevar el t\u00edtulo como quieras.<\/p>\n\n\n\n<p><strong>He aqu\u00ed algunos ejemplos:<\/strong><\/p>\n\n\n\n<ul>\n<li>Max Smith, Se\u00f1or de Anse Boileau<\/li>\n\n\n\n<li>Lord Max de Anse Boileau<\/li>\n\n\n\n<li>Lord Max Smith de Anse Boileau<\/li>\n<\/ul>\n\n\n\n<p>Lleva el t\u00edtulo en las tarjetas de visita, en los membretes o para reservar una mesa en un restaurante o una habitaci\u00f3n en un hotel. Puedes utilizarlo con total libertad y en casi todas las situaciones de la vida. Adem\u00e1s, puede aparecer en p\u00fablico con ese nombre e incluso firmar contratos.&nbsp;<\/p>\n\n\n\n<p>En el mundo anglosaj\u00f3n, cualquiera puede elegir, cambiar y mantener su propio nombre. Uno mismo elige el nombre, crea una escritura y va con ella a los bancos, contratistas, etc., y puede cambiar todas las cuentas y tarjetas de cr\u00e9dito, su pasaporte (ingl\u00e9s) y sus afiliaciones a clubes.<\/p>\n\n\n\n<p>La escritura p\u00fablica, o m\u00e1s exactamente la escritura de cambio de nombre, es un documento com\u00fanmente utilizado en algunos pa\u00edses para probar un cambio de nombre, que no es emitido por un organismo oficial sino que, siempre que cumpla los requisitos formales de una escritura, puede ser ejecutado por el propio cambiante del nombre. El derecho del nombre ingl\u00e9s, que se basa en el derecho com\u00fan, no est\u00e1 sujeto a ninguna restricci\u00f3n especial de derecho p\u00fablico. <\/p>\n\n\n\n<p>En el derecho ingl\u00e9s no existe un nombre civil en sentido estricto; el nombre legal es el que se utiliza realmente en los negocios jur\u00eddicos de una persona. Esa persona es libre de cambiar el nombre a voluntad, sin ninguna restricci\u00f3n normativa o sustantiva, con la excepci\u00f3n de no tener una intenci\u00f3n fraudulenta al cambiar el nombre. Sin embargo, tiene que ser (ser) residente de esta zona ling\u00fc\u00edstica y el cambio de nombre, lamentablemente, no se reconoce en Alemania. Pero al menos en una gran parte del mundo. La Wikipedia tiene un interesante art\u00edculo sobre esto:&nbsp;<a rel=\"noreferrer noopener\" href=\"https:\/\/en.wikipedia.org\/wiki\/Deed_poll\" target=\"_blank\">escritura p\u00fablica<\/a><\/p>\n\n\n\n<h2 class=\"wp-block-heading\">Su propio escudo de armas<\/h2>\n\n\n\n<p><strong>A su t\u00edtulo nobiliario le corresponde un escudo familiar (nobiliario), dise\u00f1ado por nosotros \u00fanicamente para este t\u00edtulo nobiliario.<\/strong><\/p>\n\n\n\n<p>Los blasones familiares se denominan com\u00fanmente escudos de armas que poseen las familias y los individuos. Los escudos familiares se transmiten a los descendientes directos, hombres y mujeres, al nacer, seg\u00fan el derecho consuetudinario, y pueden utilizarse siempre que se conserve el nombre del fundador del escudo. El derecho a llevar un escudo de armas es un instituto consuetudinario de derecho privado al que todos tienen derecho. <\/p>\n\n\n\n<p>Un escudo de armas goza en su dise\u00f1o art\u00edstico, en principio, de la protecci\u00f3n de los derechos de autor. Un escudo es un signo en forma de escudo, basado en el escudo como arma protectora de la Edad Media. Puede servir de signo de soberan\u00eda para un estado, un pa\u00eds o una ciudad o representar y legitimar simb\u00f3licamente la importancia de una dinast\u00eda, una familia o una persona. Los escudos familiares, que prueban una Nobilitierung (elevaci\u00f3n a la nobleza), son hereditarios. Los escudos se dise\u00f1aban originalmente con una representaci\u00f3n estilizada y un dise\u00f1o generalmente multicolor seg\u00fan una codificaci\u00f3n predeterminada, basada en las directrices de la her\u00e1ldica tradicional. En la actualidad, los escudos suelen trabajarse con un lenguaje formal libre y muy reducido.<\/p>\n\n\n\n<p>El escudo era originalmente una insignia sobre un escudo. Los escudos de armas se originaron en su forma cl\u00e1sica y medieval en la primera mitad del siglo XII, la \u00e9poca de las Cruzadas, es decir, en relaci\u00f3n con la aparici\u00f3n de grandes ej\u00e9rcitos de caballeros, entre otras cosas. Con la llegada de armaduras cada vez m\u00e1s pesadas y cerradas, los amigos y los enemigos ya no eran reconocibles en la batalla, por lo que el escudo de armas serv\u00eda como ayuda para la identificaci\u00f3n. Como muestran las representaciones medievales, este era el caso especialmente de la caballer\u00eda. El escudo y el casco eran especialmente adecuados para la aplicaci\u00f3n del escudo de armas. Por lo tanto, se convirtieron en los elementos portadores de s\u00edmbolos del escudo.<\/p>","protected":false},"excerpt":{"rendered":"<p>Este t\u00edtulo nobiliario es un arist\u00f3nimo con el que te divertir\u00e1s mucho. Impresione a los que le rodean colocando el certificado de nombramiento en un lugar destacado de su sal\u00f3n o despacho. Rod\u00e9ate de insignias nobiliarias, como una taza de caf\u00e9 o un coj\u00edn impreso con tu escudo y tu t\u00edtulo.<span class=\"more-link\"><a href=\"https:\/\/myseychellesparadise.com\/es\/lord-titel\/\">Seguir leyendo<\/a><\/span><\/p>","protected":false},"author":1,"featured_media":0,"parent":0,"menu_order":0,"comment_status":"closed","ping_status":"closed","template":"","meta":{"footnotes":""},"_links":{"self":[{"href":"https:\/\/myseychellesparadise.com\/es\/wp-json\/wp\/v2\/pages\/10291"}],"collection":[{"href":"https:\/\/myseychellesparadise.com\/es\/wp-json\/wp\/v2\/pages"}],"about":[{"href":"https:\/\/myseychellesparadise.com\/es\/wp-json\/wp\/v2\/types\/page"}],"author":[{"embeddable":true,"href":"https:\/\/myseychellesparadise.com\/es\/wp-json\/wp\/v2\/users\/1"}],"replies":[{"embeddable":true,"href":"https:\/\/myseychellesparadise.com\/es\/wp-json\/wp\/v2\/comments?post=10291"}],"version-history":[{"count":4,"href":"https:\/\/myseychellesparadise.com\/es\/wp-json\/wp\/v2\/pages\/10291\/revisions"}],"predecessor-version":[{"id":10495,"href":"https:\/\/myseychellesparadise.com\/es\/wp-json\/wp\/v2\/pages\/10291\/revisions\/10495"}],"wp:attachment":[{"href":"https:\/\/myseychellesparadise.com\/es\/wp-json\/wp\/v2\/media?parent=10291"}],"curies":[{"name":"wp","href":"https:\/\/api.w.org\/{rel}","templated":true}]}}