{"id":7,"date":"2023-04-19T10:33:59","date_gmt":"2023-04-19T06:33:59","guid":{"rendered":"https:\/\/myseychellesparadise.com\/?page_id=7"},"modified":"2023-04-19T10:33:59","modified_gmt":"2023-04-19T06:33:59","slug":"mein-seychellen-paradies","status":"publish","type":"page","link":"https:\/\/myseychellesparadise.com\/de_de\/","title":{"rendered":"Ein St\u00fcck vom Paradies"},"content":{"rendered":"\n<div class=\"wp-block-columns is-layout-flex wp-container-3 wp-block-columns-is-layout-flex\">\n<div class=\"wp-block-column is-layout-flow wp-block-column-is-layout-flow\">\n<h4 class=\"wp-block-heading has-text-align-center\"><strong>Herzlich willkommen auf Mah\u00e9, der Hauptinsel der Seychellen im Indischen Ozean<\/strong><\/h4>\n\n\n\n<p>Hier bekommen Sie die weltweit einzigartige M\u00f6glichkeit ein kleines St\u00fcck vom Paradies zu erwerben. Werden Sie Mitbesitzer an unserer &#8222;The Treasure Farm&#8220; in den Bergen von Mah\u00e9, wo  Obst, Gem\u00fcse, Gew\u00fcrze und Blumen nur so sprie\u00dfen. <\/p>\n\n\n\n<p>Zusammen mit Ihrem Mitbesitz d\u00fcrfen Sie ab sofort den tollen und au\u00dfergew\u00f6hnlichen Adelstitel &#8222;Lord of Anse Boileau&#8220; verwenden. Damen erhalten den Titel &#8222;Lady of Anse Boileau.<\/p>\n\n\n\n<p>Mit dem Kauf Ihres Zertifikates unterst\u00fctzen Sie gleichzeitig das ganze Dorf rund um die Farm und helfen den Bewohnern sich weiterhin kostenlos aus diesem Garten Eden versorgen zu k\u00f6nnen.<\/p>\n<\/div>\n\n\n\n<div class=\"wp-block-column is-layout-flow wp-block-column-is-layout-flow\">\n<figure class=\"wp-block-image size-large is-resized is-style-default\"><img decoding=\"async\" loading=\"lazy\" src=\"https:\/\/myseychellesparadise.com\/wp-content\/uploads\/2021\/05\/Certificate_Seychelles_Lord-1024x706.png\" alt=\"\" class=\"wp-image-10301\" width=\"512\" height=\"353\" srcset=\"https:\/\/myseychellesparadise.com\/wp-content\/uploads\/2021\/05\/Certificate_Seychelles_Lord-1024x706.png 1024w, https:\/\/myseychellesparadise.com\/wp-content\/uploads\/2021\/05\/Certificate_Seychelles_Lord-300x207.png 300w, https:\/\/myseychellesparadise.com\/wp-content\/uploads\/2021\/05\/Certificate_Seychelles_Lord-768x529.png 768w, https:\/\/myseychellesparadise.com\/wp-content\/uploads\/2021\/05\/Certificate_Seychelles_Lord-1536x1059.png 1536w, https:\/\/myseychellesparadise.com\/wp-content\/uploads\/2021\/05\/Certificate_Seychelles_Lord-16x12.png 16w, https:\/\/myseychellesparadise.com\/wp-content\/uploads\/2021\/05\/Certificate_Seychelles_Lord-465x320.png 465w, https:\/\/myseychellesparadise.com\/wp-content\/uploads\/2021\/05\/Certificate_Seychelles_Lord-695x479.png 695w, https:\/\/myseychellesparadise.com\/wp-content\/uploads\/2021\/05\/Certificate_Seychelles_Lord-600x414.png 600w, https:\/\/myseychellesparadise.com\/wp-content\/uploads\/2021\/05\/Certificate_Seychelles_Lord.png 1654w\" sizes=\"(max-width: 512px) 100vw, 512px\" \/><\/figure>\n<\/div>\n<\/div>\n\n\n\n<hr class=\"wp-block-separator has-text-color has-vivid-green-cyan-color has-css-opacity has-vivid-green-cyan-background-color has-background aligncenter\"\/>\n\n\n\n<h2 class=\"wp-block-heading\"><strong>Worum geht es hier ?<\/strong><\/h2>\n\n\n\n<p><strong>Wir bieten Ihnen zusammen mit Jonathan einen Mitbesitz an der &#8222;The Treasure Farm&#8220; auf den Seychellen an. Mit den Kauf sind Sie berechtigt den Titel Lord oder Lady von Anse Boileau zu f\u00fchren und Sie unterst\u00fctzen auch noch direkt die Farm.<\/strong><\/p>\n\n\n\n<p>Alles von Bananen, \u00fcber Zimt, Limonen, Zitronen, Peperoni, Papayas, drei verschiedenen Sorten von Kokospalmen, bis hin zu Kr\u00e4utern wie Thymian, Oregano und vieles mehr ist auf diesem einzigartigen St\u00fcck Land zu finden. Dazu kommt ein umwerfender Bick auf die Bucht von Anse Boileau, die in den Abendstunden einen traumhaften Sonnenuntergang pr\u00e4sentiert.<\/p>\n\n\n\n<p>Aus der ganzen Nachbarschaft kommen die Bewohner und helfen beim Pflanzen und Ernten. In den schwierigen Zeiten, die Covid-19 auch den Seychellen brachte, erf\u00fcllte die Treasure Farm die wichtige Aufgabe, der Nachbarschaft als wichtige Nahrungsquelle zu dienen. Jonathan hat all seine Sch\u00e4tze mit allen geteilt und dabei nie daran gedacht, daf\u00fcr etwas zu nehmen. Dies spiegelt den herzlichen und sozial gerechten Umgang, den alle Seychellois teilen, wieder.<\/p>\n\n\n\n<hr class=\"wp-block-separator has-text-color has-vivid-green-cyan-color has-css-opacity has-vivid-green-cyan-background-color has-background\"\/>\n\n\n<div class=\"wp-block-image\">\n<figure class=\"aligncenter size-large\"><img decoding=\"async\" loading=\"lazy\" width=\"1024\" height=\"576\" src=\"https:\/\/myseychellesparadise.com\/wp-content\/uploads\/2021\/05\/2-3-1024x576.jpg\" alt=\"Buy a piece of paradise\" class=\"wp-image-192\" srcset=\"https:\/\/myseychellesparadise.com\/wp-content\/uploads\/2021\/05\/2-3-1024x576.jpg 1024w, https:\/\/myseychellesparadise.com\/wp-content\/uploads\/2021\/05\/2-3-300x169.jpg 300w, https:\/\/myseychellesparadise.com\/wp-content\/uploads\/2021\/05\/2-3-600x337.jpg 600w, https:\/\/myseychellesparadise.com\/wp-content\/uploads\/2021\/05\/2-3-768x432.jpg 768w, https:\/\/myseychellesparadise.com\/wp-content\/uploads\/2021\/05\/2-3-16x9.jpg 16w, https:\/\/myseychellesparadise.com\/wp-content\/uploads\/2021\/05\/2-3.jpg 1416w\" sizes=\"(max-width: 1024px) 100vw, 1024px\" \/><\/figure><\/div>\n\n\n<br>\n\n\n\n<p>Auf der Treasure Farm gibt es w\u00e4hrend des gesamten Jahres frisches Obst und Gem\u00fcse. Das Angebot ist saisonal etwas unterschiedlich, die meisten Fr\u00fcchte wachsen aber in allen Monaten. Dazu hat Jonathan ein gro\u00dfes Beet mit einer breiten Palette an Gew\u00fcrzen wie etwa Vanille, Zimt, Gew\u00fcrznelke, Muskatnuss, Citronella, Patchouli und Chili, Ingwer und Knoblauch.<\/p>\n\n\n\n<br>\n\n\n<div class=\"wp-block-image\">\n<figure class=\"aligncenter size-large\"><img decoding=\"async\" loading=\"lazy\" width=\"1024\" height=\"576\" src=\"https:\/\/myseychellesparadise.com\/wp-content\/uploads\/2021\/05\/5-1-1024x576.jpg\" alt=\"\" class=\"wp-image-198\" srcset=\"https:\/\/myseychellesparadise.com\/wp-content\/uploads\/2021\/05\/5-1-1024x576.jpg 1024w, https:\/\/myseychellesparadise.com\/wp-content\/uploads\/2021\/05\/5-1-300x169.jpg 300w, https:\/\/myseychellesparadise.com\/wp-content\/uploads\/2021\/05\/5-1-600x338.jpg 600w, https:\/\/myseychellesparadise.com\/wp-content\/uploads\/2021\/05\/5-1-768x432.jpg 768w, https:\/\/myseychellesparadise.com\/wp-content\/uploads\/2021\/05\/5-1-1536x864.jpg 1536w, https:\/\/myseychellesparadise.com\/wp-content\/uploads\/2021\/05\/5-1-16x9.jpg 16w, https:\/\/myseychellesparadise.com\/wp-content\/uploads\/2021\/05\/5-1.jpg 1600w\" sizes=\"(max-width: 1024px) 100vw, 1024px\" \/><\/figure><\/div>\n\n\n<p><strong>Zusammen mit terra presenta bietet Jonathan Ihnen nun einen Mitbesitz an seiner Farm an.<\/strong><\/p>\n\n\n\n<p>Sie werden Mitbesitzer an diesem St\u00fcck des Paradises auf den Seychellen. Durch den Kauf unterst\u00fctzen Sie Jonathan und alle seine Nachbarn direkt und ohne Umwege, damit Saatgut, Bew\u00e4sserung, Ger\u00e4te und vieles mehr f\u00fcr den landwirtschaftlichen Bedarf gekauft werden kann.<\/p>\n\n\n\n<p>Sie erhalten eine prachtvolle Urkunde, die Ihnen sowohl den Mitbesitz als auch das Recht zum Tragen des Titels &#8222;<strong>Lord oder Lady von Anse Boileau<\/strong>&#8220; best\u00e4tigt und dazu eine informative Brosch\u00fcre mit vielen Bildern und Eindr\u00fccken der Farm. Alles kommt zusammen in einer Geschenkmappe. Das ist nicht nur eine wundersch\u00f6ne und soziale Geschenkidee, auch in Ihrem Wohnzimmer ist das Ernennung Zertifikat ein toller Blickf\u00e4nger. Freuen Sie sich schon jetzt, wenn Sie Ihren Besuchern verk\u00fcnden k\u00f6nnen, dass Sie als Lord oder Lady eine Farm auf den Seychellen besitzen.<\/p>\n\n\n\n<hr class=\"wp-block-separator has-text-color has-vivid-green-cyan-color has-css-opacity has-vivid-green-cyan-background-color has-background\"\/>\n\n\n\n<h4 class=\"wp-block-heading has-text-align-center\"><strong><a href=\"https:\/\/noble-society.net\/en\/product-category\/seychellen-lord-farm\/\" data-type=\"page\" data-id=\"26\">Jetzt Kaufen<\/a><\/strong><\/h4>\n\n\n\n<p><\/p>\n","protected":false},"excerpt":{"rendered":"<p>Herzlich willkommen auf Mah\u00e9, der Hauptinsel der Seychellen im Indischen Ozean Hier bekommen Sie die weltweit einzigartige M\u00f6glichkeit ein kleines St\u00fcck vom Paradies zu erwerben. Werden Sie Mitbesitzer an unserer &#8222;The Treasure Farm&#8220; in den Bergen von Mah\u00e9, wo Obst, Gem\u00fcse, Gew\u00fcrze und Blumen nur so sprie\u00dfen. Zusammen mit Ihrem<span class=\"more-link\"><a href=\"https:\/\/myseychellesparadise.com\/de_de\/\">Continue Reading<\/a><\/span><\/p>\n","protected":false},"author":1,"featured_media":0,"parent":0,"menu_order":0,"comment_status":"closed","ping_status":"closed","template":"","meta":{"footnotes":""},"_links":{"self":[{"href":"https:\/\/myseychellesparadise.com\/de_de\/wp-json\/wp\/v2\/pages\/7"}],"collection":[{"href":"https:\/\/myseychellesparadise.com\/de_de\/wp-json\/wp\/v2\/pages"}],"about":[{"href":"https:\/\/myseychellesparadise.com\/de_de\/wp-json\/wp\/v2\/types\/page"}],"author":[{"embeddable":true,"href":"https:\/\/myseychellesparadise.com\/de_de\/wp-json\/wp\/v2\/users\/1"}],"replies":[{"embeddable":true,"href":"https:\/\/myseychellesparadise.com\/de_de\/wp-json\/wp\/v2\/comments?post=7"}],"version-history":[{"count":53,"href":"https:\/\/myseychellesparadise.com\/de_de\/wp-json\/wp\/v2\/pages\/7\/revisions"}],"predecessor-version":[{"id":10494,"href":"https:\/\/myseychellesparadise.com\/de_de\/wp-json\/wp\/v2\/pages\/7\/revisions\/10494"}],"wp:attachment":[{"href":"https:\/\/myseychellesparadise.com\/de_de\/wp-json\/wp\/v2\/media?parent=7"}],"curies":[{"name":"wp","href":"https:\/\/api.w.org\/{rel}","templated":true}]}}