{"id":19,"date":"2023-04-19T10:34:15","date_gmt":"2023-04-19T06:34:15","guid":{"rendered":"https:\/\/myseychellesparadise.com\/?page_id=19"},"modified":"2023-04-19T10:34:15","modified_gmt":"2023-04-19T06:34:15","slug":"die-plantage","status":"publish","type":"page","link":"https:\/\/myseychellesparadise.com\/de_de\/die-plantage\/","title":{"rendered":"The Treasure Farm"},"content":{"rendered":"\n<p><strong>Herzlich willkommen auf der traumhaften Paradies Farm in den Bergen der Hauptinsel Mah\u00e9, die den gro\u00dfartigen Reichtum der verschiedenen regionalen Pflanzen, Gew\u00fcrze und Kr\u00e4utern in Perfektion widerspiegelt. <\/strong><\/p>\n\n\n\n<p>Alles von Bananen, \u00fcber Zimt, Limonen, Zitronen, Peperoni, Papayas, drei verschiedenen Sorten von Kokospalmen, bis hin zu Kr\u00e4utern wie Thymian, Oregano und vieles mehr ist auf diesem einzigartigen St\u00fcck Land zu finden. Dazu kommt ein umwerfender Bick auf die Bucht von Anse Boileau, die in den Abendstunden einen traumhaften Sonnenuntergang pr\u00e4sentiert.<\/p>\n\n\n<div class=\"wp-block-image\">\n<figure class=\"aligncenter size-large\"><img decoding=\"async\" loading=\"lazy\" width=\"1024\" height=\"576\" src=\"https:\/\/myseychellesparadise.com\/wp-content\/uploads\/2021\/05\/2-1024x576.jpg\" alt=\"\" class=\"wp-image-76\" srcset=\"https:\/\/myseychellesparadise.com\/wp-content\/uploads\/2021\/05\/2-1024x576.jpg 1024w, https:\/\/myseychellesparadise.com\/wp-content\/uploads\/2021\/05\/2-scaled-300x169.jpg 300w, https:\/\/myseychellesparadise.com\/wp-content\/uploads\/2021\/05\/2-scaled-600x338.jpg 600w, https:\/\/myseychellesparadise.com\/wp-content\/uploads\/2021\/05\/2-768x432.jpg 768w, https:\/\/myseychellesparadise.com\/wp-content\/uploads\/2021\/05\/2-1536x864.jpg 1536w, https:\/\/myseychellesparadise.com\/wp-content\/uploads\/2021\/05\/2-2048x1152.jpg 2048w, https:\/\/myseychellesparadise.com\/wp-content\/uploads\/2021\/05\/2-16x9.jpg 16w\" sizes=\"(max-width: 1024px) 100vw, 1024px\" \/><\/figure><\/div>\n\n\n<p>Die Treasure Farm liegt in den Bergen von Mah\u00e9, in unmittelbarer N\u00e4he der  Bucht von Anse Boileau, die in den Abendstunden mit einem zauberhaften Sonnenuntergang aufwartet. Werden Sie ein Teil dieses traumhaften Paradieses und unterst\u00fctzen Sie die Menschen vor Ort direkt. <\/p>\n\n\n<div class=\"wp-block-image\">\n<figure class=\"aligncenter size-large\"><img decoding=\"async\" loading=\"lazy\" width=\"1024\" height=\"768\" src=\"https:\/\/myseychellesparadise.com\/wp-content\/uploads\/2021\/05\/4-1-1024x768.jpg\" alt=\"Treasure Farm\" class=\"wp-image-140\" srcset=\"https:\/\/myseychellesparadise.com\/wp-content\/uploads\/2021\/05\/4-1-1024x768.jpg 1024w, https:\/\/myseychellesparadise.com\/wp-content\/uploads\/2021\/05\/4-1-scaled-300x225.jpg 300w, https:\/\/myseychellesparadise.com\/wp-content\/uploads\/2021\/05\/4-1-scaled-600x450.jpg 600w, https:\/\/myseychellesparadise.com\/wp-content\/uploads\/2021\/05\/4-1-768x576.jpg 768w, https:\/\/myseychellesparadise.com\/wp-content\/uploads\/2021\/05\/4-1-1536x1152.jpg 1536w, https:\/\/myseychellesparadise.com\/wp-content\/uploads\/2021\/05\/4-1-2048x1536.jpg 2048w, https:\/\/myseychellesparadise.com\/wp-content\/uploads\/2021\/05\/4-1-16x12.jpg 16w\" sizes=\"(max-width: 1024px) 100vw, 1024px\" \/><\/figure><\/div>\n\n\n<p><\/p>\n\n\n\n<p>Das ganze Jahr \u00fcber wachsen auf der Treasure Farm die sch\u00f6nsten Obst- und Gem\u00fcsesorten, die in der Region des indischen Ozeans beheimatet sind. Jonathan und seine Freunde aus der Nachbarschaft pflegen die Pflanzen und ernten daf\u00fcr gesunde, nahrhafte Fr\u00fcchte von einmaliger Bio Qualit\u00e4t. Ganz ohne Chemie, nur durch das richtige Know-How und viel Liebe und Hingabe erfreut sich die ganze Nachbarschaft an der Farm.<\/p>\n\n\n<div class=\"wp-block-image\">\n<figure class=\"aligncenter size-large\"><img decoding=\"async\" loading=\"lazy\" width=\"1024\" height=\"576\" src=\"https:\/\/myseychellesparadise.com\/wp-content\/uploads\/2021\/05\/06banana-1024x576.jpg\" alt=\"Treasure Farm\" class=\"wp-image-136\" srcset=\"https:\/\/myseychellesparadise.com\/wp-content\/uploads\/2021\/05\/06banana-1024x576.jpg 1024w, https:\/\/myseychellesparadise.com\/wp-content\/uploads\/2021\/05\/06banana-scaled-300x169.jpg 300w, https:\/\/myseychellesparadise.com\/wp-content\/uploads\/2021\/05\/06banana-scaled-600x338.jpg 600w, https:\/\/myseychellesparadise.com\/wp-content\/uploads\/2021\/05\/06banana-768x432.jpg 768w, https:\/\/myseychellesparadise.com\/wp-content\/uploads\/2021\/05\/06banana-1536x864.jpg 1536w, https:\/\/myseychellesparadise.com\/wp-content\/uploads\/2021\/05\/06banana-2048x1152.jpg 2048w, https:\/\/myseychellesparadise.com\/wp-content\/uploads\/2021\/05\/06banana-16x9.jpg 16w\" sizes=\"(max-width: 1024px) 100vw, 1024px\" \/><\/figure><\/div>\n\n\n<p><\/p>\n\n\n\n<p>In den schwierigen Zeiten, die Covid-19 auch den Seychellen brachte, erf\u00fcllte die Treasure Farm die wichtige Aufgabe, der Nachbarschaft als wichtige Nahrungsquelle zu dienen. Jonathan hat all seine Sch\u00e4tze mit allen geteilt und dabei nie daran gedacht, daf\u00fcr etwas zu nehmen. Dies spiegelt den herzlichen und sozial gerechten Umgang, den alle Seychellois teilen, wieder.<\/p>\n\n\n<div class=\"wp-block-image\">\n<figure class=\"aligncenter size-large\"><img decoding=\"async\" loading=\"lazy\" width=\"1024\" height=\"768\" src=\"https:\/\/myseychellesparadise.com\/wp-content\/uploads\/2021\/05\/1-1-1024x768.jpg\" alt=\"Buy Treasure Farm\" class=\"wp-image-137\" srcset=\"https:\/\/myseychellesparadise.com\/wp-content\/uploads\/2021\/05\/1-1-1024x768.jpg 1024w, https:\/\/myseychellesparadise.com\/wp-content\/uploads\/2021\/05\/1-1-scaled-300x225.jpg 300w, https:\/\/myseychellesparadise.com\/wp-content\/uploads\/2021\/05\/1-1-scaled-600x450.jpg 600w, https:\/\/myseychellesparadise.com\/wp-content\/uploads\/2021\/05\/1-1-768x576.jpg 768w, https:\/\/myseychellesparadise.com\/wp-content\/uploads\/2021\/05\/1-1-1536x1152.jpg 1536w, https:\/\/myseychellesparadise.com\/wp-content\/uploads\/2021\/05\/1-1-2048x1536.jpg 2048w, https:\/\/myseychellesparadise.com\/wp-content\/uploads\/2021\/05\/1-1-16x12.jpg 16w\" sizes=\"(max-width: 1024px) 100vw, 1024px\" \/><\/figure><\/div>\n\n\n<hr class=\"wp-block-separator has-text-color has-vivid-green-cyan-color has-css-opacity has-vivid-green-cyan-background-color has-background\"\/>\n\n\n<div class=\"wp-block-image\">\n<figure class=\"aligncenter size-large\"><img decoding=\"async\" loading=\"lazy\" width=\"1024\" height=\"768\" src=\"https:\/\/myseychellesparadise.com\/wp-content\/uploads\/2021\/05\/3-2-1024x768.jpg\" alt=\"Buy Seychelles Property\" class=\"wp-image-139\" srcset=\"https:\/\/myseychellesparadise.com\/wp-content\/uploads\/2021\/05\/3-2-1024x768.jpg 1024w, https:\/\/myseychellesparadise.com\/wp-content\/uploads\/2021\/05\/3-2-scaled-300x225.jpg 300w, https:\/\/myseychellesparadise.com\/wp-content\/uploads\/2021\/05\/3-2-scaled-600x450.jpg 600w, https:\/\/myseychellesparadise.com\/wp-content\/uploads\/2021\/05\/3-2-768x576.jpg 768w, https:\/\/myseychellesparadise.com\/wp-content\/uploads\/2021\/05\/3-2-1536x1152.jpg 1536w, https:\/\/myseychellesparadise.com\/wp-content\/uploads\/2021\/05\/3-2-2048x1536.jpg 2048w, https:\/\/myseychellesparadise.com\/wp-content\/uploads\/2021\/05\/3-2-16x12.jpg 16w\" sizes=\"(max-width: 1024px) 100vw, 1024px\" \/><\/figure><\/div>\n\n\n<hr class=\"wp-block-separator has-text-color has-vivid-green-cyan-color has-css-opacity has-vivid-green-cyan-background-color has-background\"\/>\n\n\n<div class=\"wp-block-image\">\n<figure class=\"aligncenter size-large\"><img decoding=\"async\" loading=\"lazy\" width=\"1024\" height=\"768\" src=\"https:\/\/myseychellesparadise.com\/wp-content\/uploads\/2021\/05\/8-1024x768.jpg\" alt=\"Treasure Farm Herbs\" class=\"wp-image-88\" srcset=\"https:\/\/myseychellesparadise.com\/wp-content\/uploads\/2021\/05\/8-1024x768.jpg 1024w, https:\/\/myseychellesparadise.com\/wp-content\/uploads\/2021\/05\/8-scaled-300x225.jpg 300w, https:\/\/myseychellesparadise.com\/wp-content\/uploads\/2021\/05\/8-scaled-600x450.jpg 600w, https:\/\/myseychellesparadise.com\/wp-content\/uploads\/2021\/05\/8-768x576.jpg 768w, https:\/\/myseychellesparadise.com\/wp-content\/uploads\/2021\/05\/8-1536x1152.jpg 1536w, https:\/\/myseychellesparadise.com\/wp-content\/uploads\/2021\/05\/8-2048x1536.jpg 2048w, https:\/\/myseychellesparadise.com\/wp-content\/uploads\/2021\/05\/8-16x12.jpg 16w\" sizes=\"(max-width: 1024px) 100vw, 1024px\" \/><\/figure><\/div>\n\n\n<hr class=\"wp-block-separator has-text-color has-vivid-green-cyan-color has-css-opacity has-vivid-green-cyan-background-color has-background\"\/>\n\n\n<div class=\"wp-block-image\">\n<figure class=\"aligncenter size-large\"><img decoding=\"async\" loading=\"lazy\" width=\"1024\" height=\"576\" src=\"https:\/\/myseychellesparadise.com\/wp-content\/uploads\/2021\/05\/05ausblick2-1024x576.jpg\" alt=\"Buy a piece of paradise\" class=\"wp-image-135\" srcset=\"https:\/\/myseychellesparadise.com\/wp-content\/uploads\/2021\/05\/05ausblick2-1024x576.jpg 1024w, https:\/\/myseychellesparadise.com\/wp-content\/uploads\/2021\/05\/05ausblick2-scaled-300x169.jpg 300w, https:\/\/myseychellesparadise.com\/wp-content\/uploads\/2021\/05\/05ausblick2-scaled-600x337.jpg 600w, https:\/\/myseychellesparadise.com\/wp-content\/uploads\/2021\/05\/05ausblick2-768x432.jpg 768w, https:\/\/myseychellesparadise.com\/wp-content\/uploads\/2021\/05\/05ausblick2-1536x863.jpg 1536w, https:\/\/myseychellesparadise.com\/wp-content\/uploads\/2021\/05\/05ausblick2-2048x1151.jpg 2048w, https:\/\/myseychellesparadise.com\/wp-content\/uploads\/2021\/05\/05ausblick2-16x9.jpg 16w\" sizes=\"(max-width: 1024px) 100vw, 1024px\" \/><\/figure><\/div>\n\n\n<hr class=\"wp-block-separator has-text-color has-vivid-green-cyan-color has-css-opacity has-vivid-green-cyan-background-color has-background\"\/>\n\n\n<div class=\"wp-block-image\">\n<figure class=\"aligncenter size-large\"><img decoding=\"async\" loading=\"lazy\" width=\"1024\" height=\"576\" src=\"https:\/\/myseychellesparadise.com\/wp-content\/uploads\/2021\/05\/5-1-1024x576.jpg\" alt=\"Buy a piece of paradise\" class=\"wp-image-198\" srcset=\"https:\/\/myseychellesparadise.com\/wp-content\/uploads\/2021\/05\/5-1-1024x576.jpg 1024w, https:\/\/myseychellesparadise.com\/wp-content\/uploads\/2021\/05\/5-1-300x169.jpg 300w, https:\/\/myseychellesparadise.com\/wp-content\/uploads\/2021\/05\/5-1-600x338.jpg 600w, https:\/\/myseychellesparadise.com\/wp-content\/uploads\/2021\/05\/5-1-768x432.jpg 768w, https:\/\/myseychellesparadise.com\/wp-content\/uploads\/2021\/05\/5-1-1536x864.jpg 1536w, https:\/\/myseychellesparadise.com\/wp-content\/uploads\/2021\/05\/5-1-16x9.jpg 16w, https:\/\/myseychellesparadise.com\/wp-content\/uploads\/2021\/05\/5-1.jpg 1600w\" sizes=\"(max-width: 1024px) 100vw, 1024px\" \/><\/figure><\/div>\n\n\n<hr class=\"wp-block-separator has-text-color has-vivid-green-cyan-color has-css-opacity has-vivid-green-cyan-background-color has-background\"\/>\n\n\n\n<p><strong>Sie sind nat\u00fcrlich jederzeit herzlich eingeladen, einen Tag zusammen mit Jonathan auf &#8222;Ihrer&#8220; Farm zu verbringen. <\/strong><\/p>\n\n\n\n<p>Grillen Sie zusammen einen &#8222;Red Snapper&#8220;, trinken Sie einen gek\u00fchlten Saft aus frisch gepfl\u00fcckten Orangen und genie\u00dfen Sie abends den atemberaubenden Sonnenuntergang. Jonathans bester Freund, Jockey, bringt Sie gerne von Ihrem Hotel zur Farm und abends wieder zur\u00fcck. Jockey bietet auch fantastische Island Touren an und l\u00e4sst Sie alle Traumstr\u00e4nde der Insel Mah\u00e9 erleben.<\/p>\n\n\n<div class=\"wp-block-image is-style-rounded\">\n<figure class=\"aligncenter size-large\"><img decoding=\"async\" loading=\"lazy\" width=\"1024\" height=\"683\" src=\"https:\/\/myseychellesparadise.com\/wp-content\/uploads\/2021\/05\/09JockJon-1024x683.jpg\" alt=\"\" class=\"wp-image-146\" srcset=\"https:\/\/myseychellesparadise.com\/wp-content\/uploads\/2021\/05\/09JockJon-1024x683.jpg 1024w, https:\/\/myseychellesparadise.com\/wp-content\/uploads\/2021\/05\/09JockJon-scaled-300x200.jpg 300w, https:\/\/myseychellesparadise.com\/wp-content\/uploads\/2021\/05\/09JockJon-scaled-600x400.jpg 600w, https:\/\/myseychellesparadise.com\/wp-content\/uploads\/2021\/05\/09JockJon-768x512.jpg 768w, https:\/\/myseychellesparadise.com\/wp-content\/uploads\/2021\/05\/09JockJon-1536x1024.jpg 1536w, https:\/\/myseychellesparadise.com\/wp-content\/uploads\/2021\/05\/09JockJon-2048x1365.jpg 2048w, https:\/\/myseychellesparadise.com\/wp-content\/uploads\/2021\/05\/09JockJon-16x12.jpg 16w\" sizes=\"(max-width: 1024px) 100vw, 1024px\" \/><figcaption class=\"wp-element-caption\">Jockey &amp; Jonathan<\/figcaption><\/figure><\/div>\n\n\n<hr class=\"wp-block-separator has-text-color has-vivid-green-cyan-color has-css-opacity has-vivid-green-cyan-background-color has-background\"\/>\n\n\n\n<p>Begleiten Sie uns auf eine kleine Reise \u00fcber die Seychellen zur Treasure Farm<\/p>\n\n\n\n<p><\/p>\n\n\n\n<figure class=\"wp-block-embed aligncenter is-type-video is-provider-youtube wp-block-embed-youtube wp-embed-aspect-16-9 wp-has-aspect-ratio\"><div class=\"wp-block-embed__wrapper\">\n<iframe loading=\"lazy\" title=\"Seychellen - Buy a piece of paradise\" width=\"1260\" height=\"709\" src=\"https:\/\/www.youtube.com\/embed\/MGnKHpwK2Vc?feature=oembed\" frameborder=\"0\" allow=\"accelerometer; autoplay; clipboard-write; encrypted-media; gyroscope; picture-in-picture\" allowfullscreen><\/iframe>\n<\/div><\/figure>\n","protected":false},"excerpt":{"rendered":"<p>Herzlich willkommen auf der traumhaften Paradies Farm in den Bergen der Hauptinsel Mah\u00e9, die den gro\u00dfartigen Reichtum der verschiedenen regionalen Pflanzen, Gew\u00fcrze und Kr\u00e4utern in Perfektion widerspiegelt. Alles von Bananen, \u00fcber Zimt, Limonen, Zitronen, Peperoni, Papayas, drei verschiedenen Sorten von Kokospalmen, bis hin zu Kr\u00e4utern wie Thymian, Oregano und vieles<span class=\"more-link\"><a href=\"https:\/\/myseychellesparadise.com\/de_de\/die-plantage\/\">Continue Reading<\/a><\/span><\/p>\n","protected":false},"author":1,"featured_media":0,"parent":0,"menu_order":0,"comment_status":"closed","ping_status":"closed","template":"","meta":{"footnotes":""},"_links":{"self":[{"href":"https:\/\/myseychellesparadise.com\/de_de\/wp-json\/wp\/v2\/pages\/19"}],"collection":[{"href":"https:\/\/myseychellesparadise.com\/de_de\/wp-json\/wp\/v2\/pages"}],"about":[{"href":"https:\/\/myseychellesparadise.com\/de_de\/wp-json\/wp\/v2\/types\/page"}],"author":[{"embeddable":true,"href":"https:\/\/myseychellesparadise.com\/de_de\/wp-json\/wp\/v2\/users\/1"}],"replies":[{"embeddable":true,"href":"https:\/\/myseychellesparadise.com\/de_de\/wp-json\/wp\/v2\/comments?post=19"}],"version-history":[{"count":28,"href":"https:\/\/myseychellesparadise.com\/de_de\/wp-json\/wp\/v2\/pages\/19\/revisions"}],"predecessor-version":[{"id":10497,"href":"https:\/\/myseychellesparadise.com\/de_de\/wp-json\/wp\/v2\/pages\/19\/revisions\/10497"}],"wp:attachment":[{"href":"https:\/\/myseychellesparadise.com\/de_de\/wp-json\/wp\/v2\/media?parent=19"}],"curies":[{"name":"wp","href":"https:\/\/api.w.org\/{rel}","templated":true}]}}