{"id":17,"date":"2023-04-19T10:34:10","date_gmt":"2023-04-19T06:34:10","guid":{"rendered":"https:\/\/myseychellesparadise.com\/?page_id=17"},"modified":"2023-04-19T10:34:10","modified_gmt":"2023-04-19T06:34:10","slug":"seychellen","status":"publish","type":"page","link":"https:\/\/myseychellesparadise.com\/de_de\/seychellen\/","title":{"rendered":"Seychellen"},"content":{"rendered":"\n<p><\/p>\n\n\n\n<div class=\"wp-block-columns is-layout-flex wp-container-3 wp-block-columns-is-layout-flex\">\n<div class=\"wp-block-column is-layout-flow wp-block-column-is-layout-flow\" style=\"flex-basis:33.33%\">\n<p class=\"has-text-align-left\"><strong>Die Seychellen, sind eines der wahren Paradiese dieser Erde, die nicht nur durch eine enorme Artenvielfalt bezaubern, sondern vor allem auch durch die multikulturellen und multiethnisches Seychellois, die eine herzliche Offenheit leben.<\/strong><\/p>\n\n\n\n<p>Aufgrund der Abgeschiedenheit der Inseln und der weiten Entfernung zum Festland, entstand ein einzigartiges \u00d6kosystem, das sich v\u00f6llig unbeeinflusst entwickeln konnte und noch heute eine einmalige Flora und Fauna aufweist.<\/p>\n\n\n\n<p>Jede einzelne Insel hat ihre individuelle Topografie und ihre ganz besonderen Eigenschaften, welche eine gro\u00dfe Anzahl von seltenen Tieren und Pflanzen hervorbrachte.<\/p>\n<\/div>\n\n\n\n<div class=\"wp-block-column is-layout-flow wp-block-column-is-layout-flow\" style=\"flex-basis:66.66%\"><div class=\"wp-block-image\">\n<figure class=\"aligncenter size-large is-resized\"><a href=\"https:\/\/myseychellesparadise.com\/wp-content\/uploads\/2021\/05\/80259497_m.jpg\" target=\"_blank\" rel=\"noopener\"><img decoding=\"async\" loading=\"lazy\" src=\"https:\/\/myseychellesparadise.com\/wp-content\/uploads\/2021\/05\/80259497_m-1024x955.jpg\" alt=\"\" class=\"wp-image-104\" width=\"512\" height=\"478\" srcset=\"https:\/\/myseychellesparadise.com\/wp-content\/uploads\/2021\/05\/80259497_m-1024x955.jpg 1024w, https:\/\/myseychellesparadise.com\/wp-content\/uploads\/2021\/05\/80259497_m-300x280.jpg 300w, https:\/\/myseychellesparadise.com\/wp-content\/uploads\/2021\/05\/80259497_m-600x560.jpg 600w, https:\/\/myseychellesparadise.com\/wp-content\/uploads\/2021\/05\/80259497_m-768x717.jpg 768w, https:\/\/myseychellesparadise.com\/wp-content\/uploads\/2021\/05\/80259497_m-1536x1433.jpg 1536w, https:\/\/myseychellesparadise.com\/wp-content\/uploads\/2021\/05\/80259497_m-2048x1911.jpg 2048w, https:\/\/myseychellesparadise.com\/wp-content\/uploads\/2021\/05\/80259497_m-13x12.jpg 13w\" sizes=\"(max-width: 512px) 100vw, 512px\" \/><\/a><figcaption class=\"wp-element-caption\"><strong>Anklicken zum Vergr\u00f6\u00dfern<\/strong><\/figcaption><\/figure><\/div><\/div>\n<\/div>\n\n\n\n<h3 class=\"wp-block-heading\">Einzigartige Lage, Flora und Fauna<\/h3>\n\n\n\n<p>Eines der bekanntesten Beispiele ist die Coco de Mer, auch bekannt als Seychellenpalme. Ihre ungew\u00f6hnliche Doppelnussform, die dem weiblichen Becken \u00e4hnelt, weist den gr\u00f6\u00dften Samen der gesamten Pflanzenwelt auf. Um diese besondere Palme zu bewundern, muss man die kleineren Inseln Praslin und Curieuse besuchen, denn auf der Hauptinsel Mah\u00e9 oder La Digue, findet man diese nur selten. Ebenso beheimatet sind auf den Seychellen der seltene Quallenbaum, die schwerste Landschildkr\u00f6te der Welt, sowie der winzigen Seychellen-Baumfrosch.<\/p>\n\n\n<div class=\"wp-block-image\">\n<figure class=\"aligncenter size-large\"><img decoding=\"async\" loading=\"lazy\" width=\"1024\" height=\"683\" src=\"https:\/\/myseychellesparadise.com\/wp-content\/uploads\/2021\/05\/53695550_m-1024x683.jpg\" alt=\"Buy Seychelles\" class=\"wp-image-103\" srcset=\"https:\/\/myseychellesparadise.com\/wp-content\/uploads\/2021\/05\/53695550_m-1024x683.jpg 1024w, https:\/\/myseychellesparadise.com\/wp-content\/uploads\/2021\/05\/53695550_m-300x200.jpg 300w, https:\/\/myseychellesparadise.com\/wp-content\/uploads\/2021\/05\/53695550_m-600x400.jpg 600w, https:\/\/myseychellesparadise.com\/wp-content\/uploads\/2021\/05\/53695550_m-768x512.jpg 768w, https:\/\/myseychellesparadise.com\/wp-content\/uploads\/2021\/05\/53695550_m-1536x1025.jpg 1536w, https:\/\/myseychellesparadise.com\/wp-content\/uploads\/2021\/05\/53695550_m-2048x1366.jpg 2048w, https:\/\/myseychellesparadise.com\/wp-content\/uploads\/2021\/05\/53695550_m-16x12.jpg 16w\" sizes=\"(max-width: 1024px) 100vw, 1024px\" \/><\/figure><\/div>\n\n\n<h3 class=\"wp-block-heading\">Erste Besiedlung<\/h3>\n\n\n\n<p>Als die Franzosen diese wundersch\u00f6nen Inseln entdeckten und besiedelten, waren sie so beeindruckt von der Sch\u00f6nheit der W\u00e4lder, das sie auf den ersten Seekarten sogar als \u201eIle de Abondance\u201c bezeichnet wurde, was bedeutet \u201eInsel des \u00dcberflusses\u201c.<\/p>\n\n\n\n<p>Die heutigen Seychellen sind trotz der Ver\u00e4nderungen, die durch die Besiedelung im Jahre 1770 nach und nach entstanden, ein wahrlich traumhaftes Paradies. Es wurden Kokosplantagen systematisch angebaut und Kulturpflanzen eingef\u00fchrt, wie zum Beispiel Zimt aus Madagaskar oder Vanille aus Zentralamerika. Beide werden jedoch nicht mehr in gro\u00dfen Mengen angebaut, da zum einen der Zimtanbau auf Grund des niedrigen Weltmarktpreises sich unrentabel gestaltete und die kultivierte Vanille, eine Orchideenart, durch Krankheiten zum gr\u00f6\u00dften Teil einging. Daher wird heute nur noch wenig Vanille exportiert.<\/p>\n\n\n\n<p>Jedoch findet man auf einigen Granitinseln immer noch die Wilde Vanille mit ihren sch\u00f6nen lachsfarbigen Bl\u00fcten. Ebenso kommen in den h\u00f6heren Bergregionen der Seychellen kleinere Mengen der Gew\u00fcrznelken vor. Die gesamte Vielfalt an tropischen Fr\u00fcchten, die auf den Inseln wachsen, wie Mango, Ananas, Guave, Banane, Kokosn\u00fcsse, Litschis, die Brotfrucht, Papayas, Korosol, und die Fr\u00fcchte des Bilimbibaumes (Gurkenbaum) finden Sie auf dem charmanten, bunten Markt in Victoria.<\/p>\n\n\n<div class=\"wp-block-image\">\n<figure class=\"aligncenter size-large\"><img decoding=\"async\" loading=\"lazy\" width=\"1024\" height=\"675\" src=\"https:\/\/myseychellesparadise.com\/wp-content\/uploads\/2021\/05\/40019073_m-1024x675.jpg\" alt=\"Seychelles Paradise\" class=\"wp-image-102\" srcset=\"https:\/\/myseychellesparadise.com\/wp-content\/uploads\/2021\/05\/40019073_m-1024x675.jpg 1024w, https:\/\/myseychellesparadise.com\/wp-content\/uploads\/2021\/05\/40019073_m-300x198.jpg 300w, https:\/\/myseychellesparadise.com\/wp-content\/uploads\/2021\/05\/40019073_m-600x396.jpg 600w, https:\/\/myseychellesparadise.com\/wp-content\/uploads\/2021\/05\/40019073_m-768x506.jpg 768w, https:\/\/myseychellesparadise.com\/wp-content\/uploads\/2021\/05\/40019073_m-1536x1013.jpg 1536w, https:\/\/myseychellesparadise.com\/wp-content\/uploads\/2021\/05\/40019073_m-2048x1350.jpg 2048w, https:\/\/myseychellesparadise.com\/wp-content\/uploads\/2021\/05\/40019073_m-16x12.jpg 16w\" sizes=\"(max-width: 1024px) 100vw, 1024px\" \/><figcaption class=\"wp-element-caption\">Bezaubernd, beeindruckend, atemberaubend und abwechslungsreich, sind Beschreibungen die der wahren Sch\u00f6nheit, nicht gerecht werden. Kein Wunder das Einheimische ihre Besucher gerne mit den Worten begr\u00fc\u00dfen, \u201eWillkommen im Paradies!\u201c<\/figcaption><\/figure><\/div>\n\n\n<p><strong>Einfluss der Bewirtschaftung<\/strong><\/p>\n\n\n\n<p>Die Kokospalme ist eine sehr pflegeleichte und vollst\u00e4ndig verwertbare Pflanze, weshalb sie von gro\u00dfem wirtschaftlichem Interesse ist. Vom Stamm, der zur Herstellung von M\u00f6beln genutzt wird, \u00fcber die Bl\u00e4tter, die zu D\u00e4chern verarbeitet werden, sowie die Fasern, die als F\u00fcllmaterial von Polstern und Matratzen verwendet werden, bis hin zu den Kokosn\u00fcsse, aus deren getrockneten Fleisch Kokos\u00f6l extrahiert wird, gibt es wenig Pflanzen die so vollst\u00e4ndig verwertet werden k\u00f6nnen. Daher ist es nicht erstaunlich das Kokosplantagen im Laufe der Zeit erhebliche Teile der Urw\u00e4lder verdr\u00e4ngten.<\/p>\n\n\n\n<p>Auch die Abholzung und der Export einheimischer H\u00f6lzer, wie zum Beispiel des Bois de Fer (Eisenholz), sorgten f\u00fcr eine nachhaltige und gravierende Ver\u00e4nderung der Fauna.<\/p>\n\n\n\n<p>Gl\u00fccklicher Weise erkannten die Seychellois Mitte des 20 Jahrhunderts die langfristigen Sch\u00e4den, der Tier und Pflanzenwelt, die sie ihrer Insel zuf\u00fcgten und bem\u00fchten sich um die Aufforstung ihrer W\u00e4lder. Der Handel mit tropischen H\u00f6lzern wurde eingestellt und verschiedene Arten von B\u00e4umen wie Bois Noir, Rosenholz und Mahagoni wurden auf den gerodeten Fl\u00e4chen neu angesiedelt.<\/p>\n\n\n<div class=\"wp-block-image is-style-default\">\n<figure class=\"aligncenter size-large\"><img decoding=\"async\" loading=\"lazy\" width=\"1024\" height=\"683\" src=\"https:\/\/myseychellesparadise.com\/wp-content\/uploads\/2021\/05\/155657848_m-1024x683.jpg\" alt=\"\" class=\"wp-image-212\" srcset=\"https:\/\/myseychellesparadise.com\/wp-content\/uploads\/2021\/05\/155657848_m-1024x683.jpg 1024w, https:\/\/myseychellesparadise.com\/wp-content\/uploads\/2021\/05\/155657848_m-300x200.jpg 300w, https:\/\/myseychellesparadise.com\/wp-content\/uploads\/2021\/05\/155657848_m-600x400.jpg 600w, https:\/\/myseychellesparadise.com\/wp-content\/uploads\/2021\/05\/155657848_m-768x513.jpg 768w, https:\/\/myseychellesparadise.com\/wp-content\/uploads\/2021\/05\/155657848_m-1536x1025.jpg 1536w, https:\/\/myseychellesparadise.com\/wp-content\/uploads\/2021\/05\/155657848_m-2048x1367.jpg 2048w, https:\/\/myseychellesparadise.com\/wp-content\/uploads\/2021\/05\/155657848_m-16x12.jpg 16w\" sizes=\"(max-width: 1024px) 100vw, 1024px\" \/><figcaption class=\"wp-element-caption\">Vanilla  plantation in the Seychelles<\/figcaption><\/figure><\/div>\n\n\n<p><strong>Die einzigartige Tierwelt in der Luft, am Land und im Wasser<\/strong><\/p>\n\n\n\n<p>Der Artenreichtum der Tierwelt ist auf den Seychellen durch die Abgeschiedenheit einzigartig. Daher ist das wundersch\u00f6ne Inselarchipel ein Paradies f\u00fcr Ornithologen, Forscher und Naturliebhaber jeglicher Art. Es gibt allein 13 Vogelarten und 17 Unterarten, die nur hier zu finden sind. Ein besonderes Spektakel ist zu beobachten, wenn in den Sommermonaten gigantische Kolonien von Ru\u00dfseeschwalben und Feenseeschwalben auf \u201eBird Island\u201c br\u00fcten.<\/p>\n\n\n\n<p><\/p>\n\n\n\n<div class=\"wp-block-columns is-layout-flex wp-container-6 wp-block-columns-is-layout-flex\">\n<div class=\"wp-block-column is-layout-flow wp-block-column-is-layout-flow\" style=\"flex-basis:33.33%\">\n<p>Nur ein einziges S\u00e4ugetier war bereits vor dem Menschen auf den Seychellen beheimatet, dabei handelt es sich um den Seychellen-Flug Fuchs. Dieses pflanzenfressende Fledertier, das mit einer imposanten Fl\u00fcgelspannweite von bis zu 1 Meter, lautlos durch den Abendhimmel gleitet, erinnert zwar stark an Geschichten von Vampiren. Doch alles was sie verzehren sind leckere Fr\u00fcchte, die sie kopf\u00fcber h\u00e4ngend direkt von den B\u00e4umen naschen.<\/p>\n<\/div>\n\n\n\n<div class=\"wp-block-column is-layout-flow wp-block-column-is-layout-flow\" style=\"flex-basis:66.66%\"><div class=\"wp-block-image\">\n<figure class=\"aligncenter size-large is-resized\"><img decoding=\"async\" loading=\"lazy\" src=\"https:\/\/myseychellesparadise.com\/wp-content\/uploads\/2021\/05\/sey-flughund.jpg\" alt=\"\" class=\"wp-image-221\" width=\"400\" height=\"271\" srcset=\"https:\/\/myseychellesparadise.com\/wp-content\/uploads\/2021\/05\/sey-flughund.jpg 800w, https:\/\/myseychellesparadise.com\/wp-content\/uploads\/2021\/05\/sey-flughund-300x203.jpg 300w, https:\/\/myseychellesparadise.com\/wp-content\/uploads\/2021\/05\/sey-flughund-600x407.jpg 600w, https:\/\/myseychellesparadise.com\/wp-content\/uploads\/2021\/05\/sey-flughund-768x520.jpg 768w, https:\/\/myseychellesparadise.com\/wp-content\/uploads\/2021\/05\/sey-flughund-16x12.jpg 16w\" sizes=\"(max-width: 400px) 100vw, 400px\" \/><figcaption class=\"wp-element-caption\">Seychellen Flug Fuchs<\/figcaption><\/figure><\/div><\/div>\n<\/div>\n\n\n\n<p>Das beruhigende ist, das auf den Seychellen keinerlei giftige Tiere leben.&nbsp; Daf\u00fcr gibt es verschieden Arten von Eidechsen, kleine, sehr scheuen Schlangen und zahlreichen flink kletternde Geckos, die in den Abendstunden an W\u00e4nden und Decken auf Fliegen lauern.<\/p>\n\n\n\n<p>Auch die Insektenwelt ist einmalig, rund 65% von ihnen gibt es ausschlie\u00dflich auf diesen wundersch\u00f6nen Inseln.<\/p>\n\n\n\n<p>Das maritime Leben ist ein wahres Eldorado f\u00fcr Taucher, zum Schnorcheln und f\u00fcr Angler. Da der Fischfang mit Schleppnetzen verboten ist, blieb die Unterwasserwelt auch in den vergangenen Jahrzehnten weitestgehend erhalten. Man kann die gesamte Palette an tropischen Fischen bewundern, von verschiedenen Arten von Knochenfischen und Knorpelfischen, Clownfische, Dreistreifen-Tigerbarsche, Trompetenfische, Dreipunkt-Kaiserfische, Anglerfische, Breitstreifen-Scheinschnapper, den Red Snapper und viele mehr.<\/p>\n\n\n\n<p>Eine Besonderheit stellt der Schlammspringer dar, der sich gleich zwei Lebensr\u00e4ume zunutze macht. Sowohl im Wasser als auch am Land ist er zu finden. Dieser 5-10 cm gro\u00dfe amphibische Fisch, lebt vorzugsweise zwischen den Mangroven\u00e4sten oder an den Granitfelsen der K\u00fcsten. Ebenso f\u00fchlen sich Rochen, Wale, Delphine, Wei\u00dfspitzenhaie und Ammenhaie \u00e4u\u00dferst wohl vor den seychellischen Inseln.<\/p>\n\n\n\n<p>Eine besondere Erw\u00e4hnung verdienen jedoch die anmutigen Meeresschildkr\u00f6ten, deren Bestand zwar im Gegensatz zu fr\u00fchen Jahren, deutlich dezimiert wurde, die aber heute unter Naturschutz stehen. Das f\u00fchrt dazu das jedes Jahr mehr als 1000 Weibchen auf der Insel Aldabra landen, um ihre Eier abzulegen. Dieses traumhafte Inselatoll, ist im Indischen Ozean die wichtigste Eiablagestelle.<\/p>\n\n\n\n<p>Alle erw\u00e4hnten Tiere, begegnet ihnen nat\u00fcrlich nicht nur an ausgew\u00e4hlten Str\u00e4nden, sondern auch bei einer ganz normalen Schnorcheltour kommt es immer wieder zu einem Zusammentreffen mit Delphinen, Schildkr\u00f6ten und im Einzelfall auch mit Haien, die aber zumeist ohne gr\u00f6\u00dfere Vorkommnisse verlaufen.<\/p>\n\n\n\n<p><strong>Naturschutz<\/strong><\/p>\n\n\n\n<p>Wie in jedem anderen Land, wurde eine Zeit lang auch auf den Seychellen wenig auf den Schutz der nat\u00fcrlichen Ressourcen geachtet. Doch schnell entwickelte sich ein ausgepr\u00e4gtes Bewusstsein f\u00fcr diese unglaublichen Natursch\u00e4tze. Fehler der Vergangenheit, wurden durch verschiedene Ma\u00dfnahmen und mit gro\u00dfem Engagement korrigiert. Viele Bereiche der maritimen Welt stehen unter strengen Naturschutz, es wurden Nationalparks angelegt und die Inseln Aldabra, Cousin und Aride sind Vogelschutzgebiete, welche nur in Begleitung von bevollm\u00e4chtigten Wissenschaftlern betreten werden d\u00fcrfen. Aldabra, eines der gr\u00f6\u00dften Atolle der Welt und das Valle\u00e9 de Mai auf der Insel Praslin, sind als UNESCO Weltnaturerbe erfasst.<\/p>\n\n\n\n<p>Ein weiteres fabelhaftes Arrangement wurde mit einigen Privateigent\u00fcmern mancher kleineren Inseln geschlossen, wo einige sehr sch\u00f6ne und teure Luxusresorts entstanden sind. Ein gro\u00dfer Teil dieser Einnahmen flie\u00dft direkt in Naturschutzprojekte.<\/p>\n\n\n\n<p>Auch seitens der Regierung und der Medien wird viel unternommen, damit das Bewusstsein der einheimischen Bev\u00f6lkerung f\u00fcr ihre Natur w\u00e4chst. Aufkl\u00e4rungskampanien \u00fcber die Folgen unsachgem\u00e4\u00dfer Entsorgung von M\u00fcll und Elektroger\u00e4ten, sowie das Verbot eigenm\u00e4chtiger Abholzung von Palmen und B\u00e4umen, sind nur ein kleiner Teil der Ma\u00dfnahmen, die zu einer h\u00f6heren Sensibilit\u00e4t der Bev\u00f6lkerung f\u00fchren.<\/p>\n\n\n\n<p>Alles in allem sind die Seychellois auf einem sehr guten, fortschrittlichen Weg ihr wundervolles Paradies zu sch\u00fctzen und zu erhalten.<\/p>\n","protected":false},"excerpt":{"rendered":"<p>Die Seychellen, sind eines der wahren Paradiese dieser Erde, die nicht nur durch eine enorme Artenvielfalt bezaubern, sondern vor allem auch durch die multikulturellen und multiethnisches Seychellois, die eine herzliche Offenheit leben. Aufgrund der Abgeschiedenheit der Inseln und der weiten Entfernung zum Festland, entstand ein einzigartiges \u00d6kosystem, das sich v\u00f6llig<span class=\"more-link\"><a href=\"https:\/\/myseychellesparadise.com\/de_de\/seychellen\/\">Continue Reading<\/a><\/span><\/p>\n","protected":false},"author":1,"featured_media":0,"parent":0,"menu_order":0,"comment_status":"closed","ping_status":"closed","template":"","meta":{"footnotes":""},"_links":{"self":[{"href":"https:\/\/myseychellesparadise.com\/de_de\/wp-json\/wp\/v2\/pages\/17"}],"collection":[{"href":"https:\/\/myseychellesparadise.com\/de_de\/wp-json\/wp\/v2\/pages"}],"about":[{"href":"https:\/\/myseychellesparadise.com\/de_de\/wp-json\/wp\/v2\/types\/page"}],"author":[{"embeddable":true,"href":"https:\/\/myseychellesparadise.com\/de_de\/wp-json\/wp\/v2\/users\/1"}],"replies":[{"embeddable":true,"href":"https:\/\/myseychellesparadise.com\/de_de\/wp-json\/wp\/v2\/comments?post=17"}],"version-history":[{"count":28,"href":"https:\/\/myseychellesparadise.com\/de_de\/wp-json\/wp\/v2\/pages\/17\/revisions"}],"predecessor-version":[{"id":10496,"href":"https:\/\/myseychellesparadise.com\/de_de\/wp-json\/wp\/v2\/pages\/17\/revisions\/10496"}],"wp:attachment":[{"href":"https:\/\/myseychellesparadise.com\/de_de\/wp-json\/wp\/v2\/media?parent=17"}],"curies":[{"name":"wp","href":"https:\/\/api.w.org\/{rel}","templated":true}]}}