{"id":155,"date":"2021-05-11T14:31:53","date_gmt":"2021-05-11T10:31:53","guid":{"rendered":"https:\/\/myseychellesparadise.com\/?page_id=155"},"modified":"2021-05-11T14:37:39","modified_gmt":"2021-05-11T10:37:39","slug":"faq","status":"publish","type":"page","link":"https:\/\/myseychellesparadise.com\/de_de\/faq\/","title":{"rendered":"FAQ"},"content":{"rendered":"\n<p><strong>Wir beantworten einige der h\u00e4ufigsten Fragen zu unserer Farm im Paradies. Wenn Sie dar\u00fcber hinaus Fragen haben, freuen wir uns auf Ihre Nachricht. <a href=\"https:\/\/myseychellesparadise.com\/about-us\/\" data-type=\"page\" data-id=\"21\">KONTAKT<\/a><\/strong><\/p>\n\n\n\n<h2 class=\"wp-block-heading\">Wo liegen die Seychellen?<\/h2>\n\n\n\n<p>Die Seychellen geh\u00f6ren topografisch zu Afrika. Sie liegen auf dem n\u00f6rdlichen und westlichen Teil des Maskarenenr\u00fcckens, einer untermeerischen Schwelle im westlichen Teil des Indischen Ozeans. S\u00fcdlich der Seychellen liegen vor der ostafrikanischen K\u00fcste die Inselstaaten Madagaskar, Mauritius und die Komoren<\/p>\n\n\n\n<h2 class=\"wp-block-heading\">Wie gro\u00df ist die Treasure Farm?<\/h2>\n\n\n\n<p>Die Farm hat eine Gesamtfl\u00e4che von etwa 200 acre, also ca. 0,8 Quadtratkilometer. Sie liegt in den Bergen, das Gel\u00e4nde ist leicht absch\u00fcssig. Jonathan hat in m\u00fchevoller, langer Arbeit alle kleinen Felder und Beete terrassenf\u00f6rmig angelegt, so das die pure Fl\u00e4che entsprechend etwas h\u00f6her ist.  Ihr Mitbesitz erstreckt sich \u00fcber die gesamte Fl\u00e4che.<\/p>\n\n\n\n<h2 class=\"wp-block-heading\">Darf ich &#8222;meine&#8220; Farm besuchen?<\/h2>\n\n\n\n<p>Sie sind jederzeit ganz herzlich eingeladen, auf Ihrer Farm einen Tag zu verbringen. Gerne stellen wir den direkten Kontakt f\u00fcr Sie her und organisieren f\u00fcr Sie die Abholung durch unseren Freund Jocky, der Sie auch abends wieder zur\u00fcck bringt.<\/p>\n\n\n\n<h2 class=\"wp-block-heading\">Kommen weitere Kosten auf mich zu?<\/h2>\n\n\n\n<p>Nein, definitiv nicht. Es handelt sich um ein privates agreement und mit dem Kauf Ihres Anteils bei uns ist alles bezahlt. Es kommen jetzt und auch in Zukunft keinerlei weitere Kosten auf Sie zu.<\/p>\n\n\n\n<h2 class=\"wp-block-heading\">Was darf ich mit der Farm alles machen?<\/h2>\n\n\n\n<p>Bitte verstehen Sie es mehr als einen symbolischen Mitbesitz. Alle Rechte bleiben nat\u00fcrlich bei Jonathan und er k\u00fcmmert sich um die Farm und die Pflanzen. Es spricht nichts dagegen,  im Garten zu zelten, aber bitte planen Sie nicht den Bau eines Hauses.<\/p>\n\n\n\n<h2 class=\"wp-block-heading\">Wie lange dauert der Versand der Urkunden?<\/h2>\n\n\n\n<p>Ihr Zertifikat wird in Deutschland hergestellt und von dort auch versandt. Wir versenden per Luftpost innerhalb von weniger als 24 Stunden. Bereits kurz nach Ihrer Bestellung erhalten Sie einen Download Link, der sowohl Ihr personalisiertes Zertifikat enth\u00e4lt, als auch die Brosch\u00fcre mit allen Infos zu den Seychellen und der Farm.<\/p>\n\n\n\n<hr class=\"wp-block-separator has-text-color has-background has-vivid-green-cyan-background-color has-vivid-green-cyan-color\"\/>\n\n\n\n<div class=\"wp-block-image\"><figure class=\"aligncenter size-large\"><img decoding=\"async\" loading=\"lazy\" width=\"1024\" height=\"683\" src=\"https:\/\/myseychellesparadise.com\/wp-content\/uploads\/2021\/05\/21156639_m-1024x683.jpg\" alt=\"Seychelles Piece of Paradise\" class=\"wp-image-101\" srcset=\"https:\/\/myseychellesparadise.com\/wp-content\/uploads\/2021\/05\/21156639_m-1024x683.jpg 1024w, https:\/\/myseychellesparadise.com\/wp-content\/uploads\/2021\/05\/21156639_m-300x200.jpg 300w, https:\/\/myseychellesparadise.com\/wp-content\/uploads\/2021\/05\/21156639_m-600x400.jpg 600w, https:\/\/myseychellesparadise.com\/wp-content\/uploads\/2021\/05\/21156639_m-768x512.jpg 768w, https:\/\/myseychellesparadise.com\/wp-content\/uploads\/2021\/05\/21156639_m-1536x1024.jpg 1536w, https:\/\/myseychellesparadise.com\/wp-content\/uploads\/2021\/05\/21156639_m-2048x1365.jpg 2048w, https:\/\/myseychellesparadise.com\/wp-content\/uploads\/2021\/05\/21156639_m-16x12.jpg 16w\" sizes=\"(max-width: 1024px) 100vw, 1024px\" \/><\/figure><\/div>\n","protected":false},"excerpt":{"rendered":"<p>Wir beantworten einige der h\u00e4ufigsten Fragen zu unserer Farm im Paradies. Wenn Sie dar\u00fcber hinaus Fragen haben, freuen wir uns auf Ihre Nachricht. KONTAKT Wo liegen die Seychellen? Die Seychellen geh\u00f6ren topografisch zu Afrika. Sie liegen auf dem n\u00f6rdlichen und westlichen Teil des Maskarenenr\u00fcckens, einer untermeerischen Schwelle im westlichen Teil<span class=\"more-link\"><a href=\"https:\/\/myseychellesparadise.com\/de_de\/faq\/\">Continue Reading<\/a><\/span><\/p>\n","protected":false},"author":1,"featured_media":0,"parent":0,"menu_order":0,"comment_status":"closed","ping_status":"closed","template":"","meta":{"footnotes":""},"_links":{"self":[{"href":"https:\/\/myseychellesparadise.com\/de_de\/wp-json\/wp\/v2\/pages\/155"}],"collection":[{"href":"https:\/\/myseychellesparadise.com\/de_de\/wp-json\/wp\/v2\/pages"}],"about":[{"href":"https:\/\/myseychellesparadise.com\/de_de\/wp-json\/wp\/v2\/types\/page"}],"author":[{"embeddable":true,"href":"https:\/\/myseychellesparadise.com\/de_de\/wp-json\/wp\/v2\/users\/1"}],"replies":[{"embeddable":true,"href":"https:\/\/myseychellesparadise.com\/de_de\/wp-json\/wp\/v2\/comments?post=155"}],"version-history":[{"count":4,"href":"https:\/\/myseychellesparadise.com\/de_de\/wp-json\/wp\/v2\/pages\/155\/revisions"}],"predecessor-version":[{"id":161,"href":"https:\/\/myseychellesparadise.com\/de_de\/wp-json\/wp\/v2\/pages\/155\/revisions\/161"}],"wp:attachment":[{"href":"https:\/\/myseychellesparadise.com\/de_de\/wp-json\/wp\/v2\/media?parent=155"}],"curies":[{"name":"wp","href":"https:\/\/api.w.org\/{rel}","templated":true}]}}