{"id":10291,"date":"2023-04-19T10:34:04","date_gmt":"2023-04-19T06:34:04","guid":{"rendered":"https:\/\/myseychellesparadise.com\/?page_id=10291"},"modified":"2023-04-19T10:34:04","modified_gmt":"2023-04-19T06:34:04","slug":"lord-titel","status":"publish","type":"page","link":"https:\/\/myseychellesparadise.com\/de_de\/lord-titel\/","title":{"rendered":"Lord Titel"},"content":{"rendered":"\n<p>Bei diesem Adelstitel handelt es sich um ein Aristonym, an dem Sie viel Spa\u00df haben werden. Beeindrucken Sie Ihre Mitmenschen, indem Sie die Ernennungsurkunde gut sichtbar in Ihrem Wohnzimmer oder im B\u00fcro platzieren. Umgeben Sie sich mit adligen Insignien wie einem mit Ihrem Wappen und Titel bedruckten Kaffeebecher oder Kissen. Genie\u00dfen Sie es, Ihren neuen Adelstitel als Namenszusatz auf Ihren Visitenkarten und Briefb\u00f6gen zu f\u00fchren und stellen Sie fest, wie respektvoll Sie als <strong>Lord und Lady of Anse Boileau<\/strong> pl\u00f6tzlich im Restaurant behandelt werden, wenn Sie reservieren.<\/p>\n\n\n\n<p><strong>Wie trage ich meinen Adelstitel?<\/strong><\/p>\n\n\n\n<p>Sie k\u00f6nnen den Titel so tragen, wie Sie es gerne m\u00f6chten.<\/p>\n\n\n\n<p><strong>Hier einige Beispiele:<\/strong><\/p>\n\n\n\n<ul>\n<li>Max Smith, &nbsp;Lord of Anse Boileau<\/li>\n\n\n\n<li>Lord Max of Anse Boileau<\/li>\n\n\n\n<li>Lord Max Smith of Anse Boileau<\/li>\n<\/ul>\n\n\n\n<p>Tragen Sie den Titel auf Visitenkarten, auf Briefb\u00f6gen oder zum Reservieren eines Tisches im Restaurant oder eines Zimmers im Hotels. Sie k\u00f6nnen ihn v\u00f6llig frei und in nahezu allen Lebenslagen verwenden. Auch k\u00f6nnen Sie \u00f6ffentlich unter dem Namen auftreten und sogar Vertr\u00e4ge unterschreiben.&nbsp;<\/p>\n\n\n\n<p>Im englischen Sprachraum kann jeder seinen Namen selbst w\u00e4hlen, \u00e4ndern und f\u00fchren. Man w\u00e4hlt den Namen einfach selbst, erstellt sich selbst ein deed poll und geht damit zu Banken, Vertragspartnern usw. und kann alle Konto- und Kreditkarten, seinen (englischen) Reisepass und seine Vereinsmitgliedschaften umschreiben lassen.<\/p>\n\n\n\n<p>Ein Deed poll, oder genauer Deed of change of name, ist ein zum Nachweis einer Namens\u00e4nderung in einigen L\u00e4ndern gebr\u00e4uchliches Dokument, das nicht von offizieller Stelle ausgegeben wird, sondern, sofern es den formellen Anforderungen eines Deed gen\u00fcgt, von dem Namens\u00e4ndernden selbst ausgef\u00fchrt werden kann. Das englische Namensrecht, das auf dem Common Law fu\u00dft, unterliegt keinen besonderen \u00f6ffentlich-rechtlichen Beschr\u00e4nkungen. <\/p>\n\n\n\n<p>Es gibt im englischen Recht keinen b\u00fcrgerlichen Namen im engeren Sinne; legal name ist der Name, der im Rechtsverkehr von einer Person tats\u00e4chlich benutzt wird. Dieser Person steht es frei, nach eigenem Willen den Namen zu \u00e4ndern, wobei sie mit der Ausnahme, keine betr\u00fcgerische Absicht mit der Namens\u00e4nderung zu verfolgen, keinen normativen oder inhaltlichen Beschr\u00e4nkungen unterliegt. Allerdings m\u00fcssen Sie dazu ein Einwohner dieses Sprachraumes werden (sein) und die Namens\u00e4nderung wird in Deutschland leider nicht anerkannt. Aber immerhin auf einem sehr gro\u00dfen Teil der Welt. Ein interessanter Artikel dazu hat Wikipedia:&nbsp;<a rel=\"noreferrer noopener\" href=\"https:\/\/en.wikipedia.org\/wiki\/Deed_poll\" target=\"_blank\">deed poll<\/a><\/p>\n\n\n\n<h2 class=\"wp-block-heading\">Ihr eigenes Wappen<\/h2>\n\n\n\n<p><strong>Zu Ihrem Adelstitel erhalten Sie von uns ein (Adels-) Familienwappen, das von uns nur f\u00fcr diesen Adelstitel entworfen wurde.<\/strong><\/p>\n\n\n\n<p>Als Familienwappen werden allgemein Wappen bezeichnet, die von Familien und Personen gef\u00fchrt werden. Familienwappen werden nach Gewohnheitsrecht an direkte m\u00e4nnliche und weibliche Nachkommen mit deren Geburt weitergegeben und k\u00f6nnen solange gef\u00fchrt werden, solange der Name des Wappenstifters beibehalten wird. Das Wappenrecht ist ein gewohnheitsrechtliches Institut des Privatrechts, das somit jedermann zusteht. <\/p>\n\n\n\n<p>Ein Wappen genie\u00dft in seiner k\u00fcnstlerischen Gestaltung grunds\u00e4tzlich den Schutz des Urheberrechts. Ein Wappen ist ein schildf\u00f6rmiges Zeichen, angelehnt an den Schild als Schutzwaffe des Mittelalters. Es kann als Hoheitszeichen f\u00fcr einen Staat, ein Land oder eine Stadt stehen oder symbolisch die Bedeutung einer Dynastie, einer Familie oder einer Person repr\u00e4sentieren und legitimieren. Familienwappen, die eine Nobilitierung (Erhebung in den Adelsstand) belegen, sind erblich. Wappen wurden urspr\u00fcnglich in stilisierender Darstellung und meist mehrfarbiger Gestaltung nach vorgegebener Kodifizierung gestaltet, basierend auf den Vorgaben der \u00fcberlieferten Heraldik. Heute werden Wappen meist in freier und formal sehr reduzierter Formensprache gearbeitet.<\/p>\n\n\n\n<p>Das Wappen war urspr\u00fcnglich ein Abzeichen auf einem Schild. Wappen sind in ihrer klassischen, mittelalterlichen Form in der ersten H\u00e4lfte des 12. Jahrhunderts, der Zeit der Kreuzz\u00fcge entstanden \u2013 also unter anderem im Zusammenhang mit dem Auftreten gro\u00dfer Ritterheere. Mit dem Aufkommen von immer schwereren und geschlossenen R\u00fcstungen waren Freund und Feind in der Schlacht nicht mehr erkennbar, sodass das Wappen als Identifikationshilfe diente. Wie mittelalterliche Darstellungen zeigen, war das gerade bei der Reiterei der Fall. Besonders geeignet zur Anbringung des Wappens waren Schild und Helm. Sie wurden deshalb die symboltragenden Elemente der Wappen.<\/p>\n","protected":false},"excerpt":{"rendered":"<p>Bei diesem Adelstitel handelt es sich um ein Aristonym, an dem Sie viel Spa\u00df haben werden. Beeindrucken Sie Ihre Mitmenschen, indem Sie die Ernennungsurkunde gut sichtbar in Ihrem Wohnzimmer oder im B\u00fcro platzieren. Umgeben Sie sich mit adligen Insignien wie einem mit Ihrem Wappen und Titel bedruckten Kaffeebecher oder Kissen.<span class=\"more-link\"><a href=\"https:\/\/myseychellesparadise.com\/de_de\/lord-titel\/\">Continue Reading<\/a><\/span><\/p>\n","protected":false},"author":1,"featured_media":0,"parent":0,"menu_order":0,"comment_status":"closed","ping_status":"closed","template":"","meta":{"footnotes":""},"_links":{"self":[{"href":"https:\/\/myseychellesparadise.com\/de_de\/wp-json\/wp\/v2\/pages\/10291"}],"collection":[{"href":"https:\/\/myseychellesparadise.com\/de_de\/wp-json\/wp\/v2\/pages"}],"about":[{"href":"https:\/\/myseychellesparadise.com\/de_de\/wp-json\/wp\/v2\/types\/page"}],"author":[{"embeddable":true,"href":"https:\/\/myseychellesparadise.com\/de_de\/wp-json\/wp\/v2\/users\/1"}],"replies":[{"embeddable":true,"href":"https:\/\/myseychellesparadise.com\/de_de\/wp-json\/wp\/v2\/comments?post=10291"}],"version-history":[{"count":4,"href":"https:\/\/myseychellesparadise.com\/de_de\/wp-json\/wp\/v2\/pages\/10291\/revisions"}],"predecessor-version":[{"id":10495,"href":"https:\/\/myseychellesparadise.com\/de_de\/wp-json\/wp\/v2\/pages\/10291\/revisions\/10495"}],"wp:attachment":[{"href":"https:\/\/myseychellesparadise.com\/de_de\/wp-json\/wp\/v2\/media?parent=10291"}],"curies":[{"name":"wp","href":"https:\/\/api.w.org\/{rel}","templated":true}]}}